{"id":754,"date":"2024-03-04T13:58:19","date_gmt":"2024-03-04T13:58:19","guid":{"rendered":"https:\/\/samso.eco\/home\/"},"modified":"2025-04-21T18:48:44","modified_gmt":"2025-04-21T18:48:44","slug":"home","status":"publish","type":"page","link":"https:\/\/samso.eco\/en\/home\/","title":{"rendered":"H\u00d8ME"},"content":{"rendered":"\t\t<div data-elementor-type=\"wp-page\" data-elementor-id=\"754\" class=\"elementor elementor-754 elementor-14\" data-elementor-post-type=\"page\">\n\t\t\t\t<div class=\"elementor-element elementor-element-41224f8 e-con-full e-flex e-con e-parent\" data-id=\"41224f8\" data-element_type=\"container\" data-e-type=\"container\" data-settings=\"{&quot;background_background&quot;:&quot;slideshow&quot;,&quot;background_slideshow_gallery&quot;:[{&quot;id&quot;:19,&quot;url&quot;:&quot;https:\\\/\\\/samso.eco\\\/wp-content\\\/uploads\\\/2024\\\/03\\\/Fondo-Portada_v1.jpg&quot;},{&quot;id&quot;:20,&quot;url&quot;:&quot;https:\\\/\\\/samso.eco\\\/wp-content\\\/uploads\\\/2024\\\/03\\\/Fondo-Portada_v2.jpg&quot;},{&quot;id&quot;:21,&quot;url&quot;:&quot;https:\\\/\\\/samso.eco\\\/wp-content\\\/uploads\\\/2024\\\/03\\\/Fondo-Portada_v3.jpg&quot;}],&quot;background_slideshow_slide_duration&quot;:8000,&quot;background_slideshow_loop&quot;:&quot;yes&quot;,&quot;background_slideshow_slide_transition&quot;:&quot;fade&quot;,&quot;background_slideshow_transition_duration&quot;:500}\">\n\t\t<div class=\"elementor-element elementor-element-d3ca473 e-flex e-con-boxed e-con e-child\" data-id=\"d3ca473\" data-element_type=\"container\" data-e-type=\"container\">\n\t\t\t\t\t<div class=\"e-con-inner\">\n\t\t\t\t<div class=\"elementor-element elementor-element-3c48260 elementor-invisible elementor-widget elementor-widget-text-editor\" data-id=\"3c48260\" data-element_type=\"widget\" data-e-type=\"widget\" data-settings=\"{&quot;_animation&quot;:&quot;fadeInUp&quot;}\" data-widget_type=\"text-editor.default\">\n\t\t\t\t<div class=\"elementor-widget-container\">\n\t\t\t\t\t\t\t\t\t<p>We accompany you on the path<br>towards zer\u00f8 emissions,<br>making the energy and<br>environmental transition an opportunity.<\/p>\t\t\t\t\t\t\t\t<\/div>\n\t\t\t\t<\/div>\n\t\t\t\t\t<\/div>\n\t\t\t\t<\/div>\n\t\t<div class=\"elementor-element elementor-element-024e626 e-flex e-con-boxed e-con e-child\" data-id=\"024e626\" data-element_type=\"container\" data-e-type=\"container\">\n\t\t\t\t\t<div class=\"e-con-inner\">\n\t\t\t\t<div class=\"elementor-element elementor-element-1004ce9 elementor-widget elementor-widget-image\" data-id=\"1004ce9\" data-element_type=\"widget\" data-e-type=\"widget\" data-widget_type=\"image.default\">\n\t\t\t\t<div class=\"elementor-widget-container\">\n\t\t\t\t\t\t\t\t\t\t\t\t\t\t\t<img fetchpriority=\"high\" decoding=\"async\" width=\"1080\" height=\"1080\" src=\"https:\/\/samso.eco\/wp-content\/uploads\/2024\/03\/Logo-Samso_Blanco.gif\" class=\"attachment-full size-full wp-image-611\" alt=\"\" \/>\t\t\t\t\t\t\t\t\t\t\t\t\t\t\t<\/div>\n\t\t\t\t<\/div>\n\t\t\t\t\t<\/div>\n\t\t\t\t<\/div>\n\t\t\t\t<\/div>\n\t\t<div class=\"elementor-element elementor-element-45eecae e-flex e-con-boxed e-con e-parent\" data-id=\"45eecae\" data-element_type=\"container\" data-e-type=\"container\" data-settings=\"{&quot;background_background&quot;:&quot;classic&quot;}\">\n\t\t\t\t\t<div class=\"e-con-inner\">\n\t\t<div class=\"elementor-element elementor-element-744fd2c e-con-full animated-slow e-flex elementor-invisible e-con e-child\" data-id=\"744fd2c\" data-element_type=\"container\" data-e-type=\"container\" data-settings=\"{&quot;animation&quot;:&quot;fadeInLeft&quot;}\">\n\t\t\t\t<div class=\"elementor-element elementor-element-01032e4 elementor-widget elementor-widget-image\" data-id=\"01032e4\" data-element_type=\"widget\" data-e-type=\"widget\" data-widget_type=\"image.default\">\n\t\t\t\t<div class=\"elementor-widget-container\">\n\t\t\t\t\t\t\t\t\t\t\t\t\t\t\t<img decoding=\"async\" width=\"496\" height=\"145\" src=\"https:\/\/samso.eco\/wp-content\/uploads\/2024\/03\/logo-samso-verde.png\" class=\"attachment-full size-full wp-image-615\" alt=\"\" srcset=\"https:\/\/samso.eco\/wp-content\/uploads\/2024\/03\/logo-samso-verde.png 496w, https:\/\/samso.eco\/wp-content\/uploads\/2024\/03\/logo-samso-verde-300x88.png 300w, https:\/\/samso.eco\/wp-content\/uploads\/2024\/03\/logo-samso-verde-150x44.png 150w\" sizes=\"(max-width: 496px) 100vw, 496px\" \/>\t\t\t\t\t\t\t\t\t\t\t\t\t\t\t<\/div>\n\t\t\t\t<\/div>\n\t\t\t\t<div class=\"elementor-element elementor-element-2728504 elementor-widget elementor-widget-text-editor\" data-id=\"2728504\" data-element_type=\"widget\" data-e-type=\"widget\" data-widget_type=\"text-editor.default\">\n\t\t\t\t<div class=\"elementor-widget-container\">\n\t\t\t\t\t\t\t\t\t<p>Sams\u00f8 is the example of a Danish island, and much more. A model that combines renewables, environment and return to its people. It is the balance between idealism and pragmatism, between utopia and reality, between energy and territory.<\/p>\t\t\t\t\t\t\t\t<\/div>\n\t\t\t\t<\/div>\n\t\t\t\t<div class=\"elementor-element elementor-element-0fa3ebd elementor-widget elementor-widget-button\" data-id=\"0fa3ebd\" data-element_type=\"widget\" data-e-type=\"widget\" data-widget_type=\"button.default\">\n\t\t\t\t<div class=\"elementor-widget-container\">\n\t\t\t\t\t\t\t\t\t<div class=\"elementor-button-wrapper\">\n\t\t\t\t\t<a class=\"elementor-button elementor-button-link elementor-size-sm\" href=\"https:\/\/samso.eco\/en\/samso-2\/\">\n\t\t\t\t\t\t<span class=\"elementor-button-content-wrapper\">\n\t\t\t\t\t\t\t\t\t<span class=\"elementor-button-text\">\u00bfWHY SAMS\u00d8?<\/span>\n\t\t\t\t\t<\/span>\n\t\t\t\t\t<\/a>\n\t\t\t\t<\/div>\n\t\t\t\t\t\t\t\t<\/div>\n\t\t\t\t<\/div>\n\t\t\t\t<\/div>\n\t\t<div class=\"elementor-element elementor-element-b1f52e2 animated-slow e-flex e-con-boxed elementor-invisible e-con e-child\" data-id=\"b1f52e2\" data-element_type=\"container\" data-e-type=\"container\" data-settings=\"{&quot;animation&quot;:&quot;fadeInRight&quot;}\">\n\t\t\t\t\t<div class=\"e-con-inner\">\n\t\t\t\t<div class=\"elementor-element elementor-element-e270fd1 elementor-widget elementor-widget-image\" data-id=\"e270fd1\" data-element_type=\"widget\" data-e-type=\"widget\" data-widget_type=\"image.default\">\n\t\t\t\t<div class=\"elementor-widget-container\">\n\t\t\t\t\t\t\t\t\t\t\t\t\t\t\t<img decoding=\"async\" width=\"1080\" height=\"1080\" src=\"https:\/\/samso.eco\/wp-content\/uploads\/2024\/03\/simbol.gif\" class=\"attachment-full size-full wp-image-617\" alt=\"\" \/>\t\t\t\t\t\t\t\t\t\t\t\t\t\t\t<\/div>\n\t\t\t\t<\/div>\n\t\t\t\t\t<\/div>\n\t\t\t\t<\/div>\n\t\t\t\t\t<\/div>\n\t\t\t\t<\/div>\n\t\t<div class=\"elementor-element elementor-element-0f1546f e-flex e-con-boxed e-con e-parent\" data-id=\"0f1546f\" data-element_type=\"container\" data-e-type=\"container\" data-settings=\"{&quot;background_background&quot;:&quot;classic&quot;}\">\n\t\t\t\t\t<div class=\"e-con-inner\">\n\t\t<div class=\"elementor-element elementor-element-679ecbb e-flex e-con-boxed elementor-invisible e-con e-child\" data-id=\"679ecbb\" data-element_type=\"container\" data-e-type=\"container\" data-settings=\"{&quot;animation&quot;:&quot;fadeInLeft&quot;}\">\n\t\t\t\t\t<div class=\"e-con-inner\">\n\t\t\t\t<div class=\"elementor-element elementor-element-65505bc elementor-widget elementor-widget-image\" data-id=\"65505bc\" data-element_type=\"widget\" data-e-type=\"widget\" data-widget_type=\"image.default\">\n\t\t\t\t<div class=\"elementor-widget-container\">\n\t\t\t\t\t\t\t\t\t\t\t\t\t\t\t<img loading=\"lazy\" decoding=\"async\" width=\"500\" height=\"521\" src=\"https:\/\/samso.eco\/wp-content\/uploads\/2024\/03\/Somos-Portada.jpg\" class=\"attachment-large size-large wp-image-621\" alt=\"\" srcset=\"https:\/\/samso.eco\/wp-content\/uploads\/2024\/03\/Somos-Portada.jpg 500w, https:\/\/samso.eco\/wp-content\/uploads\/2024\/03\/Somos-Portada-288x300.jpg 288w, https:\/\/samso.eco\/wp-content\/uploads\/2024\/03\/Somos-Portada-144x150.jpg 144w\" sizes=\"(max-width: 500px) 100vw, 500px\" \/>\t\t\t\t\t\t\t\t\t\t\t\t\t\t\t<\/div>\n\t\t\t\t<\/div>\n\t\t\t\t\t<\/div>\n\t\t\t\t<\/div>\n\t\t<div class=\"elementor-element elementor-element-0a1a537 e-con-full e-flex elementor-invisible e-con e-child\" data-id=\"0a1a537\" data-element_type=\"container\" data-e-type=\"container\" data-settings=\"{&quot;animation&quot;:&quot;fadeInRight&quot;}\">\n\t\t\t\t<div class=\"elementor-element elementor-element-a4f2d64 elementor-widget elementor-widget-heading\" data-id=\"a4f2d64\" data-element_type=\"widget\" data-e-type=\"widget\" data-widget_type=\"heading.default\">\n\t\t\t\t<div class=\"elementor-widget-container\">\n\t\t\t\t\t<h2 class=\"elementor-heading-title elementor-size-default\">We are<\/h2>\t\t\t\t<\/div>\n\t\t\t\t<\/div>\n\t\t\t\t<div class=\"elementor-element elementor-element-598e7f1 elementor-widget elementor-widget-text-editor\" data-id=\"598e7f1\" data-element_type=\"widget\" data-e-type=\"widget\" data-widget_type=\"text-editor.default\">\n\t\t\t\t<div class=\"elementor-widget-container\">\n\t\t\t\t\t\t\t\t\t<div class=\"page\" title=\"Page 1\"><div class=\"section\"><div class=\"layoutArea\"><div class=\"column\"><p>A consultancy specialised in energy regulation with multidisciplinary vocation.<\/p><\/div><\/div><\/div><\/div>\t\t\t\t\t\t\t\t<\/div>\n\t\t\t\t<\/div>\n\t\t\t\t<div class=\"elementor-element elementor-element-e062a2c elementor-widget elementor-widget-button\" data-id=\"e062a2c\" data-element_type=\"widget\" data-e-type=\"widget\" data-widget_type=\"button.default\">\n\t\t\t\t<div class=\"elementor-widget-container\">\n\t\t\t\t\t\t\t\t\t<div class=\"elementor-button-wrapper\">\n\t\t\t\t\t<a class=\"elementor-button elementor-button-link elementor-size-sm\" href=\"https:\/\/samso.eco\/en\/who-we-are-2\/\">\n\t\t\t\t\t\t<span class=\"elementor-button-content-wrapper\">\n\t\t\t\t\t\t\t\t\t<span class=\"elementor-button-text\">GET TO KNOW US<\/span>\n\t\t\t\t\t<\/span>\n\t\t\t\t\t<\/a>\n\t\t\t\t<\/div>\n\t\t\t\t\t\t\t\t<\/div>\n\t\t\t\t<\/div>\n\t\t\t\t<\/div>\n\t\t\t\t\t<\/div>\n\t\t\t\t<\/div>\n\t\t<div class=\"elementor-element elementor-element-1717e83 e-flex e-con-boxed e-con e-parent\" data-id=\"1717e83\" data-element_type=\"container\" data-e-type=\"container\" data-settings=\"{&quot;background_background&quot;:&quot;classic&quot;}\">\n\t\t\t\t\t<div class=\"e-con-inner\">\n\t\t<div class=\"elementor-element elementor-element-e489e2e e-con-full e-flex e-con e-child\" data-id=\"e489e2e\" data-element_type=\"container\" data-e-type=\"container\">\n\t\t\t\t<div class=\"elementor-element elementor-element-44cdd75 elementor-widget elementor-widget-heading\" data-id=\"44cdd75\" data-element_type=\"widget\" data-e-type=\"widget\" data-widget_type=\"heading.default\">\n\t\t\t\t<div class=\"elementor-widget-container\">\n\t\t\t\t\t<h2 class=\"elementor-heading-title elementor-size-default\">We offer<\/h2>\t\t\t\t<\/div>\n\t\t\t\t<\/div>\n\t\t\t\t<div class=\"elementor-element elementor-element-43e807c elementor-widget elementor-widget-text-editor\" data-id=\"43e807c\" data-element_type=\"widget\" data-e-type=\"widget\" data-widget_type=\"text-editor.default\">\n\t\t\t\t<div class=\"elementor-widget-container\">\n\t\t\t\t\t\t\t\t\t<p>To build with you a sustainable, zero-emission future, in balance with the territory and its people.<\/p>\t\t\t\t\t\t\t\t<\/div>\n\t\t\t\t<\/div>\n\t\t\t\t<div class=\"elementor-element elementor-element-0f4a201 elementor-widget elementor-widget-button\" data-id=\"0f4a201\" data-element_type=\"widget\" data-e-type=\"widget\" data-widget_type=\"button.default\">\n\t\t\t\t<div class=\"elementor-widget-container\">\n\t\t\t\t\t\t\t\t\t<div class=\"elementor-button-wrapper\">\n\t\t\t\t\t<a class=\"elementor-button elementor-button-link elementor-size-sm\" href=\"https:\/\/samso.eco\/en\/services-2\/\">\n\t\t\t\t\t\t<span class=\"elementor-button-content-wrapper\">\n\t\t\t\t\t\t\t\t\t<span class=\"elementor-button-text\">OUR SERVICES<\/span>\n\t\t\t\t\t<\/span>\n\t\t\t\t\t<\/a>\n\t\t\t\t<\/div>\n\t\t\t\t\t\t\t\t<\/div>\n\t\t\t\t<\/div>\n\t\t\t\t<\/div>\n\t\t\t\t\t<\/div>\n\t\t\t\t<\/div>\n\t\t<div class=\"elementor-element elementor-element-110b364 e-flex e-con-boxed e-con e-parent\" data-id=\"110b364\" data-element_type=\"container\" data-e-type=\"container\" data-settings=\"{&quot;background_background&quot;:&quot;classic&quot;}\">\n\t\t\t\t\t<div class=\"e-con-inner\">\n\t\t\t\t<div class=\"elementor-element elementor-element-833a34c elementor-widget elementor-widget-heading\" data-id=\"833a34c\" data-element_type=\"widget\" data-e-type=\"widget\" data-widget_type=\"heading.default\">\n\t\t\t\t<div class=\"elementor-widget-container\">\n\t\t\t\t\t<h2 class=\"elementor-heading-title elementor-size-default\">We address ourselves to\u2026<\/h2>\t\t\t\t<\/div>\n\t\t\t\t<\/div>\n\t\t<div class=\"elementor-element elementor-element-77da646 e-flex e-con-boxed e-con e-child\" data-id=\"77da646\" data-element_type=\"container\" data-e-type=\"container\">\n\t\t\t\t\t<div class=\"e-con-inner\">\n\t\t<div class=\"elementor-element elementor-element-0854b0a e-flex e-con-boxed e-con e-child\" data-id=\"0854b0a\" data-element_type=\"container\" data-e-type=\"container\">\n\t\t\t\t\t<div class=\"e-con-inner\">\n\t\t\t\t<div class=\"elementor-element elementor-element-453293a elementor-position-top elementor-position-top elementor-invisible elementor-widget elementor-widget-image-box\" data-id=\"453293a\" data-element_type=\"widget\" data-e-type=\"widget\" data-settings=\"{&quot;_animation&quot;:&quot;fadeInUp&quot;}\" data-widget_type=\"image-box.default\">\n\t\t\t\t<div class=\"elementor-widget-container\">\n\t\t\t\t\t<div class=\"elementor-image-box-wrapper\"><figure class=\"elementor-image-box-img\"><a href=\"https:\/\/samso.eco\/en\/services-2\/#servicios\" tabindex=\"-1\"><img loading=\"lazy\" decoding=\"async\" width=\"300\" height=\"300\" src=\"https:\/\/samso.eco\/wp-content\/uploads\/2024\/03\/comunidades.png\" class=\"attachment-full size-full wp-image-77\" alt=\"\" srcset=\"https:\/\/samso.eco\/wp-content\/uploads\/2024\/03\/comunidades.png 300w, https:\/\/samso.eco\/wp-content\/uploads\/2024\/03\/comunidades-150x150.png 150w\" sizes=\"(max-width: 300px) 100vw, 300px\" \/><\/a><\/figure><div class=\"elementor-image-box-content\"><h3 class=\"elementor-image-box-title\"><a href=\"https:\/\/samso.eco\/en\/services-2\/#servicios\">ENERGY COMMUNITIES<\/a><\/h3><\/div><\/div>\t\t\t\t<\/div>\n\t\t\t\t<\/div>\n\t\t\t\t\t<\/div>\n\t\t\t\t<\/div>\n\t\t<div class=\"elementor-element elementor-element-946ea78 e-flex e-con-boxed e-con e-child\" data-id=\"946ea78\" data-element_type=\"container\" data-e-type=\"container\">\n\t\t\t\t\t<div class=\"e-con-inner\">\n\t\t\t\t<div class=\"elementor-element elementor-element-b1418ad elementor-position-top elementor-position-top elementor-invisible elementor-widget elementor-widget-image-box\" data-id=\"b1418ad\" data-element_type=\"widget\" data-e-type=\"widget\" data-settings=\"{&quot;_animation&quot;:&quot;fadeInUp&quot;,&quot;_animation_delay&quot;:200}\" data-widget_type=\"image-box.default\">\n\t\t\t\t<div class=\"elementor-widget-container\">\n\t\t\t\t\t<div class=\"elementor-image-box-wrapper\"><figure class=\"elementor-image-box-img\"><a href=\"https:\/\/samso.eco\/en\/services-2\/#servicios\" tabindex=\"-1\"><img loading=\"lazy\" decoding=\"async\" width=\"600\" height=\"600\" src=\"https:\/\/samso.eco\/wp-content\/uploads\/2024\/03\/administracion.png\" class=\"attachment-full size-full wp-image-79\" alt=\"\" srcset=\"https:\/\/samso.eco\/wp-content\/uploads\/2024\/03\/administracion.png 600w, https:\/\/samso.eco\/wp-content\/uploads\/2024\/03\/administracion-300x300.png 300w, https:\/\/samso.eco\/wp-content\/uploads\/2024\/03\/administracion-150x150.png 150w\" sizes=\"(max-width: 600px) 100vw, 600px\" \/><\/a><\/figure><div class=\"elementor-image-box-content\"><h3 class=\"elementor-image-box-title\"><a href=\"https:\/\/samso.eco\/en\/services-2\/#servicios\">Public administrations<\/a><\/h3><\/div><\/div>\t\t\t\t<\/div>\n\t\t\t\t<\/div>\n\t\t\t\t\t<\/div>\n\t\t\t\t<\/div>\n\t\t<div class=\"elementor-element elementor-element-10cfbcc e-flex e-con-boxed e-con e-child\" data-id=\"10cfbcc\" data-element_type=\"container\" data-e-type=\"container\">\n\t\t\t\t\t<div class=\"e-con-inner\">\n\t\t\t\t<div class=\"elementor-element elementor-element-52a811e elementor-position-top elementor-position-top elementor-invisible elementor-widget elementor-widget-image-box\" data-id=\"52a811e\" data-element_type=\"widget\" data-e-type=\"widget\" data-settings=\"{&quot;_animation&quot;:&quot;fadeInUp&quot;,&quot;_animation_delay&quot;:300}\" data-widget_type=\"image-box.default\">\n\t\t\t\t<div class=\"elementor-widget-container\">\n\t\t\t\t\t<div class=\"elementor-image-box-wrapper\"><figure class=\"elementor-image-box-img\"><a href=\"https:\/\/samso.eco\/en\/services-2\/#servicios\" tabindex=\"-1\"><img loading=\"lazy\" decoding=\"async\" width=\"600\" height=\"600\" src=\"https:\/\/samso.eco\/wp-content\/uploads\/2024\/03\/empresas.png\" class=\"attachment-full size-full wp-image-81\" alt=\"\" srcset=\"https:\/\/samso.eco\/wp-content\/uploads\/2024\/03\/empresas.png 600w, https:\/\/samso.eco\/wp-content\/uploads\/2024\/03\/empresas-300x300.png 300w, https:\/\/samso.eco\/wp-content\/uploads\/2024\/03\/empresas-150x150.png 150w\" sizes=\"(max-width: 600px) 100vw, 600px\" \/><\/a><\/figure><div class=\"elementor-image-box-content\"><h3 class=\"elementor-image-box-title\"><a href=\"https:\/\/samso.eco\/en\/services-2\/#servicios\">Private companies<br><br><\/a><\/h3><\/div><\/div>\t\t\t\t<\/div>\n\t\t\t\t<\/div>\n\t\t\t\t\t<\/div>\n\t\t\t\t<\/div>\n\t\t\t\t\t<\/div>\n\t\t\t\t<\/div>\n\t\t\t\t\t<\/div>\n\t\t\t\t<\/div>\n\t\t\t\t<\/div>\n\t\t","protected":false},"excerpt":{"rendered":"<p>We accompany you on the pathtowards zer\u00f8 emissions,making the energy andenvironmental transition an opportunity. Sams\u00f8 is the example of a Danish island, and much more. A model that combines renewables, environment and return to its people. It is the balance between idealism and pragmatism, between utopia and reality, between energy and territory. \u00bfWHY SAMS\u00d8? We [&hellip;]<\/p>\n","protected":false},"author":1,"featured_media":0,"parent":0,"menu_order":0,"comment_status":"closed","ping_status":"closed","template":"elementor_header_footer","meta":{"footnotes":""},"class_list":["post-754","page","type-page","status-publish","hentry"],"yoast_head":"<!-- This site is optimized with the Yoast SEO plugin v27.4 - https:\/\/yoast.com\/product\/yoast-seo-wordpress\/ -->\n<title>H\u00d8ME - Samso<\/title>\n<meta name=\"robots\" content=\"index, follow, max-snippet:-1, max-image-preview:large, max-video-preview:-1\" \/>\n<link rel=\"canonical\" href=\"https:\/\/samso.eco\/en\/home\/\" \/>\n<meta property=\"og:locale\" content=\"en_US\" \/>\n<meta property=\"og:type\" content=\"article\" \/>\n<meta property=\"og:title\" content=\"H\u00d8ME - Samso\" \/>\n<meta property=\"og:description\" content=\"We accompany you on the pathtowards zer\u00f8 emissions,making the energy andenvironmental transition an opportunity. Sams\u00f8 is the example of a Danish island, and much more. A model that combines renewables, environment and return to its people. It is the balance between idealism and pragmatism, between utopia and reality, between energy and territory. \u00bfWHY SAMS\u00d8? We [&hellip;]\" \/>\n<meta property=\"og:url\" content=\"https:\/\/samso.eco\/en\/home\/\" \/>\n<meta property=\"og:site_name\" content=\"Samso\" \/>\n<meta property=\"article:modified_time\" content=\"2025-04-21T18:48:44+00:00\" \/>\n<meta property=\"og:image\" content=\"https:\/\/samso.eco\/wp-content\/uploads\/2024\/03\/Logo-Samso_Blanco.gif\" \/>\n\t<meta property=\"og:image:width\" content=\"1080\" \/>\n\t<meta property=\"og:image:height\" content=\"1080\" \/>\n\t<meta property=\"og:image:type\" content=\"image\/gif\" \/>\n<meta name=\"twitter:card\" content=\"summary_large_image\" \/>\n<meta name=\"twitter:label1\" content=\"Est. reading time\" \/>\n\t<meta name=\"twitter:data1\" content=\"2 minutes\" \/>\n<script type=\"application\/ld+json\" class=\"yoast-schema-graph\">{\"@context\":\"https:\\\/\\\/schema.org\",\"@graph\":[{\"@type\":\"WebPage\",\"@id\":\"https:\\\/\\\/samso.eco\\\/en\\\/home\\\/\",\"url\":\"https:\\\/\\\/samso.eco\\\/en\\\/home\\\/\",\"name\":\"H\u00d8ME - Samso\",\"isPartOf\":{\"@id\":\"https:\\\/\\\/samso.eco\\\/en\\\/#website\"},\"primaryImageOfPage\":{\"@id\":\"https:\\\/\\\/samso.eco\\\/en\\\/home\\\/#primaryimage\"},\"image\":{\"@id\":\"https:\\\/\\\/samso.eco\\\/en\\\/home\\\/#primaryimage\"},\"thumbnailUrl\":\"https:\\\/\\\/samso.eco\\\/wp-content\\\/uploads\\\/2024\\\/03\\\/Logo-Samso_Blanco.gif\",\"datePublished\":\"2024-03-04T13:58:19+00:00\",\"dateModified\":\"2025-04-21T18:48:44+00:00\",\"breadcrumb\":{\"@id\":\"https:\\\/\\\/samso.eco\\\/en\\\/home\\\/#breadcrumb\"},\"inLanguage\":\"en-US\",\"potentialAction\":[{\"@type\":\"ReadAction\",\"target\":[\"https:\\\/\\\/samso.eco\\\/en\\\/home\\\/\"]}]},{\"@type\":\"ImageObject\",\"inLanguage\":\"en-US\",\"@id\":\"https:\\\/\\\/samso.eco\\\/en\\\/home\\\/#primaryimage\",\"url\":\"https:\\\/\\\/samso.eco\\\/wp-content\\\/uploads\\\/2024\\\/03\\\/Logo-Samso_Blanco.gif\",\"contentUrl\":\"https:\\\/\\\/samso.eco\\\/wp-content\\\/uploads\\\/2024\\\/03\\\/Logo-Samso_Blanco.gif\"},{\"@type\":\"BreadcrumbList\",\"@id\":\"https:\\\/\\\/samso.eco\\\/en\\\/home\\\/#breadcrumb\",\"itemListElement\":[{\"@type\":\"ListItem\",\"position\":1,\"name\":\"Portada\",\"item\":\"https:\\\/\\\/samso.eco\\\/en\\\/home-2\\\/\"},{\"@type\":\"ListItem\",\"position\":2,\"name\":\"H\u00d8ME\"}]},{\"@type\":\"WebSite\",\"@id\":\"https:\\\/\\\/samso.eco\\\/en\\\/#website\",\"url\":\"https:\\\/\\\/samso.eco\\\/en\\\/\",\"name\":\"Samso\",\"description\":\"Construir contigo un futuro sostenible\",\"publisher\":{\"@id\":\"https:\\\/\\\/samso.eco\\\/en\\\/#organization\"},\"potentialAction\":[{\"@type\":\"SearchAction\",\"target\":{\"@type\":\"EntryPoint\",\"urlTemplate\":\"https:\\\/\\\/samso.eco\\\/en\\\/?s={search_term_string}\"},\"query-input\":{\"@type\":\"PropertyValueSpecification\",\"valueRequired\":true,\"valueName\":\"search_term_string\"}}],\"inLanguage\":\"en-US\"},{\"@type\":\"Organization\",\"@id\":\"https:\\\/\\\/samso.eco\\\/en\\\/#organization\",\"name\":\"Samso\",\"url\":\"https:\\\/\\\/samso.eco\\\/en\\\/\",\"logo\":{\"@type\":\"ImageObject\",\"inLanguage\":\"en-US\",\"@id\":\"https:\\\/\\\/samso.eco\\\/en\\\/#\\\/schema\\\/logo\\\/image\\\/\",\"url\":\"https:\\\/\\\/samso.eco\\\/wp-content\\\/uploads\\\/2024\\\/03\\\/logo-samso-blanco.png\",\"contentUrl\":\"https:\\\/\\\/samso.eco\\\/wp-content\\\/uploads\\\/2024\\\/03\\\/logo-samso-blanco.png\",\"width\":800,\"height\":234,\"caption\":\"Samso\"},\"image\":{\"@id\":\"https:\\\/\\\/samso.eco\\\/en\\\/#\\\/schema\\\/logo\\\/image\\\/\"}}]}<\/script>\n<!-- \/ Yoast SEO plugin. -->","yoast_head_json":{"title":"H\u00d8ME - Samso","robots":{"index":"index","follow":"follow","max-snippet":"max-snippet:-1","max-image-preview":"max-image-preview:large","max-video-preview":"max-video-preview:-1"},"canonical":"https:\/\/samso.eco\/en\/home\/","og_locale":"en_US","og_type":"article","og_title":"H\u00d8ME - Samso","og_description":"We accompany you on the pathtowards zer\u00f8 emissions,making the energy andenvironmental transition an opportunity. Sams\u00f8 is the example of a Danish island, and much more. A model that combines renewables, environment and return to its people. It is the balance between idealism and pragmatism, between utopia and reality, between energy and territory. \u00bfWHY SAMS\u00d8? We [&hellip;]","og_url":"https:\/\/samso.eco\/en\/home\/","og_site_name":"Samso","article_modified_time":"2025-04-21T18:48:44+00:00","og_image":[{"width":1080,"height":1080,"url":"https:\/\/samso.eco\/wp-content\/uploads\/2024\/03\/Logo-Samso_Blanco.gif","type":"image\/gif"}],"twitter_card":"summary_large_image","twitter_misc":{"Est. reading time":"2 minutes"},"schema":{"@context":"https:\/\/schema.org","@graph":[{"@type":"WebPage","@id":"https:\/\/samso.eco\/en\/home\/","url":"https:\/\/samso.eco\/en\/home\/","name":"H\u00d8ME - Samso","isPartOf":{"@id":"https:\/\/samso.eco\/en\/#website"},"primaryImageOfPage":{"@id":"https:\/\/samso.eco\/en\/home\/#primaryimage"},"image":{"@id":"https:\/\/samso.eco\/en\/home\/#primaryimage"},"thumbnailUrl":"https:\/\/samso.eco\/wp-content\/uploads\/2024\/03\/Logo-Samso_Blanco.gif","datePublished":"2024-03-04T13:58:19+00:00","dateModified":"2025-04-21T18:48:44+00:00","breadcrumb":{"@id":"https:\/\/samso.eco\/en\/home\/#breadcrumb"},"inLanguage":"en-US","potentialAction":[{"@type":"ReadAction","target":["https:\/\/samso.eco\/en\/home\/"]}]},{"@type":"ImageObject","inLanguage":"en-US","@id":"https:\/\/samso.eco\/en\/home\/#primaryimage","url":"https:\/\/samso.eco\/wp-content\/uploads\/2024\/03\/Logo-Samso_Blanco.gif","contentUrl":"https:\/\/samso.eco\/wp-content\/uploads\/2024\/03\/Logo-Samso_Blanco.gif"},{"@type":"BreadcrumbList","@id":"https:\/\/samso.eco\/en\/home\/#breadcrumb","itemListElement":[{"@type":"ListItem","position":1,"name":"Portada","item":"https:\/\/samso.eco\/en\/home-2\/"},{"@type":"ListItem","position":2,"name":"H\u00d8ME"}]},{"@type":"WebSite","@id":"https:\/\/samso.eco\/en\/#website","url":"https:\/\/samso.eco\/en\/","name":"Samso","description":"Construir contigo un futuro sostenible","publisher":{"@id":"https:\/\/samso.eco\/en\/#organization"},"potentialAction":[{"@type":"SearchAction","target":{"@type":"EntryPoint","urlTemplate":"https:\/\/samso.eco\/en\/?s={search_term_string}"},"query-input":{"@type":"PropertyValueSpecification","valueRequired":true,"valueName":"search_term_string"}}],"inLanguage":"en-US"},{"@type":"Organization","@id":"https:\/\/samso.eco\/en\/#organization","name":"Samso","url":"https:\/\/samso.eco\/en\/","logo":{"@type":"ImageObject","inLanguage":"en-US","@id":"https:\/\/samso.eco\/en\/#\/schema\/logo\/image\/","url":"https:\/\/samso.eco\/wp-content\/uploads\/2024\/03\/logo-samso-blanco.png","contentUrl":"https:\/\/samso.eco\/wp-content\/uploads\/2024\/03\/logo-samso-blanco.png","width":800,"height":234,"caption":"Samso"},"image":{"@id":"https:\/\/samso.eco\/en\/#\/schema\/logo\/image\/"}}]}},"_links":{"self":[{"href":"https:\/\/samso.eco\/en\/wp-json\/wp\/v2\/pages\/754","targetHints":{"allow":["GET"]}}],"collection":[{"href":"https:\/\/samso.eco\/en\/wp-json\/wp\/v2\/pages"}],"about":[{"href":"https:\/\/samso.eco\/en\/wp-json\/wp\/v2\/types\/page"}],"author":[{"embeddable":true,"href":"https:\/\/samso.eco\/en\/wp-json\/wp\/v2\/users\/1"}],"replies":[{"embeddable":true,"href":"https:\/\/samso.eco\/en\/wp-json\/wp\/v2\/comments?post=754"}],"version-history":[{"count":6,"href":"https:\/\/samso.eco\/en\/wp-json\/wp\/v2\/pages\/754\/revisions"}],"predecessor-version":[{"id":2662,"href":"https:\/\/samso.eco\/en\/wp-json\/wp\/v2\/pages\/754\/revisions\/2662"}],"wp:attachment":[{"href":"https:\/\/samso.eco\/en\/wp-json\/wp\/v2\/media?parent=754"}],"curies":[{"name":"wp","href":"https:\/\/api.w.org\/{rel}","templated":true}]}}