{"id":811,"date":"2024-03-07T10:13:37","date_gmt":"2024-03-07T10:13:37","guid":{"rendered":"https:\/\/samso.eco\/avis-legal\/"},"modified":"2025-02-16T16:21:13","modified_gmt":"2025-02-16T16:21:13","slug":"avis-legal","status":"publish","type":"page","link":"https:\/\/samso.eco\/ca\/avis-legal\/","title":{"rendered":"AV\u00cdS LEGAL"},"content":{"rendered":"\t\t<div data-elementor-type=\"wp-page\" data-elementor-id=\"811\" class=\"elementor elementor-811 elementor-588\" data-elementor-post-type=\"page\">\n\t\t\t\t<div class=\"elementor-element elementor-element-6c5f4833 e-flex e-con-boxed e-con e-parent\" data-id=\"6c5f4833\" data-element_type=\"container\" data-e-type=\"container\" data-settings=\"{&quot;background_background&quot;:&quot;classic&quot;}\">\n\t\t\t\t\t<div class=\"e-con-inner\">\n\t\t\t\t<div class=\"elementor-element elementor-element-27a97f9c elementor-widget elementor-widget-heading\" data-id=\"27a97f9c\" data-element_type=\"widget\" data-e-type=\"widget\" data-widget_type=\"heading.default\">\n\t\t\t\t<div class=\"elementor-widget-container\">\n\t\t\t\t\t<h2 class=\"elementor-heading-title elementor-size-default\">AV\u00cdS LEGAL<\/h2>\t\t\t\t<\/div>\n\t\t\t\t<\/div>\n\t\t\t\t\t<\/div>\n\t\t\t\t<\/div>\n\t\t<div class=\"elementor-element elementor-element-a7cf0dd e-flex e-con-boxed e-con e-parent\" data-id=\"a7cf0dd\" data-element_type=\"container\" data-e-type=\"container\">\n\t\t\t\t\t<div class=\"e-con-inner\">\n\t\t\t\t<div class=\"elementor-element elementor-element-13dad314 elementor-widget elementor-widget-text-editor\" data-id=\"13dad314\" data-element_type=\"widget\" data-e-type=\"widget\" data-widget_type=\"text-editor.default\">\n\t\t\t\t<div class=\"elementor-widget-container\">\n\t\t\t\t\t\t\t\t\t<p class=\"p1\">Aquesta web \u00e9s propietat de SAMSO EDS, SL (d&#8217;ara endavant SAMSO), amb NIF n\u00fam. B70816590 i domicili a ANGL\u00cd, 31 4 \u2013 08017 Barcelona.<\/p><p class=\"p1\">Per a qualsevol consulta o proposta, pots contactar amb nosaltres a l&#8217;e-mail\u00a0<a href=\"mailto:info@samso.eco\"><span class=\"s1\">info@samso.eco<\/span><\/a>.<\/p><p class=\"p1\">Aquest portal web es regeix per la normativa exclusivament aplicable a Espanya, per la qual cosa queden sotmeses a ella les persones tant nacionals com estrangeres que l&#8217;utilitzin.<\/p><p class=\"p1\">L&#8217;acc\u00e9s al nostre portal web per part teva, com a PERSONA USU\u00c0RIA, \u00e9s gratu\u00eft i es regeix per les condicions d&#8217;\u00fas vigents en el moment de l&#8217;acc\u00e9s, que recomanem que llegeixis detingudament. Si no est\u00e0s d&#8217;acord amb les presents condicions d&#8217;\u00fas, haur\u00e0s d&#8217;abstenir-te d&#8217;utilitzar o operar per mitj\u00e0 d&#8217;aquest portal. Pots contactar amb nosaltres perqu\u00e8 et resolguem qualsevol dubte en relaci\u00f3 amb aquestes condicions.<\/p><p class=\"p2\">El subministrament de dades personals i la compra de productes i serveis a trav\u00e9s del nostre portal requereix una edat m\u00ednima de 18 anys o, si \u00e9s el cas, disposar de capacitat jur\u00eddica suficient per a contractar.<\/p><p class=\"p3\"><b>1. PROPIETAT INTEL\u00b7LECTUAL<\/b><\/p><p class=\"p1\">Tots els continguts, textos, imatges i codis font s\u00f3n propietat de SAMSO o de tercers als quals s&#8217;han adquirit els seus drets d&#8217;explotaci\u00f3, i estan protegits pels drets de propietat intel\u00b7lectual i industrial.<\/p><p class=\"p1\">La PERSONA USU\u00c0RIA \u00fanicament t\u00e9 dret a un \u00fas privat d&#8217;aquests, sense \u00e0nim de lucre, i necessita autoritzaci\u00f3 expressa per a modificar-los, reproduir-los, explotar-los, distribuir-los o exercir qualsevol dret pertanyent al seu titular.<\/p><p class=\"p1\">L&#8217;establiment d&#8217;enlla\u00e7os al nostre portal no confereix cap dret sobre aquest. Aix\u00ed mateix, el simple fet d&#8217;establir un enlla\u00e7 a la nostra p\u00e0gina web no dona dret a atorgar-se la categoria de col\u00b7laborador\/a o soci\/a.<\/p><p class=\"p1\">SAMSO queda exonerada de responsabilitat per qualsevol reclamaci\u00f3 respecte als drets de propietat intel\u00b7lectual dels articles i imatges publicats per tercers en el seu portal.<\/p><p class=\"p2\">Est\u00e0 absolutament prohibida la imitaci\u00f3 total o parcial del nostre portal.<\/p><p class=\"p3\"><b>2. CONDICIONS D&#8217;ACC\u00c9S I \u00daS\u00a0<\/b><\/p><p class=\"p1\">L&#8217;acc\u00e9s al nostre portal web \u00e9s gratu\u00eft i no exigeix subscripci\u00f3 o registre previ. No obstant aix\u00f2, determinats serveis s\u00f3n o podran ser d&#8217;acc\u00e9s restringit a determinats usuaris\/es i requereixen o podran requerir haver realitzat un proc\u00e9s de registre, haver emplenat formularis amb dades personals i\/o la identificaci\u00f3 mitjan\u00e7ant contrasenyes.<\/p><p class=\"p1\">L&#8217;enviament de dades personals implica l&#8217;acceptaci\u00f3 expressa per part de la PERSONA USU\u00c0RIA de la nostra pol\u00edtica de privacitat.<\/p><p class=\"p1\">S&#8217;ha d&#8217;accedir a la nostra p\u00e0gina web conforme a la bona fe, les normes d&#8217;ordre p\u00fablic i a les presents Condicions generals d&#8217;\u00fas. L&#8217;acc\u00e9s al nostre lloc web es realitza sota la pr\u00f2pia i exclusiva responsabilitat de la PERSONA USU\u00c0RIA, que respondr\u00e0 en tot cas dels danys i perjudicis que pugui causar a tercers o a nosaltres mateixos.<\/p><p class=\"p1\">Est\u00e0 expressament prohibida la utilitzaci\u00f3 i obtenci\u00f3 dels serveis, productes i continguts oferts en aquest portal web, per procediments diferents als estipulats en les condicions d&#8217;\u00fas i, si \u00e9s el cas, en les condicions particulars que regulin l&#8217;adquisici\u00f3 de determinats productes o serveis.<\/p><p class=\"p1\">Est\u00e0 prohibit qualsevol tipus d&#8217;acci\u00f3 sobre el nostre portal que origini una excessiva sobrec\u00e0rrega de funcionament als nostres sistemes inform\u00e0tics, aix\u00ed com la introducci\u00f3 de virus, o instal\u00b7laci\u00f3 de robots o programari que alteri el seu funcionament normal, o en definitiva pugui causar danys als nostres sistemes inform\u00e0tics.<\/p><p class=\"p1\">Tenint en compte la dificultat de control respecte a la informaci\u00f3, continguts i serveis que continguin p\u00e0gines web de tercers disponibles des del nostre portal web, et comuniquem que SAMSO no es fa responsable d&#8217;aquests.<\/p><p class=\"p2\">SAMSO es reserva el dret a donar de baixa a qualsevol PERSONA USU\u00c0RIA que l&#8217;organitzaci\u00f3 entengui que ha vulnerat les condicions que regeixen l&#8217;\u00fas del nostre lloc web. Aix\u00ed mateix, es reserva el dret d&#8217;exercir les accions legals oportunes contra aquells que vulnerin les presents condicions generals d&#8217;\u00fas.<\/p><p class=\"p3\"><b>3. POL\u00cdTICA DE PRIVACITAT<\/b><\/p><p class=\"p1\">La confidencialitat i la seguretat s\u00f3n valors primordials de SAMSO i, en conseq\u00fc\u00e8ncia, assumim el comprom\u00eds de garantir la privacitat de la PERSONA USU\u00c0RIA en tot moment i de no recaptar informaci\u00f3 innecess\u00e0ria.<\/p><p class=\"p1\">El subministrament de dades personals a trav\u00e9s del nostre portal requereix una edat m\u00ednima de 18 anys i\/o disposar de capacitat jur\u00eddica suficient per a contractar, aix\u00ed com l&#8217;acceptaci\u00f3 expressa de la nostra pol\u00edtica de privacitat.<\/p><p class=\"p2\">La PERSONA USU\u00c0RIA assumeix tota responsabilitat de qualsevol mal o perjudici, directe o indirecte, que ocasioni a SAMSO o a qualsevol altra persona per emplenar els formularis amb dades falses, inexactes, incomplets, no actualitzats o amb dades de tercers sense comptar amb el seu consentiment.<\/p><p class=\"p3\"><b>4. RESPONSABILITATS<\/b><\/p><p class=\"p1\">En posar a la disposici\u00f3 de la PERSONA USU\u00c0RIA aquest portal web volem oferir-li un servei de qualitat, utilitzant la m\u00e0xima dilig\u00e8ncia en la seva prestaci\u00f3, aix\u00ed com en els mitjans tecnol\u00f2gics utilitzats. No obstant aix\u00f2, SAMSO no garanteix que la disponibilitat del servei sigui cont\u00ednua i ininterrompuda, per circumst\u00e0ncies originades per problemes en la xarxa d&#8217;Internet, avaries en els dispositius inform\u00e0tics o altres circumst\u00e0ncies imprevisibles, de manera que la PERSONA USU\u00c0RIA accepta suportar dins d&#8217;uns l\u00edmits raonables aquestes circumst\u00e0ncies.<\/p><p class=\"p1\">Aquest portal web, excepte all\u00f2 regulat, si \u00e9s el cas, per algunes condicions d&#8217;\u00fas espec\u00edfiques, \u00e9s purament informatiu i de presentaci\u00f3 corporativa dels nostres productes i serveis, per la qual cosa SAMSO no es responsabilitza per les expectatives de qualsevol tipus que pugui generar a la PERSONA USU\u00c0RIA.<\/p><p class=\"p2\">Tot el referent a aquest portal web es regeix exclusivament per les lleis espanyoles. En el cas que es produeixi qualsevol tipus de discrep\u00e0ncia o difer\u00e8ncia entre les parts en relaci\u00f3 amb la interpretaci\u00f3 i contingut del present portal web, totes les parts se sotmeten als jutjats i tribunals que legalment corresponguin.<\/p><p class=\"p3\"><b>5. VIG\u00c8NCIA DE LES CONDICIONS GENERALS D&#8217;ACC\u00c9S A LA WEB<\/b><\/p><p class=\"p1\">En qualsevol moment podem procedir a la modificaci\u00f3 de les condicions generals d&#8217;\u00fas: si us plau, comprova la data d&#8217;emissi\u00f3 en cada ocasi\u00f3 en qu\u00e8 et connectis a la nostra p\u00e0gina web i aix\u00ed tindr\u00e0s la certesa que no s&#8217;ha produ\u00eft cap modificaci\u00f3 que t&#8217;afecti.<\/p><p class=\"p2\">Per a qualsevol q\u00fcesti\u00f3 respecte a les condicions d&#8217;\u00fas de la nostra p\u00e0gina web, pots posar-te en contacte amb <a href=\"mailto:info@samso.eco\"><span class=\"s1\">info@samso.eco<\/span><\/a>.<\/p>\t\t\t\t\t\t\t\t<\/div>\n\t\t\t\t<\/div>\n\t\t\t\t\t<\/div>\n\t\t\t\t<\/div>\n\t\t\t\t<\/div>\n\t\t","protected":false},"excerpt":{"rendered":"<p>AV\u00cdS LEGAL Aquesta web \u00e9s propietat de SAMSO EDS, SL (d&#8217;ara endavant SAMSO), amb NIF n\u00fam. B70816590 i domicili a ANGL\u00cd, 31 4 \u2013 08017 Barcelona. Per a qualsevol consulta o proposta, pots contactar amb nosaltres a l&#8217;e-mail\u00a0info@samso.eco. Aquest portal web es regeix per la normativa exclusivament aplicable a Espanya, per la qual cosa queden [&hellip;]<\/p>\n","protected":false},"author":1,"featured_media":0,"parent":0,"menu_order":0,"comment_status":"closed","ping_status":"closed","template":"","meta":{"footnotes":""},"class_list":["post-811","page","type-page","status-publish","hentry"],"yoast_head":"<!-- This site is optimized with the Yoast SEO plugin v27.1.1 - https:\/\/yoast.com\/product\/yoast-seo-wordpress\/ -->\n<title>AV\u00cdS LEGAL - Samso<\/title>\n<meta name=\"robots\" content=\"index, follow, max-snippet:-1, max-image-preview:large, max-video-preview:-1\" \/>\n<link rel=\"canonical\" href=\"https:\/\/samso.eco\/ca\/avis-legal\/\" \/>\n<meta property=\"og:locale\" content=\"ca_ES\" \/>\n<meta property=\"og:type\" content=\"article\" \/>\n<meta property=\"og:title\" content=\"AV\u00cdS LEGAL - Samso\" \/>\n<meta property=\"og:description\" content=\"AV\u00cdS LEGAL Aquesta web \u00e9s propietat de SAMSO EDS, SL (d&#8217;ara endavant SAMSO), amb NIF n\u00fam. B70816590 i domicili a ANGL\u00cd, 31 4 \u2013 08017 Barcelona. Per a qualsevol consulta o proposta, pots contactar amb nosaltres a l&#8217;e-mail\u00a0info@samso.eco. Aquest portal web es regeix per la normativa exclusivament aplicable a Espanya, per la qual cosa queden [&hellip;]\" \/>\n<meta property=\"og:url\" content=\"https:\/\/samso.eco\/ca\/avis-legal\/\" \/>\n<meta property=\"og:site_name\" content=\"Samso\" \/>\n<meta property=\"article:modified_time\" content=\"2025-02-16T16:21:13+00:00\" \/>\n<meta name=\"twitter:card\" content=\"summary_large_image\" \/>\n<meta name=\"twitter:label1\" content=\"Temps estimat de lectura\" \/>\n\t<meta name=\"twitter:data1\" content=\"6 minuts\" \/>\n<script type=\"application\/ld+json\" class=\"yoast-schema-graph\">{\"@context\":\"https:\/\/schema.org\",\"@graph\":[{\"@type\":\"WebPage\",\"@id\":\"https:\/\/samso.eco\/ca\/avis-legal\/\",\"url\":\"https:\/\/samso.eco\/ca\/avis-legal\/\",\"name\":\"AV\u00cdS LEGAL - Samso\",\"isPartOf\":{\"@id\":\"https:\/\/samso.eco\/ca\/#website\"},\"datePublished\":\"2024-03-07T10:13:37+00:00\",\"dateModified\":\"2025-02-16T16:21:13+00:00\",\"breadcrumb\":{\"@id\":\"https:\/\/samso.eco\/ca\/avis-legal\/#breadcrumb\"},\"inLanguage\":\"ca\",\"potentialAction\":[{\"@type\":\"ReadAction\",\"target\":[\"https:\/\/samso.eco\/ca\/avis-legal\/\"]}]},{\"@type\":\"BreadcrumbList\",\"@id\":\"https:\/\/samso.eco\/ca\/avis-legal\/#breadcrumb\",\"itemListElement\":[{\"@type\":\"ListItem\",\"position\":1,\"name\":\"Portada\",\"item\":\"https:\/\/samso.eco\/ca\/home-2\/\"},{\"@type\":\"ListItem\",\"position\":2,\"name\":\"AV\u00cdS LEGAL\"}]},{\"@type\":\"WebSite\",\"@id\":\"https:\/\/samso.eco\/ca\/#website\",\"url\":\"https:\/\/samso.eco\/ca\/\",\"name\":\"Samso\",\"description\":\"Construir contigo un futuro sostenible\",\"publisher\":{\"@id\":\"https:\/\/samso.eco\/ca\/#organization\"},\"potentialAction\":[{\"@type\":\"SearchAction\",\"target\":{\"@type\":\"EntryPoint\",\"urlTemplate\":\"https:\/\/samso.eco\/ca\/?s={search_term_string}\"},\"query-input\":{\"@type\":\"PropertyValueSpecification\",\"valueRequired\":true,\"valueName\":\"search_term_string\"}}],\"inLanguage\":\"ca\"},{\"@type\":\"Organization\",\"@id\":\"https:\/\/samso.eco\/ca\/#organization\",\"name\":\"Samso\",\"url\":\"https:\/\/samso.eco\/ca\/\",\"logo\":{\"@type\":\"ImageObject\",\"inLanguage\":\"ca\",\"@id\":\"https:\/\/samso.eco\/ca\/#\/schema\/logo\/image\/\",\"url\":\"https:\/\/samso.eco\/wp-content\/uploads\/2024\/03\/logo-samso-blanco.png\",\"contentUrl\":\"https:\/\/samso.eco\/wp-content\/uploads\/2024\/03\/logo-samso-blanco.png\",\"width\":800,\"height\":234,\"caption\":\"Samso\"},\"image\":{\"@id\":\"https:\/\/samso.eco\/ca\/#\/schema\/logo\/image\/\"}}]}<\/script>\n<!-- \/ Yoast SEO plugin. -->","yoast_head_json":{"title":"AV\u00cdS LEGAL - Samso","robots":{"index":"index","follow":"follow","max-snippet":"max-snippet:-1","max-image-preview":"max-image-preview:large","max-video-preview":"max-video-preview:-1"},"canonical":"https:\/\/samso.eco\/ca\/avis-legal\/","og_locale":"ca_ES","og_type":"article","og_title":"AV\u00cdS LEGAL - Samso","og_description":"AV\u00cdS LEGAL Aquesta web \u00e9s propietat de SAMSO EDS, SL (d&#8217;ara endavant SAMSO), amb NIF n\u00fam. B70816590 i domicili a ANGL\u00cd, 31 4 \u2013 08017 Barcelona. Per a qualsevol consulta o proposta, pots contactar amb nosaltres a l&#8217;e-mail\u00a0info@samso.eco. Aquest portal web es regeix per la normativa exclusivament aplicable a Espanya, per la qual cosa queden [&hellip;]","og_url":"https:\/\/samso.eco\/ca\/avis-legal\/","og_site_name":"Samso","article_modified_time":"2025-02-16T16:21:13+00:00","twitter_card":"summary_large_image","twitter_misc":{"Temps estimat de lectura":"6 minuts"},"schema":{"@context":"https:\/\/schema.org","@graph":[{"@type":"WebPage","@id":"https:\/\/samso.eco\/ca\/avis-legal\/","url":"https:\/\/samso.eco\/ca\/avis-legal\/","name":"AV\u00cdS LEGAL - Samso","isPartOf":{"@id":"https:\/\/samso.eco\/ca\/#website"},"datePublished":"2024-03-07T10:13:37+00:00","dateModified":"2025-02-16T16:21:13+00:00","breadcrumb":{"@id":"https:\/\/samso.eco\/ca\/avis-legal\/#breadcrumb"},"inLanguage":"ca","potentialAction":[{"@type":"ReadAction","target":["https:\/\/samso.eco\/ca\/avis-legal\/"]}]},{"@type":"BreadcrumbList","@id":"https:\/\/samso.eco\/ca\/avis-legal\/#breadcrumb","itemListElement":[{"@type":"ListItem","position":1,"name":"Portada","item":"https:\/\/samso.eco\/ca\/home-2\/"},{"@type":"ListItem","position":2,"name":"AV\u00cdS LEGAL"}]},{"@type":"WebSite","@id":"https:\/\/samso.eco\/ca\/#website","url":"https:\/\/samso.eco\/ca\/","name":"Samso","description":"Construir contigo un futuro sostenible","publisher":{"@id":"https:\/\/samso.eco\/ca\/#organization"},"potentialAction":[{"@type":"SearchAction","target":{"@type":"EntryPoint","urlTemplate":"https:\/\/samso.eco\/ca\/?s={search_term_string}"},"query-input":{"@type":"PropertyValueSpecification","valueRequired":true,"valueName":"search_term_string"}}],"inLanguage":"ca"},{"@type":"Organization","@id":"https:\/\/samso.eco\/ca\/#organization","name":"Samso","url":"https:\/\/samso.eco\/ca\/","logo":{"@type":"ImageObject","inLanguage":"ca","@id":"https:\/\/samso.eco\/ca\/#\/schema\/logo\/image\/","url":"https:\/\/samso.eco\/wp-content\/uploads\/2024\/03\/logo-samso-blanco.png","contentUrl":"https:\/\/samso.eco\/wp-content\/uploads\/2024\/03\/logo-samso-blanco.png","width":800,"height":234,"caption":"Samso"},"image":{"@id":"https:\/\/samso.eco\/ca\/#\/schema\/logo\/image\/"}}]}},"_links":{"self":[{"href":"https:\/\/samso.eco\/ca\/wp-json\/wp\/v2\/pages\/811","targetHints":{"allow":["GET"]}}],"collection":[{"href":"https:\/\/samso.eco\/ca\/wp-json\/wp\/v2\/pages"}],"about":[{"href":"https:\/\/samso.eco\/ca\/wp-json\/wp\/v2\/types\/page"}],"author":[{"embeddable":true,"href":"https:\/\/samso.eco\/ca\/wp-json\/wp\/v2\/users\/1"}],"replies":[{"embeddable":true,"href":"https:\/\/samso.eco\/ca\/wp-json\/wp\/v2\/comments?post=811"}],"version-history":[{"count":20,"href":"https:\/\/samso.eco\/ca\/wp-json\/wp\/v2\/pages\/811\/revisions"}],"predecessor-version":[{"id":1778,"href":"https:\/\/samso.eco\/ca\/wp-json\/wp\/v2\/pages\/811\/revisions\/1778"}],"wp:attachment":[{"href":"https:\/\/samso.eco\/ca\/wp-json\/wp\/v2\/media?parent=811"}],"curies":[{"name":"wp","href":"https:\/\/api.w.org\/{rel}","templated":true}]}}