{"id":809,"date":"2024-03-07T10:15:15","date_gmt":"2024-03-07T10:15:15","guid":{"rendered":"https:\/\/samso.eco\/politica-de-privacitat\/"},"modified":"2025-02-16T16:33:48","modified_gmt":"2025-02-16T16:33:48","slug":"politica-de-privacitat","status":"publish","type":"page","link":"https:\/\/samso.eco\/ca\/politica-de-privacitat\/","title":{"rendered":"POL\u00cdTICA DE PRIVACITAT"},"content":{"rendered":"\t\t<div data-elementor-type=\"wp-page\" data-elementor-id=\"809\" class=\"elementor elementor-809 elementor-592\" data-elementor-post-type=\"page\">\n\t\t\t\t<div class=\"elementor-element elementor-element-223fadd2 e-flex e-con-boxed e-con e-parent\" data-id=\"223fadd2\" data-element_type=\"container\" data-e-type=\"container\" data-settings=\"{&quot;background_background&quot;:&quot;classic&quot;}\">\n\t\t\t\t\t<div class=\"e-con-inner\">\n\t\t\t\t<div class=\"elementor-element elementor-element-6bfa3f31 elementor-widget elementor-widget-heading\" data-id=\"6bfa3f31\" data-element_type=\"widget\" data-e-type=\"widget\" data-widget_type=\"heading.default\">\n\t\t\t\t<div class=\"elementor-widget-container\">\n\t\t\t\t\t<h2 class=\"elementor-heading-title elementor-size-default\">Pol\u00edtica de Privacitat\n<\/h2>\t\t\t\t<\/div>\n\t\t\t\t<\/div>\n\t\t\t\t\t<\/div>\n\t\t\t\t<\/div>\n\t\t<div class=\"elementor-element elementor-element-228c6e4d e-flex e-con-boxed e-con e-parent\" data-id=\"228c6e4d\" data-element_type=\"container\" data-e-type=\"container\">\n\t\t\t\t\t<div class=\"e-con-inner\">\n\t\t\t\t<div class=\"elementor-element elementor-element-7f35bf02 elementor-widget elementor-widget-text-editor\" data-id=\"7f35bf02\" data-element_type=\"widget\" data-e-type=\"widget\" data-widget_type=\"text-editor.default\">\n\t\t\t\t<div class=\"elementor-widget-container\">\n\t\t\t\t\t\t\t\t\t<p><span style=\"color: var( --e-global-color-text ); font-family: var( --e-global-typography-text-font-family ), Sans-serif; font-weight: var( --e-global-typography-text-font-weight ); text-align: var(--text-align); font-size: 1rem;\">Ra\u00f3 social: SAMSO EDS, S.L. (d&#8217;ara endavant SAMSO).<\/span><\/p><p>CIF: B70816590<\/p><p>Domicili: c\/ ANGL\u00cd, 31 4 &#8211; 08017 Barcelona<\/p><p>\u00a0<\/p><p><b>PROTECCI\u00d3 DE DADES DE CAR\u00c0CTER PERSONAL SEGONS EL RGPD:<\/b><\/p><p>SAMSO, en aplicaci\u00f3 de la normativa vigent en mat\u00e8ria de protecci\u00f3 de dades de car\u00e0cter personal, informa que les dades personals que es recullen a trav\u00e9s dels formularis del Lloc web:\u00a0 https:\/\/samso.eco\/, s&#8217;inclouen en els fitxers automatitzats espec\u00edfics d&#8217;usuaris dels serveis de l&#8217;empresa.<\/p><p>La recollida i tractament automatitzat de les dades de car\u00e0cter personal t\u00e9 com a finalitat el manteniment de la relaci\u00f3 comercial i l&#8217;acompliment de tasques d&#8217;informaci\u00f3, formaci\u00f3, assessorament i altres activitats pr\u00f2pies de SAMSO.<\/p><p>Aquestes dades \u00fanicament seran cedides a aquelles entitats que siguin necess\u00e0ries amb l&#8217;\u00fanic objectiu de donar compliment a la finalitat anteriorment exposada. L&#8217;empresa adopta les mesures necess\u00e0ries per a garantir la seguretat, integritat i confidencialitat de les dades conforme al que es disposa en el Reglament (UE) 2016\/679 del Parlament Europeu i del Consell, de 27 d&#8217;abril de 2016, relatiu a la protecci\u00f3 de les persones f\u00edsiques pel que fa al tractament de dades personals i a la lliure circulaci\u00f3 d&#8217;aquestes.<\/p><p>L&#8217;usuari podr\u00e0 en qualsevol moment exercir els drets d&#8217;acc\u00e9s, oposici\u00f3, rectificaci\u00f3, cancel\u00b7laci\u00f3, limitaci\u00f3 i portabilitat reconeguts en el citat Reglament (UE). L&#8217;exercici d&#8217;aquests drets pot realitzar-lo el mateix usuari a trav\u00e9s de l&#8217;email: <a href=\"mailto:info@samso.eco\">info@samso.eco<\/a> o a l&#8217;adre\u00e7a: c\/ ANGL\u00cd, 31 4 \u2013 08017 Barcelona.<\/p><p>L&#8217;usuari manifesta que totes les dades facilitades per ell s\u00f3n certes i correctes, i es compromet a mantenir-les actualitzades, comunicant els canvis a SAMSO.<\/p><p>\u00a0<\/p><p><b>FINALITAT DEL TRACTAMENT DE LES DADES PERSONALS:<\/b><\/p><p>Amb quina finalitat tractarem les teves dades personals?<\/p><p>A SAMSO, tractarem les teves dades personals recaptades a trav\u00e9s del lloc web https:\/\/samso.eco\/ o de qualsevol dels correus electr\u00f2nics de SAMSO, \u00e9s a dir aquells que, leg\u00edtimament, utilitzin el domini @samso.eco amb les seg\u00fcents finalitats:<\/p><p>En cas de contractaci\u00f3 dels b\u00e9ns i serveis oferts a trav\u00e9s de la p\u00e0gina web\u00a0<span style=\"color: var( --e-global-color-text ); font-family: var( --e-global-typography-text-font-family ), Sans-serif; font-weight: var( --e-global-typography-text-font-weight ); text-align: var(--text-align); font-size: 1rem;\">https:\/\/samso.eco\/<\/span><span style=\"color: var( --e-global-color-text ); font-family: var( --e-global-typography-text-font-family ), Sans-serif; font-weight: var( --e-global-typography-text-font-weight ); text-align: var(--text-align); font-size: 1rem;\">, per a mantenir la relaci\u00f3 contractual, aix\u00ed com la gesti\u00f3, administraci\u00f3, informaci\u00f3, prestaci\u00f3 i millora del servei.<\/span><\/p><p>Enviament d&#8217;informaci\u00f3 sol\u00b7licitada a trav\u00e9s dels formularis disposats a la p\u00e0gina web https:\/\/samso.eco\/.<\/p><p>Remetre butlletins (newsletters), aix\u00ed com comunicacions comercials de promocions i\/o publicitat de\u00a0<a href=\"https:\/\/samso.eco\/ca\/\">https:\/\/samso.eco\/<\/a> i del sector.<\/p><p>Et recordem que pots oposar-te a l&#8217;enviament de comunicacions comercials per qualsevol via i en qualsevol moment, remetent un correu electr\u00f2nic a l&#8217;adre\u00e7a anteriorment indicada.<\/p><p>Els camps d&#8217;aquests registres s\u00f3n d&#8217;emplenament obligatori, sent impossible realitzar les finalitats expressades si no s&#8217;aporten aquestes dades.<\/p><p>Per quant temps es conserven les dades personals recaptades?<\/p><p>Les dades personals proporcionades es conservaran mentre es mantingui la relaci\u00f3 comercial o no sol\u00b7licitis la seva supressi\u00f3 i durant el termini pel qual poguessin derivar-se responsabilitats legals pels serveis prestats.<\/p><p>Legitimaci\u00f3<\/p><p>El tractament de les teves dades es realitza amb les seg\u00fcents bases jur\u00eddiques que legitimen el mateix:<\/p><p>La sol\u00b7licitud d&#8217;informaci\u00f3 i\/o la contractaci\u00f3 dels serveis de l&#8217;empresa, els termes i les condicions de la qual es posaran a la teva disposici\u00f3 en tot cas, de manera pr\u00e8via a una eventual contractaci\u00f3.<\/p><p>El consentiment lliure, espec\u00edfic, informat i inequ\u00edvoc, en tant que t&#8217;informem posant a la teva disposici\u00f3 la present pol\u00edtica de privacitat, que despr\u00e9s de la lectura d&#8217;aquesta, en cas d&#8217;estar conforme, pots acceptar mitjan\u00e7ant una declaraci\u00f3 o una clara acci\u00f3 afirmativa, com el marcat d&#8217;una casella disposada a aquest efecte.<\/p><p>En cas que no ens facilitis les teves dades o ho facis de manera err\u00f2nia o incompleta, no podrem atendre la teva sol\u00b7licitud, resultant del tot impossible proporcionar-te la informaci\u00f3 sol\u00b7licitada o dur a terme la contractaci\u00f3 dels serveis.<\/p><p>Destinataris:<\/p><p>Les dades no es comunicaran a cap tercer ali\u00e8 a l&#8217;empresa, excepte obligaci\u00f3 legal.<\/p><p>\u00a0<\/p><p><b>INFORMACI\u00d3 ADDICIONAL I DETALLADA:<\/b><\/p><p><b>Dades recopilades per usuaris dels serveis<\/b><\/p><p>En els casos en qu\u00e8 l&#8217;usuari inclogui fitxers amb dades de car\u00e0cter personal en els servidors d&#8217;allotjament compartit, l&#8217;empresa no es fa responsable de l&#8217;incompliment per part de l&#8217;usuari del RGPD.<\/p><p>\u00a0<\/p><p><b>Retenci\u00f3 de dades de conformitat amb la LSSI<\/b><\/p><p>SAMSO informa que, com a prestador de servei d&#8217;allotjament de dades i en virtut del que s&#8217;estableix en la Llei 34\/2002 d&#8217;11 de juliol de Serveis de la Societat de la Informaci\u00f3 i de Comer\u00e7 Electr\u00f2nic (LSSI), ret\u00e9 per un per\u00edode m\u00e0xim de 12 mesos la informaci\u00f3 imprescindible per a identificar l&#8217;origen de les dades allotjades i el moment en qu\u00e8 es va iniciar la prestaci\u00f3 del servei. La retenci\u00f3 d&#8217;aquestes dades no afecta al secret de les comunicacions i nom\u00e9s podran ser utilitzats en el marc d&#8217;una recerca criminal o per a la salvaguarda de la seguretat p\u00fablica, posant-se a la disposici\u00f3 dels jutges i\/o tribunals o del Ministeri que aix\u00ed els requereixi.<\/p><p>La comunicaci\u00f3 de dades a les Forces i Cossos de l&#8217;Estat es far\u00e0 en virtut al que es disposa en la normativa sobre protecci\u00f3 de dades personals.<\/p><p>\u00a0<\/p><p><strong>Drets de propietat intel\u00b7lectual de <a href=\"https:\/\/samso.eco\/ca\/\">https:\/\/samso.eco\/<\/a><\/strong><\/p><p>SAMSO EDS, SL \u00e9s titular de tots els drets d&#8217;autor, propietat intel\u00b7lectual, industrial, \u00abknow-how\u00bb i quants altres drets guarden relaci\u00f3 amb els continguts del lloc web <a href=\"https:\/\/samso.eco\/ca\/\">https:\/\/samso.eco\/<\/a> i els serveis oferts en aquest, aix\u00ed com dels programes necessaris per a la seva implementaci\u00f3 i la informaci\u00f3 relacionada.<\/p><p>No es permet la reproducci\u00f3, publicaci\u00f3 i\/o \u00fas no estrictament privat dels continguts, totals o parcials, del lloc web <a href=\"https:\/\/samso.eco\/ca\/\">https:\/\/samso.eco\/<\/a> sense el consentiment previ i per escrit.<\/p><p><b>\u00a0<\/b><\/p><p><b>Propietat intel\u00b7lectual del programari<\/b><\/p><p>L&#8217;usuari ha de respectar els programes de tercers llocs a la seva disposici\u00f3 per l&#8217;empresa, encara sent gratu\u00efts i\/o de disposici\u00f3 p\u00fablica.<\/p><p>SAMSO disposa dels drets d&#8217;explotaci\u00f3 i propietat intel\u00b7lectual necessaris del programari.<\/p><p>L&#8217;usuari no adquireix cap dret o llic\u00e8ncia pel servei contractat, sobre el programari necessari per a la prestaci\u00f3 del servei, ni tampoc sobre la informaci\u00f3 t\u00e8cnica de seguiment del servei, a excepci\u00f3 dels drets i llic\u00e8ncies necessaris per al compliment dels serveis contractats i \u00fanicament durant la durada d&#8217;aquests.<\/p><p>Per a tota actuaci\u00f3 que excedeixi del compliment del contracte, l&#8217;usuari necessitar\u00e0 autoritzaci\u00f3 per escrit per part de l&#8217;empresa, quedant prohibit a l&#8217;usuari accedir, modificar, visualitzar la configuraci\u00f3, estructura i fitxers dels servidors propietat de SAMSO, assumint la responsabilitat civil i penal derivada de qualsevol incid\u00e8ncia que es pogu\u00e9s produir en els servidors i sistemes de seguretat com a conseq\u00fc\u00e8ncia directa d&#8217;una actuaci\u00f3 negligent o maliciosa per part seva.<\/p><p><b>\u00a0<\/b><\/p><p><b>Propietat intel\u00b7lectual dels continguts allotjats<\/b><\/p><p>Es prohibeix l&#8217;\u00fas contrari a la legislaci\u00f3 sobre propietat intel\u00b7lectual dels serveis prestats per l&#8217;empresa i, en particular de:<\/p><p>La utilitzaci\u00f3 que resulti contr\u00e0ria a les lleis espanyoles o que infringeixi els drets de tercers.<\/p><p>La publicaci\u00f3 o la transmissi\u00f3 de qualsevol contingut que, segons el parer de l&#8217;empresa, resulti violent, obsc\u00e8, abusiu, il\u00b7legal, racial, xen\u00f2fob o difamatori.<\/p><p>Els cracks, n\u00fameros de s\u00e8rie de programes o qualsevol altre contingut que vulneri drets de la propietat intel\u00b7lectual de tercers.<\/p><p>La recollida i\/o utilitzaci\u00f3 de dades personals d&#8217;altres usuaris sense el seu consentiment expr\u00e9s o contravenint el que es disposa en el Reglament (UE) 2016\/679 del Parlament Europeu i del Consell, de 27 d&#8217;abril de 2016, relatiu a la protecci\u00f3 de les persones f\u00edsiques pel que fa al tractament de dades personals i a la lliure circulaci\u00f3 d&#8217;aquests.<\/p><p>La utilitzaci\u00f3 del servidor de correu del domini i de les adreces de correu electr\u00f2nic per a l&#8217;enviament de correu massiu no desitjat.<\/p><p>L&#8217;usuari t\u00e9 tota la responsabilitat sobre el contingut del seu portal web, la informaci\u00f3 transmesa i emmagatzemada, els enlla\u00e7os d&#8217;hipertext, les reivindicacions de tercers i les accions legals en refer\u00e8ncia a propietat intel\u00b7lectual, drets de tercers i protecci\u00f3 de menors.<\/p><p>L&#8217;usuari \u00e9s responsable respecte a les lleis i reglaments en vigor i les regles que tenen a veure amb el funcionament del servei en l\u00ednia, comer\u00e7 electr\u00f2nic, drets d&#8217;autor, manteniment de l&#8217;ordre p\u00fablic, aix\u00ed com principis universals d&#8217;\u00fas d&#8217;Internet.<\/p><p>L&#8217;usuari indemnitzar\u00e0 a SAMSO per les despeses que gener\u00e9s la imputaci\u00f3 de l&#8217;empresa en alguna causa la responsabilitat de la qual fos atribu\u00efble a l&#8217;usuari, inclosos honoraris i despeses de defensa jur\u00eddica, fins i tot en el cas d&#8217;una decisi\u00f3 judicial no definitiva.<\/p><p>\u00a0<\/p><p><b>Protecci\u00f3 de la informaci\u00f3 allotjada<\/b><\/p><p>SAMSO realitza c\u00f2pies de seguretat dels continguts allotjats en els seus servidors, no obstant aix\u00f2, no es responsabilitza de la p\u00e8rdua o l&#8217;esborrament accidental de les dades per part dels usuaris. D&#8217;igual manera, no garanteix la reposici\u00f3 total de les dades esborrades pels usuaris, ja que les citades dades podrien haver estat suprimides i\/o modificades durant el per\u00edode del temps transcorregut des de l&#8217;\u00faltima c\u00f2pia de seguretat.<\/p><p>Els serveis oferts, excepte els serveis espec\u00edfics de c\u00f2pia de seguretat, no inclouen la reposici\u00f3 dels continguts conservats en les c\u00f2pies de seguretat realitzades per l&#8217;empresa, quan aquesta p\u00e8rdua sigui imputable a l&#8217;usuari; en aquest cas, es determinar\u00e0 una tarifa concorde a la complexitat i volum de la recuperaci\u00f3, sempre pr\u00e8via acceptaci\u00f3 de l&#8217;usuari o la usu\u00e0ria.<\/p><p>La reposici\u00f3 de dades esborrades nom\u00e9s est\u00e0 inclosa en el preu del servei quan la p\u00e8rdua del contingut sigui deguda a causes atribu\u00efbles a SAMSO.<\/p><p><b>\u00a0<\/b><\/p><p><b>Comunicacions comercials<\/b><\/p><p>En aplicaci\u00f3 de la LSSI, l&#8217;empresa no enviar\u00e0 comunicacions publicit\u00e0ries o promocionals per correu electr\u00f2nic o un altre mitj\u00e0 de comunicaci\u00f3 electr\u00f2nica equivalent que pr\u00e8viament no haguessin estat sol\u00b7licitades o expressament autoritzades pels destinataris d&#8217;aquestes.<\/p><p>En el cas d&#8217;usuaris amb els quals existeixi una relaci\u00f3 contractual pr\u00e8via, SAMSO s\u00ed que est\u00e0 autoritzat a l&#8217;enviament de comunicacions comercials referents a productes o serveis de l&#8217;empresa que siguin similars als que inicialment van ser objecte de contractaci\u00f3 amb el client.<\/p><p>En tot cas, l&#8217;usuari, despr\u00e9s d&#8217;acreditar la seva identitat, podr\u00e0 sol\u00b7licitar que no se li faci arribar m\u00e9s informaci\u00f3 comercial a trav\u00e9s d&#8217;<a href=\"mailto:info@samso.eco\">info@samso.eco<\/a>.<\/p>\t\t\t\t\t\t\t\t<\/div>\n\t\t\t\t<\/div>\n\t\t\t\t\t<\/div>\n\t\t\t\t<\/div>\n\t\t\t\t<\/div>\n\t\t","protected":false},"excerpt":{"rendered":"<p>Pol\u00edtica de Privacitat Ra\u00f3 social: SAMSO EDS, S.L. (d&#8217;ara endavant SAMSO). CIF: B70816590 Domicili: c\/ ANGL\u00cd, 31 4 &#8211; 08017 Barcelona \u00a0 PROTECCI\u00d3 DE DADES DE CAR\u00c0CTER PERSONAL SEGONS EL RGPD: SAMSO, en aplicaci\u00f3 de la normativa vigent en mat\u00e8ria de protecci\u00f3 de dades de car\u00e0cter personal, informa que les dades personals que es recullen [&hellip;]<\/p>\n","protected":false},"author":1,"featured_media":0,"parent":0,"menu_order":0,"comment_status":"closed","ping_status":"closed","template":"","meta":{"footnotes":""},"class_list":["post-809","page","type-page","status-publish","hentry"],"yoast_head":"<!-- This site is optimized with the Yoast SEO plugin v27.1.1 - https:\/\/yoast.com\/product\/yoast-seo-wordpress\/ -->\n<title>POL\u00cdTICA DE PRIVACITAT - Samso<\/title>\n<meta name=\"robots\" content=\"index, follow, max-snippet:-1, max-image-preview:large, max-video-preview:-1\" \/>\n<link rel=\"canonical\" href=\"https:\/\/samso.eco\/ca\/politica-de-privacitat\/\" \/>\n<meta property=\"og:locale\" content=\"ca_ES\" \/>\n<meta property=\"og:type\" content=\"article\" \/>\n<meta property=\"og:title\" content=\"POL\u00cdTICA DE PRIVACITAT - Samso\" \/>\n<meta property=\"og:description\" content=\"Pol\u00edtica de Privacitat Ra\u00f3 social: SAMSO EDS, S.L. (d&#8217;ara endavant SAMSO). CIF: B70816590 Domicili: c\/ ANGL\u00cd, 31 4 &#8211; 08017 Barcelona \u00a0 PROTECCI\u00d3 DE DADES DE CAR\u00c0CTER PERSONAL SEGONS EL RGPD: SAMSO, en aplicaci\u00f3 de la normativa vigent en mat\u00e8ria de protecci\u00f3 de dades de car\u00e0cter personal, informa que les dades personals que es recullen [&hellip;]\" \/>\n<meta property=\"og:url\" content=\"https:\/\/samso.eco\/ca\/politica-de-privacitat\/\" \/>\n<meta property=\"og:site_name\" content=\"Samso\" \/>\n<meta property=\"article:modified_time\" content=\"2025-02-16T16:33:48+00:00\" \/>\n<meta name=\"twitter:card\" content=\"summary_large_image\" \/>\n<meta name=\"twitter:label1\" content=\"Temps estimat de lectura\" \/>\n\t<meta name=\"twitter:data1\" content=\"9 minuts\" \/>\n<script type=\"application\/ld+json\" class=\"yoast-schema-graph\">{\"@context\":\"https:\/\/schema.org\",\"@graph\":[{\"@type\":\"WebPage\",\"@id\":\"https:\/\/samso.eco\/ca\/politica-de-privacitat\/\",\"url\":\"https:\/\/samso.eco\/ca\/politica-de-privacitat\/\",\"name\":\"POL\u00cdTICA DE PRIVACITAT - Samso\",\"isPartOf\":{\"@id\":\"https:\/\/samso.eco\/ca\/#website\"},\"datePublished\":\"2024-03-07T10:15:15+00:00\",\"dateModified\":\"2025-02-16T16:33:48+00:00\",\"breadcrumb\":{\"@id\":\"https:\/\/samso.eco\/ca\/politica-de-privacitat\/#breadcrumb\"},\"inLanguage\":\"ca\",\"potentialAction\":[{\"@type\":\"ReadAction\",\"target\":[\"https:\/\/samso.eco\/ca\/politica-de-privacitat\/\"]}]},{\"@type\":\"BreadcrumbList\",\"@id\":\"https:\/\/samso.eco\/ca\/politica-de-privacitat\/#breadcrumb\",\"itemListElement\":[{\"@type\":\"ListItem\",\"position\":1,\"name\":\"Portada\",\"item\":\"https:\/\/samso.eco\/ca\/home-2\/\"},{\"@type\":\"ListItem\",\"position\":2,\"name\":\"POL\u00cdTICA DE PRIVACITAT\"}]},{\"@type\":\"WebSite\",\"@id\":\"https:\/\/samso.eco\/ca\/#website\",\"url\":\"https:\/\/samso.eco\/ca\/\",\"name\":\"Samso\",\"description\":\"Construir contigo un futuro sostenible\",\"publisher\":{\"@id\":\"https:\/\/samso.eco\/ca\/#organization\"},\"potentialAction\":[{\"@type\":\"SearchAction\",\"target\":{\"@type\":\"EntryPoint\",\"urlTemplate\":\"https:\/\/samso.eco\/ca\/?s={search_term_string}\"},\"query-input\":{\"@type\":\"PropertyValueSpecification\",\"valueRequired\":true,\"valueName\":\"search_term_string\"}}],\"inLanguage\":\"ca\"},{\"@type\":\"Organization\",\"@id\":\"https:\/\/samso.eco\/ca\/#organization\",\"name\":\"Samso\",\"url\":\"https:\/\/samso.eco\/ca\/\",\"logo\":{\"@type\":\"ImageObject\",\"inLanguage\":\"ca\",\"@id\":\"https:\/\/samso.eco\/ca\/#\/schema\/logo\/image\/\",\"url\":\"https:\/\/samso.eco\/wp-content\/uploads\/2024\/03\/logo-samso-blanco.png\",\"contentUrl\":\"https:\/\/samso.eco\/wp-content\/uploads\/2024\/03\/logo-samso-blanco.png\",\"width\":800,\"height\":234,\"caption\":\"Samso\"},\"image\":{\"@id\":\"https:\/\/samso.eco\/ca\/#\/schema\/logo\/image\/\"}}]}<\/script>\n<!-- \/ Yoast SEO plugin. -->","yoast_head_json":{"title":"POL\u00cdTICA DE PRIVACITAT - Samso","robots":{"index":"index","follow":"follow","max-snippet":"max-snippet:-1","max-image-preview":"max-image-preview:large","max-video-preview":"max-video-preview:-1"},"canonical":"https:\/\/samso.eco\/ca\/politica-de-privacitat\/","og_locale":"ca_ES","og_type":"article","og_title":"POL\u00cdTICA DE PRIVACITAT - Samso","og_description":"Pol\u00edtica de Privacitat Ra\u00f3 social: SAMSO EDS, S.L. (d&#8217;ara endavant SAMSO). CIF: B70816590 Domicili: c\/ ANGL\u00cd, 31 4 &#8211; 08017 Barcelona \u00a0 PROTECCI\u00d3 DE DADES DE CAR\u00c0CTER PERSONAL SEGONS EL RGPD: SAMSO, en aplicaci\u00f3 de la normativa vigent en mat\u00e8ria de protecci\u00f3 de dades de car\u00e0cter personal, informa que les dades personals que es recullen [&hellip;]","og_url":"https:\/\/samso.eco\/ca\/politica-de-privacitat\/","og_site_name":"Samso","article_modified_time":"2025-02-16T16:33:48+00:00","twitter_card":"summary_large_image","twitter_misc":{"Temps estimat de lectura":"9 minuts"},"schema":{"@context":"https:\/\/schema.org","@graph":[{"@type":"WebPage","@id":"https:\/\/samso.eco\/ca\/politica-de-privacitat\/","url":"https:\/\/samso.eco\/ca\/politica-de-privacitat\/","name":"POL\u00cdTICA DE PRIVACITAT - Samso","isPartOf":{"@id":"https:\/\/samso.eco\/ca\/#website"},"datePublished":"2024-03-07T10:15:15+00:00","dateModified":"2025-02-16T16:33:48+00:00","breadcrumb":{"@id":"https:\/\/samso.eco\/ca\/politica-de-privacitat\/#breadcrumb"},"inLanguage":"ca","potentialAction":[{"@type":"ReadAction","target":["https:\/\/samso.eco\/ca\/politica-de-privacitat\/"]}]},{"@type":"BreadcrumbList","@id":"https:\/\/samso.eco\/ca\/politica-de-privacitat\/#breadcrumb","itemListElement":[{"@type":"ListItem","position":1,"name":"Portada","item":"https:\/\/samso.eco\/ca\/home-2\/"},{"@type":"ListItem","position":2,"name":"POL\u00cdTICA DE PRIVACITAT"}]},{"@type":"WebSite","@id":"https:\/\/samso.eco\/ca\/#website","url":"https:\/\/samso.eco\/ca\/","name":"Samso","description":"Construir contigo un futuro sostenible","publisher":{"@id":"https:\/\/samso.eco\/ca\/#organization"},"potentialAction":[{"@type":"SearchAction","target":{"@type":"EntryPoint","urlTemplate":"https:\/\/samso.eco\/ca\/?s={search_term_string}"},"query-input":{"@type":"PropertyValueSpecification","valueRequired":true,"valueName":"search_term_string"}}],"inLanguage":"ca"},{"@type":"Organization","@id":"https:\/\/samso.eco\/ca\/#organization","name":"Samso","url":"https:\/\/samso.eco\/ca\/","logo":{"@type":"ImageObject","inLanguage":"ca","@id":"https:\/\/samso.eco\/ca\/#\/schema\/logo\/image\/","url":"https:\/\/samso.eco\/wp-content\/uploads\/2024\/03\/logo-samso-blanco.png","contentUrl":"https:\/\/samso.eco\/wp-content\/uploads\/2024\/03\/logo-samso-blanco.png","width":800,"height":234,"caption":"Samso"},"image":{"@id":"https:\/\/samso.eco\/ca\/#\/schema\/logo\/image\/"}}]}},"_links":{"self":[{"href":"https:\/\/samso.eco\/ca\/wp-json\/wp\/v2\/pages\/809","targetHints":{"allow":["GET"]}}],"collection":[{"href":"https:\/\/samso.eco\/ca\/wp-json\/wp\/v2\/pages"}],"about":[{"href":"https:\/\/samso.eco\/ca\/wp-json\/wp\/v2\/types\/page"}],"author":[{"embeddable":true,"href":"https:\/\/samso.eco\/ca\/wp-json\/wp\/v2\/users\/1"}],"replies":[{"embeddable":true,"href":"https:\/\/samso.eco\/ca\/wp-json\/wp\/v2\/comments?post=809"}],"version-history":[{"count":28,"href":"https:\/\/samso.eco\/ca\/wp-json\/wp\/v2\/pages\/809\/revisions"}],"predecessor-version":[{"id":1811,"href":"https:\/\/samso.eco\/ca\/wp-json\/wp\/v2\/pages\/809\/revisions\/1811"}],"wp:attachment":[{"href":"https:\/\/samso.eco\/ca\/wp-json\/wp\/v2\/media?parent=809"}],"curies":[{"name":"wp","href":"https:\/\/api.w.org\/{rel}","templated":true}]}}