{"id":807,"date":"2024-03-07T10:08:39","date_gmt":"2024-03-07T10:08:39","guid":{"rendered":"https:\/\/samso.eco\/politica-de-cookies-2\/"},"modified":"2025-02-16T16:43:16","modified_gmt":"2025-02-16T16:43:16","slug":"politica-de-cookies-2","status":"publish","type":"page","link":"https:\/\/samso.eco\/ca\/politica-de-cookies-2\/","title":{"rendered":"POL\u00cdTICA DE COOKIES"},"content":{"rendered":"\t\t<div data-elementor-type=\"wp-page\" data-elementor-id=\"807\" class=\"elementor elementor-807 elementor-567\" data-elementor-post-type=\"page\">\n\t\t\t\t<div class=\"elementor-element elementor-element-267b23f e-flex e-con-boxed e-con e-parent\" data-id=\"267b23f\" data-element_type=\"container\" data-e-type=\"container\" data-settings=\"{&quot;background_background&quot;:&quot;classic&quot;}\">\n\t\t\t\t\t<div class=\"e-con-inner\">\n\t\t\t\t<div class=\"elementor-element elementor-element-f90733d elementor-widget elementor-widget-heading\" data-id=\"f90733d\" data-element_type=\"widget\" data-e-type=\"widget\" data-widget_type=\"heading.default\">\n\t\t\t\t<div class=\"elementor-widget-container\">\n\t\t\t\t\t<h2 class=\"elementor-heading-title elementor-size-default\">POL\u00cdTICA DE COOKIES<\/h2>\t\t\t\t<\/div>\n\t\t\t\t<\/div>\n\t\t\t\t\t<\/div>\n\t\t\t\t<\/div>\n\t\t<div class=\"elementor-element elementor-element-fa2f6d5 e-flex e-con-boxed e-con e-parent\" data-id=\"fa2f6d5\" data-element_type=\"container\" data-e-type=\"container\">\n\t\t\t\t\t<div class=\"e-con-inner\">\n\t\t\t\t<div class=\"elementor-element elementor-element-db92ba9 elementor-widget elementor-widget-text-editor\" data-id=\"db92ba9\" data-element_type=\"widget\" data-e-type=\"widget\" data-widget_type=\"text-editor.default\">\n\t\t\t\t<div class=\"elementor-widget-container\">\n\t\t\t\t\t\t\t\t\t<p><b>Informaci\u00f3 general<\/b><\/p><p class=\"p2\">A causa de l&#8217;entrada en vigor de la referent modificaci\u00f3 de la \u201cLlei de Serveis de la Societat de la Informaci\u00f3\u201d (LSSICE) establerta pel Reial Decret 13\/2012, \u00e9s d&#8217;obligaci\u00f3 obtenir el consentiment expr\u00e9s de l&#8217;usuari de totes les p\u00e0gines web que usen cookies prescindibles, abans que aquest navegui per elles.<\/p><p class=\"p3\">Qu\u00e8 s\u00f3n les cookies?<\/p><p class=\"p2\">Les cookies i altres tecnologies similars com ara local shared objects, flaix cookies o p\u00edxels, s\u00f3n eines emprades pels servidors Web per a emmagatzemar i recuperar informaci\u00f3 sobre els seus visitants, aix\u00ed com per a oferir un correcte funcionament del lloc.<\/p><p class=\"p2\">Mitjan\u00e7ant l&#8217;\u00fas d&#8217;aquests dispositius es permet al servidor Web recordar algunes dades concernents a l&#8217;usuari, com les seves prefer\u00e8ncies per a la visualitzaci\u00f3 de les p\u00e0gines d&#8217;aquest servidor, nom i contrasenya, productes que m\u00e9s li interessen, etc.<\/p><p class=\"p3\">Cookies afectades per la normativa i cookies exceptuades<\/p><p class=\"p2\">Segons la directiva de la UE, les cookies que requereixen el consentiment informat per part de l&#8217;usuari s\u00f3n les cookies d&#8217;anal\u00edtica i les de publicitat i afiliaci\u00f3, quedant exceptuades les de car\u00e0cter t\u00e8cnic i les necess\u00e0ries per al funcionament del lloc web o la prestaci\u00f3 de serveis expressament sol\u00b7licitats per l&#8217;usuari.<\/p><p class=\"p3\"><b>\u00a0<\/b><\/p><h4><b>Quins tipus de cookies existeixen?<\/b><\/h4><p class=\"p4\">Segons la seva titularitat<\/p><ul class=\"ul1\"><li class=\"li5\"><span class=\"s2\"><b>Cookies pr\u00f2pies<\/b>: S\u00f3n aquelles que s&#8217;envien a l&#8217;equip terminal de l&#8217;usuari des d&#8217;un equip o domini gestionat pel mateix editor i des del qual es presta el servei sol\u00b7licitat per l&#8217;usuari.<\/span><\/li><li class=\"li5\"><span class=\"s2\"><b>Cookies de tercers<\/b>: S\u00f3n aquelles que s&#8217;envien a l&#8217;equip terminal de l&#8217;usuari des d&#8217;un equip o domini que no \u00e9s gestionat per l&#8217;editor, sin\u00f3 per una altra entitat que tracta les dades obtingudes trav\u00e9s de les cookies.<\/span><\/li><\/ul><div>\u00a0<\/div><p class=\"p4\">Segons la seva durada<\/p><ul class=\"ul1\"><li class=\"li5\"><span class=\"s2\"><b>Cookies de sessi\u00f3<\/b>: \u00a0S\u00f3n un tipus de cookies dissenyades per a recaptar i emmagatzemar dades mentre l&#8217;usuari accedeix a una p\u00e0gina web.<\/span><\/li><li class=\"li5\"><span class=\"s2\"><b>Cookies persistents<\/b>: S\u00f3n un tipus de cookies en el qual les dades segueixen emmagatzemades en el terminal i poden ser accedides i tractades durant un per\u00edode definit pel responsable de la cookie, i que pot anar d&#8217;uns minuts a diversos anys.<\/span><\/li><\/ul><div>\u00a0<\/div><p class=\"p4\">Segons la seva funcionalitat<\/p><ul class=\"ul1\"><li class=\"li5\"><span class=\"s2\"><b>Cookies necess\u00e0ries<\/b>: s\u00f3n aquelles imprescindibles per al correcte funcionament del lloc web. No recopilen cap mena de dades d&#8217;usuari i recullen informaci\u00f3 com la prefer\u00e8ncia d&#8217;idioma, si s&#8217;ha acceptat la pol\u00edtica de cookies, etc.<\/span><\/li><li class=\"li5\"><span class=\"s2\"><b>Cookies d&#8217;an\u00e0lisis<\/b>: S\u00f3n aquelles que ben tractades per nosaltres o per tercers, ens permeten quantificar el nombre d&#8217;usuaris i aix\u00ed realitzar el mesurament i an\u00e0lisi estad\u00edstica de la utilitzaci\u00f3 que fan els usuaris del servei ofert. Per a aix\u00f2 s&#8217;analitza la seva navegaci\u00f3 en la nostra p\u00e0gina web amb la finalitat de millorar l&#8217;oferta de productes o serveis que li oferim.<\/span><\/li><li class=\"li5\"><span class=\"s2\"><b>Cookies publicit\u00e0ries o de m\u00e0rqueting<\/b>: S\u00f3n aquelles que permeten la gesti\u00f3, de la forma m\u00e9s efica\u00e7 possible, dels espais publicitaris que, si \u00e9s el cas, l&#8217;editor hagi incl\u00f2s en una p\u00e0gina web, aplicaci\u00f3 o plataforma des de la qual presta el servei sol\u00b7licitat sobre la base de criteris com el contingut editat o la freq\u00fc\u00e8ncia en la qual es mostren els anuncis.<\/span><\/li><li class=\"li5\"><span class=\"s2\"><b>Cookies de publicitat comportamental o de m\u00e0rqueting personalitzat<\/b>: S\u00f3n aquelles que permeten la gesti\u00f3, de la forma m\u00e9s efica\u00e7 possible, dels espais publicitaris que, si \u00e9s el cas, l&#8217;editor hagi incl\u00f2s en una p\u00e0gina web, aplicaci\u00f3 o plataforma des de la qual presta el servei sol\u00b7licitat. Aquestes cookies emmagatzemen informaci\u00f3 del comportament dels usuaris obtinguda a trav\u00e9s de l&#8217;observaci\u00f3 continuada dels seus h\u00e0bits de navegaci\u00f3, la qual cosa permet desenvolupar un perfil espec\u00edfic per a mostrar publicitat en funci\u00f3 d&#8217;aquest. Aix\u00ed mateix, \u00e9s possible que en visitar alguna p\u00e0gina web o en obrir algun email on es publiqui algun anunci o alguna promoci\u00f3 sobre els nostres productes o serveis s&#8217;instal\u00b7li en el teu navegador alguna cookie que ens serveix per a mostrar-te posteriorment publicitat relacionada amb la cerca que hagis realitzat, desenvolupar un control dels nostres anuncis en relaci\u00f3, per exemple, amb el nombre de vegades que s\u00f3n vists, on apareixen, a quina hora es veuen, etc.<\/span><\/li><\/ul><div>\u00a0<\/div><p class=\"p1\"><b>Declaraci\u00f3 de Cookies<\/b><\/p><table class=\"t1\" style=\"color: var( --e-global-color-text ); font-family: var( --e-global-typography-text-font-family ), Sans-serif; font-weight: var( --e-global-typography-text-font-weight ); text-align: var(--text-align); background-color: #ffffff;\" cellspacing=\"0\" cellpadding=\"0\"><tbody><tr><td class=\"td1\" valign=\"bottom\"><p class=\"p8\"><b>COOKIE<br \/>(i prove\u00efdor)<\/b><\/p><\/td><td class=\"td2\" valign=\"bottom\"><p class=\"p8\"><b>Duraci\u00f3<\/b><\/p><\/td><td class=\"td3\" valign=\"bottom\"><p class=\"p8\"><b>Descripci\u00f3<\/b><\/p><\/td><\/tr><tr><td class=\"td4\" valign=\"bottom\"><p class=\"p8\">__cfduid (notin.es)<\/p><\/td><td class=\"td5\" valign=\"bottom\"><p class=\"p8\">Sessi\u00f3<\/p><\/td><td class=\"td6\" valign=\"bottom\"><p class=\"p8\">Publicitat<\/p><\/td><\/tr><tr><td class=\"td1\" valign=\"bottom\"><p class=\"p8\">personalization_id (twitter.com)<\/p><\/td><td class=\"td2\" valign=\"bottom\"><p class=\"p8\">Sessi\u00f3<\/p><\/td><td class=\"td3\" valign=\"bottom\"><p class=\"p8\">Twitter<\/p><\/td><\/tr><tr><td class=\"td7\" valign=\"bottom\"><p class=\"p8\">Facebook<\/p><\/td><td class=\"td8\" valign=\"bottom\"><p class=\"p8\">Publicitat, estad\u00edstiques i mesures<\/p><\/td><td class=\"td9\" valign=\"bottom\"><p class=\"p8\">Col\u00b7loca Cookies en l&#8217;ordinador o dispositiu i rep la informaci\u00f3 emmagatzemada en elles quan utilitzes o visites serveis prestats per altres empreses que utilitzen els serveis de Facebook.<\/p><\/td><\/tr><tr><td class=\"td4\" valign=\"bottom\"><p class=\"p8\">_ga (Google)<\/p><\/td><td class=\"td5\" valign=\"bottom\"><p class=\"p8\">2 anys<\/p><\/td><td class=\"td6\" valign=\"bottom\"><p class=\"p8\">S\u2019utilitza per distingir els usuaris\/es<\/p><\/td><\/tr><tr><td class=\"td10\" valign=\"bottom\"><p class=\"p8\">_gid (Google)<\/p><\/td><td class=\"td11\" valign=\"bottom\"><p class=\"p8\">24 horas<\/p><\/td><td class=\"td12\" valign=\"bottom\"><p class=\"p8\">S\u2019utilitza per distingir els usuaris\/es<\/p><\/td><\/tr><tr><td class=\"td13\" valign=\"bottom\"><p class=\"p8\">_gat (Google)<\/p><\/td><td class=\"td14\" valign=\"bottom\"><p class=\"p8\">1\u00a0minut<\/p><\/td><td class=\"td15\" valign=\"bottom\"><p class=\"p8\">S\u2019utilitza per a limitar el percentatge de sol\u00b7licituds. Si has implementat Google Analytics mitjan\u00e7ant Google\u00a0Tag\u00a0Manager, aquesta cookie es dir\u00e0 _dc_gtm_<a href=\"https:\/\/uztai.com\/\"><span class=\"s3\">.<\/span><\/a><\/p><\/td><\/tr><tr><td class=\"td10\" valign=\"bottom\"><p class=\"p8\">_gali (Google)<\/p><\/td><td class=\"td11\" valign=\"bottom\"><p class=\"p8\">30s<\/p><\/td><td class=\"td12\" valign=\"bottom\"><p class=\"p8\">Atribuci\u00f3 d\u2019enlla\u00e7 millorada<\/p><\/td><\/tr><tr><td class=\"td16\" valign=\"bottom\"><p class=\"p8\">_unam (SHARETHIS)<\/p><\/td><td class=\"td17\" valign=\"bottom\"><p class=\"p8\">Persistent<\/p><\/td><td class=\"td18\" valign=\"bottom\"><p class=\"p8\">La seva finalitat \u00e9s quantificar el nombre d&#8217;Usuaris que comparteixen un determinat contingut i quantes p\u00e0gines web s\u00f3n visitades arran d&#8217;aquesta acci\u00f3.<\/p><\/td><\/tr><tr><td class=\"td19\" valign=\"bottom\"><p class=\"p8\">WordPress<\/p><\/td><td class=\"td20\" valign=\"bottom\"><p class=\"p8\">2 anys<\/p><\/td><td class=\"td21\" valign=\"bottom\"><p class=\"p8\">Utilitzat per al correcte funcionament del gestor de contingut WordPress<\/p><\/td><\/tr><\/tbody><\/table><p class=\"p11\">Revocaci\u00f3 del consentiment per a instal\u00b7lar Cookies<\/p><p class=\"p7\">En aquest apartat s\u2019explica com\u00a0 poden els usuaris retirar o modificar el seu consentiment per a l&#8217;\u00fas de cookies.<\/p><p class=\"p3\">Com eliminar les Cookies del navegador.<\/p><ul class=\"ul1\"><li class=\"li12\"><span class=\"s5\"><b>Chrome<\/b>:\u00a0<a href=\"https:\/\/support.google.com\/chrome\/answer\/95647\"><span class=\"s6\">https:\/\/support.google.com\/chrome\/answer\/95647<\/span><\/a><\/span><\/li><li class=\"li12\"><span class=\"s5\"><b>Internet Explorer<\/b>:\u00a0<a href=\"https:\/\/support.microsoft.com\/es-es\/help\/17442\/windows-internet-explorer-delete-manage-cookies\"><span class=\"s6\">https:\/\/support.microsoft.com\/es-es\/help\/17442\/windows-internet-explorer-delete-manage-cookies<\/span><\/a><\/span><\/li><li class=\"li12\"><span class=\"s5\"><b>Firefox<\/b>:\u00a0<a href=\"https:\/\/support.mozilla.org\/es\/kb\/habilitar-y-deshabilitar-cookies-sitios-web-rastrear-preferencias\"><span class=\"s6\">https:\/\/support.mozilla.org\/es\/kb\/habilitar-y-deshabilitar-cookies-sitios-web-rastrear-preferencias<\/span><\/a><\/span><\/li><li class=\"li12\"><span class=\"s5\"><b>Safari<\/b>:\u00a0<a href=\"https:\/\/support.apple.com\/es-es\/guide\/safari\/sfri11471\/mac\"><span class=\"s6\">https:\/\/support.apple.com\/es-es\/guide\/safari\/sfri11471\/mac<\/span><\/a><\/span><\/li><li class=\"li12\"><span class=\"s5\"><b>Opera<\/b>:\u00a0<a href=\"https:\/\/www.opera.com\/help\/tutorials\/security\/privacy\/\"><span class=\"s6\">https:\/\/www.opera.com\/help\/tutorials\/security\/privacy\/<\/span><\/a><\/span><\/li><\/ul><div>\u00a0<\/div><p class=\"p2\">Si no apareix llistat, consulti la documentaci\u00f3 del navegador que tingui instal\u00b7lat per a bloquejar, eliminar o permetre la desc\u00e0rrega de Cookies.<\/p><p class=\"p2\">M\u00e9s informaci\u00f3<\/p><p class=\"p2\">L&#8217;usuari pot plantejar qualsevol consulta relacionada amb l&#8217;\u00fas de cookies que no estigui contestada en aquesta Pol\u00edtica de Cookies a trav\u00e9s del correu electr\u00f2nic <a href=\"mailto:info@samso.eco\"><span class=\"s7\">info@samso.eco<\/span><\/a>.<\/p>\t\t\t\t\t\t\t\t<\/div>\n\t\t\t\t<\/div>\n\t\t\t\t\t<\/div>\n\t\t\t\t<\/div>\n\t\t\t\t<\/div>\n\t\t","protected":false},"excerpt":{"rendered":"<p>POL\u00cdTICA DE COOKIES Informaci\u00f3 general A causa de l&#8217;entrada en vigor de la referent modificaci\u00f3 de la \u201cLlei de Serveis de la Societat de la Informaci\u00f3\u201d (LSSICE) establerta pel Reial Decret 13\/2012, \u00e9s d&#8217;obligaci\u00f3 obtenir el consentiment expr\u00e9s de l&#8217;usuari de totes les p\u00e0gines web que usen cookies prescindibles, abans que aquest navegui per elles. [&hellip;]<\/p>\n","protected":false},"author":1,"featured_media":0,"parent":0,"menu_order":0,"comment_status":"closed","ping_status":"closed","template":"","meta":{"footnotes":""},"class_list":["post-807","page","type-page","status-publish","hentry"],"yoast_head":"<!-- This site is optimized with the Yoast SEO plugin v27.1.1 - https:\/\/yoast.com\/product\/yoast-seo-wordpress\/ -->\n<title>POL\u00cdTICA DE COOKIES - Samso<\/title>\n<meta name=\"robots\" content=\"index, follow, max-snippet:-1, max-image-preview:large, max-video-preview:-1\" \/>\n<link rel=\"canonical\" href=\"https:\/\/samso.eco\/ca\/politica-de-cookies-2\/\" \/>\n<meta property=\"og:locale\" content=\"ca_ES\" \/>\n<meta property=\"og:type\" content=\"article\" \/>\n<meta property=\"og:title\" content=\"POL\u00cdTICA DE COOKIES - Samso\" \/>\n<meta property=\"og:description\" content=\"POL\u00cdTICA DE COOKIES Informaci\u00f3 general A causa de l&#8217;entrada en vigor de la referent modificaci\u00f3 de la \u201cLlei de Serveis de la Societat de la Informaci\u00f3\u201d (LSSICE) establerta pel Reial Decret 13\/2012, \u00e9s d&#8217;obligaci\u00f3 obtenir el consentiment expr\u00e9s de l&#8217;usuari de totes les p\u00e0gines web que usen cookies prescindibles, abans que aquest navegui per elles. [&hellip;]\" \/>\n<meta property=\"og:url\" content=\"https:\/\/samso.eco\/ca\/politica-de-cookies-2\/\" \/>\n<meta property=\"og:site_name\" content=\"Samso\" \/>\n<meta property=\"article:modified_time\" content=\"2025-02-16T16:43:16+00:00\" \/>\n<meta name=\"twitter:card\" content=\"summary_large_image\" \/>\n<meta name=\"twitter:label1\" content=\"Temps estimat de lectura\" \/>\n\t<meta name=\"twitter:data1\" content=\"5 minuts\" \/>\n<script type=\"application\/ld+json\" class=\"yoast-schema-graph\">{\"@context\":\"https:\/\/schema.org\",\"@graph\":[{\"@type\":\"WebPage\",\"@id\":\"https:\/\/samso.eco\/ca\/politica-de-cookies-2\/\",\"url\":\"https:\/\/samso.eco\/ca\/politica-de-cookies-2\/\",\"name\":\"POL\u00cdTICA DE COOKIES - Samso\",\"isPartOf\":{\"@id\":\"https:\/\/samso.eco\/ca\/#website\"},\"datePublished\":\"2024-03-07T10:08:39+00:00\",\"dateModified\":\"2025-02-16T16:43:16+00:00\",\"breadcrumb\":{\"@id\":\"https:\/\/samso.eco\/ca\/politica-de-cookies-2\/#breadcrumb\"},\"inLanguage\":\"ca\",\"potentialAction\":[{\"@type\":\"ReadAction\",\"target\":[\"https:\/\/samso.eco\/ca\/politica-de-cookies-2\/\"]}]},{\"@type\":\"BreadcrumbList\",\"@id\":\"https:\/\/samso.eco\/ca\/politica-de-cookies-2\/#breadcrumb\",\"itemListElement\":[{\"@type\":\"ListItem\",\"position\":1,\"name\":\"Portada\",\"item\":\"https:\/\/samso.eco\/ca\/home-2\/\"},{\"@type\":\"ListItem\",\"position\":2,\"name\":\"POL\u00cdTICA DE COOKIES\"}]},{\"@type\":\"WebSite\",\"@id\":\"https:\/\/samso.eco\/ca\/#website\",\"url\":\"https:\/\/samso.eco\/ca\/\",\"name\":\"Samso\",\"description\":\"Construir contigo un futuro sostenible\",\"publisher\":{\"@id\":\"https:\/\/samso.eco\/ca\/#organization\"},\"potentialAction\":[{\"@type\":\"SearchAction\",\"target\":{\"@type\":\"EntryPoint\",\"urlTemplate\":\"https:\/\/samso.eco\/ca\/?s={search_term_string}\"},\"query-input\":{\"@type\":\"PropertyValueSpecification\",\"valueRequired\":true,\"valueName\":\"search_term_string\"}}],\"inLanguage\":\"ca\"},{\"@type\":\"Organization\",\"@id\":\"https:\/\/samso.eco\/ca\/#organization\",\"name\":\"Samso\",\"url\":\"https:\/\/samso.eco\/ca\/\",\"logo\":{\"@type\":\"ImageObject\",\"inLanguage\":\"ca\",\"@id\":\"https:\/\/samso.eco\/ca\/#\/schema\/logo\/image\/\",\"url\":\"https:\/\/samso.eco\/wp-content\/uploads\/2024\/03\/logo-samso-blanco.png\",\"contentUrl\":\"https:\/\/samso.eco\/wp-content\/uploads\/2024\/03\/logo-samso-blanco.png\",\"width\":800,\"height\":234,\"caption\":\"Samso\"},\"image\":{\"@id\":\"https:\/\/samso.eco\/ca\/#\/schema\/logo\/image\/\"}}]}<\/script>\n<!-- \/ Yoast SEO plugin. -->","yoast_head_json":{"title":"POL\u00cdTICA DE COOKIES - Samso","robots":{"index":"index","follow":"follow","max-snippet":"max-snippet:-1","max-image-preview":"max-image-preview:large","max-video-preview":"max-video-preview:-1"},"canonical":"https:\/\/samso.eco\/ca\/politica-de-cookies-2\/","og_locale":"ca_ES","og_type":"article","og_title":"POL\u00cdTICA DE COOKIES - Samso","og_description":"POL\u00cdTICA DE COOKIES Informaci\u00f3 general A causa de l&#8217;entrada en vigor de la referent modificaci\u00f3 de la \u201cLlei de Serveis de la Societat de la Informaci\u00f3\u201d (LSSICE) establerta pel Reial Decret 13\/2012, \u00e9s d&#8217;obligaci\u00f3 obtenir el consentiment expr\u00e9s de l&#8217;usuari de totes les p\u00e0gines web que usen cookies prescindibles, abans que aquest navegui per elles. [&hellip;]","og_url":"https:\/\/samso.eco\/ca\/politica-de-cookies-2\/","og_site_name":"Samso","article_modified_time":"2025-02-16T16:43:16+00:00","twitter_card":"summary_large_image","twitter_misc":{"Temps estimat de lectura":"5 minuts"},"schema":{"@context":"https:\/\/schema.org","@graph":[{"@type":"WebPage","@id":"https:\/\/samso.eco\/ca\/politica-de-cookies-2\/","url":"https:\/\/samso.eco\/ca\/politica-de-cookies-2\/","name":"POL\u00cdTICA DE COOKIES - Samso","isPartOf":{"@id":"https:\/\/samso.eco\/ca\/#website"},"datePublished":"2024-03-07T10:08:39+00:00","dateModified":"2025-02-16T16:43:16+00:00","breadcrumb":{"@id":"https:\/\/samso.eco\/ca\/politica-de-cookies-2\/#breadcrumb"},"inLanguage":"ca","potentialAction":[{"@type":"ReadAction","target":["https:\/\/samso.eco\/ca\/politica-de-cookies-2\/"]}]},{"@type":"BreadcrumbList","@id":"https:\/\/samso.eco\/ca\/politica-de-cookies-2\/#breadcrumb","itemListElement":[{"@type":"ListItem","position":1,"name":"Portada","item":"https:\/\/samso.eco\/ca\/home-2\/"},{"@type":"ListItem","position":2,"name":"POL\u00cdTICA DE COOKIES"}]},{"@type":"WebSite","@id":"https:\/\/samso.eco\/ca\/#website","url":"https:\/\/samso.eco\/ca\/","name":"Samso","description":"Construir contigo un futuro sostenible","publisher":{"@id":"https:\/\/samso.eco\/ca\/#organization"},"potentialAction":[{"@type":"SearchAction","target":{"@type":"EntryPoint","urlTemplate":"https:\/\/samso.eco\/ca\/?s={search_term_string}"},"query-input":{"@type":"PropertyValueSpecification","valueRequired":true,"valueName":"search_term_string"}}],"inLanguage":"ca"},{"@type":"Organization","@id":"https:\/\/samso.eco\/ca\/#organization","name":"Samso","url":"https:\/\/samso.eco\/ca\/","logo":{"@type":"ImageObject","inLanguage":"ca","@id":"https:\/\/samso.eco\/ca\/#\/schema\/logo\/image\/","url":"https:\/\/samso.eco\/wp-content\/uploads\/2024\/03\/logo-samso-blanco.png","contentUrl":"https:\/\/samso.eco\/wp-content\/uploads\/2024\/03\/logo-samso-blanco.png","width":800,"height":234,"caption":"Samso"},"image":{"@id":"https:\/\/samso.eco\/ca\/#\/schema\/logo\/image\/"}}]}},"_links":{"self":[{"href":"https:\/\/samso.eco\/ca\/wp-json\/wp\/v2\/pages\/807","targetHints":{"allow":["GET"]}}],"collection":[{"href":"https:\/\/samso.eco\/ca\/wp-json\/wp\/v2\/pages"}],"about":[{"href":"https:\/\/samso.eco\/ca\/wp-json\/wp\/v2\/types\/page"}],"author":[{"embeddable":true,"href":"https:\/\/samso.eco\/ca\/wp-json\/wp\/v2\/users\/1"}],"replies":[{"embeddable":true,"href":"https:\/\/samso.eco\/ca\/wp-json\/wp\/v2\/comments?post=807"}],"version-history":[{"count":8,"href":"https:\/\/samso.eco\/ca\/wp-json\/wp\/v2\/pages\/807\/revisions"}],"predecessor-version":[{"id":1821,"href":"https:\/\/samso.eco\/ca\/wp-json\/wp\/v2\/pages\/807\/revisions\/1821"}],"wp:attachment":[{"href":"https:\/\/samso.eco\/ca\/wp-json\/wp\/v2\/media?parent=807"}],"curies":[{"name":"wp","href":"https:\/\/api.w.org\/{rel}","templated":true}]}}