{"id":762,"date":"2024-03-04T16:34:11","date_gmt":"2024-03-04T16:34:11","guid":{"rendered":"https:\/\/samso.eco\/samso\/"},"modified":"2025-04-21T18:39:49","modified_gmt":"2025-04-21T18:39:49","slug":"samso","status":"publish","type":"page","link":"https:\/\/samso.eco\/ca\/samso\/","title":{"rendered":"SAMS\u00d8 &#8211; 3"},"content":{"rendered":"\t\t<div data-elementor-type=\"wp-page\" data-elementor-id=\"762\" class=\"elementor elementor-762 elementor-96\" data-elementor-post-type=\"page\">\n\t\t\t\t<div class=\"elementor-element elementor-element-7ff09a4 e-con-full e-flex e-con e-parent\" data-id=\"7ff09a4\" data-element_type=\"container\" data-e-type=\"container\" data-settings=\"{&quot;background_background&quot;:&quot;classic&quot;}\">\n\t\t<div class=\"elementor-element elementor-element-60b5be6 e-con-full e-flex e-con e-child\" data-id=\"60b5be6\" data-element_type=\"container\" data-e-type=\"container\">\n\t\t<div class=\"elementor-element elementor-element-1378ef9 e-con-full e-flex e-con e-child\" data-id=\"1378ef9\" data-element_type=\"container\" data-e-type=\"container\">\n\t\t\t\t<div class=\"elementor-element elementor-element-3697760 elementor-widget elementor-widget-image\" data-id=\"3697760\" data-element_type=\"widget\" data-e-type=\"widget\" data-widget_type=\"image.default\">\n\t\t\t\t<div class=\"elementor-widget-container\">\n\t\t\t\t\t\t\t\t\t\t\t\t\t\t\t<img fetchpriority=\"high\" decoding=\"async\" width=\"340\" height=\"647\" src=\"https:\/\/samso.eco\/wp-content\/uploads\/2024\/03\/isla-samso.png\" class=\"attachment-full size-full wp-image-638\" alt=\"\" srcset=\"https:\/\/samso.eco\/wp-content\/uploads\/2024\/03\/isla-samso.png 340w, https:\/\/samso.eco\/wp-content\/uploads\/2024\/03\/isla-samso-158x300.png 158w, https:\/\/samso.eco\/wp-content\/uploads\/2024\/03\/isla-samso-79x150.png 79w\" sizes=\"(max-width: 340px) 100vw, 340px\" \/>\t\t\t\t\t\t\t\t\t\t\t\t\t\t\t<\/div>\n\t\t\t\t<\/div>\n\t\t\t\t<\/div>\n\t\t<div class=\"elementor-element elementor-element-f9d9ac1 e-flex e-con-boxed e-con e-child\" data-id=\"f9d9ac1\" data-element_type=\"container\" data-e-type=\"container\">\n\t\t\t\t\t<div class=\"e-con-inner\">\n\t\t\t\t<div class=\"elementor-element elementor-element-13c0266 elementor-widget elementor-widget-text-editor\" data-id=\"13c0266\" data-element_type=\"widget\" data-e-type=\"widget\" data-widget_type=\"text-editor.default\">\n\t\t\t\t<div class=\"elementor-widget-container\">\n\t\t\t\t\t\t\t\t\t<p>Sams\u00f8 \u00e9s una illa danesa que avui dia produeix amb renovables m\u00e9s energia de la que necessiten, l&#8217;exporta a la resta de Dinamarca i gr\u00e0cies a aix\u00f2 obt\u00e9 un retorn per al territori i a la seva gent.<\/p>\t\t\t\t\t\t\t\t<\/div>\n\t\t\t\t<\/div>\n\t\t\t\t<div class=\"elementor-element elementor-element-e1fca8a elementor-widget elementor-widget-text-editor\" data-id=\"e1fca8a\" data-element_type=\"widget\" data-e-type=\"widget\" data-widget_type=\"text-editor.default\">\n\t\t\t\t<div class=\"elementor-widget-container\">\n\t\t\t\t\t\t\t\t\t<p>Per a nosaltres representa un bon exemple de transici\u00f3 energ\u00e8tica justa, democr\u00e0tica i distribu\u00efda. Sams\u00f3 \u00e9s al seu torn la denominaci\u00f3 d&#8217;una varietat de ra\u00efm mediterrani molt com\u00fa i resistent. Representa el nostre comprom\u00eds amb el territori, el local i el concret. Tot aix\u00f2 reflecteix la nostra vocaci\u00f3 d&#8217;equilibri: entre idealisme i pragmatisme, entre utopia i realitat, entre renovables i territori.<\/p>\t\t\t\t\t\t\t\t<\/div>\n\t\t\t\t<\/div>\n\t\t\t\t\t<\/div>\n\t\t\t\t<\/div>\n\t\t\t\t<\/div>\n\t\t\t\t<\/div>\n\t\t<div class=\"elementor-element elementor-element-7a7c5b0 e-flex e-con-boxed e-con e-parent\" data-id=\"7a7c5b0\" data-element_type=\"container\" data-e-type=\"container\" data-settings=\"{&quot;background_background&quot;:&quot;classic&quot;}\">\n\t\t\t\t\t<div class=\"e-con-inner\">\n\t\t<div class=\"elementor-element elementor-element-eaa38d1 e-con-full e-flex e-con e-child\" data-id=\"eaa38d1\" data-element_type=\"container\" data-e-type=\"container\">\n\t\t\t\t<div class=\"elementor-element elementor-element-2ddfff0 elementor-widget elementor-widget-text-editor\" data-id=\"2ddfff0\" data-element_type=\"widget\" data-e-type=\"widget\" data-widget_type=\"text-editor.default\">\n\t\t\t\t<div class=\"elementor-widget-container\">\n\t\t\t\t\t\t\t\t\t<p>Som una consultora de core legal, experts en regulaci\u00f3 energ\u00e8tica i vocaci\u00f3 multidisciplin\u00e0ria per a fer realitat una transici\u00f3 energ\u00e8tica justa i distribu\u00efda.<\/p>\t\t\t\t\t\t\t\t<\/div>\n\t\t\t\t<\/div>\n\t\t\t\t<div class=\"elementor-element elementor-element-f9512f1 elementor-widget elementor-widget-text-editor\" data-id=\"f9512f1\" data-element_type=\"widget\" data-e-type=\"widget\" data-widget_type=\"text-editor.default\">\n\t\t\t\t<div class=\"elementor-widget-container\">\n\t\t\t\t\t\t\t\t\t<p>Una aposta forta a favor de la descarbonitzaci\u00f3, coherent amb l&#8217;acci\u00f3 i l&#8217;ambici\u00f3 que la crisi clim\u00e0tica imposa, per\u00f2 fidel a la promesa de transformaci\u00f3 i progr\u00e9s social origin\u00e0ria de les energies renovables.<\/p><p>Sams\u00f8 tamb\u00e9 acompanya actors p\u00fablics i privats en el cam\u00ed a la sostenibilitat. Som experts en disseny de pol\u00edtiques p\u00fabliques i en la definici\u00f3 d\u2019estrat\u00e8gies de transici\u00f3 ambiental i energ\u00e8tica i coneixem les diferents tecnologies i alternatives, la regulaci\u00f3, els models de negoci, els impactes i els pros i els contres. I el m\u00e9s important: sabem escoltar i aplicar aquest coneixement al cas concret, tenint en compte les seves particularitats i necessitats. La nostra vocaci\u00f3 \u00e9s ajudar-te a ser protagonista d&#8217;aquest proc\u00e9s de transformaci\u00f3 ambiental, econ\u00f2mica i social engegat.<\/p>\t\t\t\t\t\t\t\t<\/div>\n\t\t\t\t<\/div>\n\t\t\t\t<\/div>\n\t\t<div class=\"elementor-element elementor-element-ad99530 e-flex e-con-boxed e-con e-child\" data-id=\"ad99530\" data-element_type=\"container\" data-e-type=\"container\">\n\t\t\t\t\t<div class=\"e-con-inner\">\n\t\t\t\t<div class=\"elementor-element elementor-element-88daaf9 elementor-widget elementor-widget-image\" data-id=\"88daaf9\" data-element_type=\"widget\" data-e-type=\"widget\" data-widget_type=\"image.default\">\n\t\t\t\t<div class=\"elementor-widget-container\">\n\t\t\t\t\t\t\t\t\t\t\t\t\t\t\t<img decoding=\"async\" width=\"1080\" height=\"1080\" src=\"https:\/\/samso.eco\/wp-content\/uploads\/2024\/03\/simbol.gif\" class=\"attachment-full size-full wp-image-616\" alt=\"\" \/>\t\t\t\t\t\t\t\t\t\t\t\t\t\t\t<\/div>\n\t\t\t\t<\/div>\n\t\t\t\t\t<\/div>\n\t\t\t\t<\/div>\n\t\t\t\t\t<\/div>\n\t\t\t\t<\/div>\n\t\t<div class=\"elementor-element elementor-element-42ed101 e-flex e-con-boxed e-con e-parent\" data-id=\"42ed101\" data-element_type=\"container\" data-e-type=\"container\" data-settings=\"{&quot;background_background&quot;:&quot;classic&quot;}\">\n\t\t\t\t\t<div class=\"e-con-inner\">\n\t\t\t\t<div class=\"elementor-element elementor-element-9e07a8e elementor-widget elementor-widget-heading\" data-id=\"9e07a8e\" data-element_type=\"widget\" data-e-type=\"widget\" data-widget_type=\"heading.default\">\n\t\t\t\t<div class=\"elementor-widget-container\">\n\t\t\t\t\t<h2 class=\"elementor-heading-title elementor-size-default\">CONECTATS<\/h2>\t\t\t\t<\/div>\n\t\t\t\t<\/div>\n\t\t\t\t<div class=\"elementor-element elementor-element-cd9b03f elementor-widget elementor-widget-text-editor\" data-id=\"cd9b03f\" data-element_type=\"widget\" data-e-type=\"widget\" data-widget_type=\"text-editor.default\">\n\t\t\t\t<div class=\"elementor-widget-container\">\n\t\t\t\t\t\t\t\t\t<div><div class=\"elementToProof\" style=\"text-align: center;\">Sams\u00f8 forma part del sector energ\u00e8tic, de les associacions i actors que aposten per la transici\u00f3 energ\u00e8tica. \u00c9s per aix\u00f2 que formem part de: \u00c9s per aix\u00f2 que formem part de:<\/div><\/div>\t\t\t\t\t\t\t\t<\/div>\n\t\t\t\t<\/div>\n\t\t<div class=\"elementor-element elementor-element-ad63c83 e-con-full e-flex e-con e-child\" data-id=\"ad63c83\" data-element_type=\"container\" data-e-type=\"container\">\n\t\t<div class=\"elementor-element elementor-element-94e038d e-con-full e-flex e-con e-child\" data-id=\"94e038d\" data-element_type=\"container\" data-e-type=\"container\">\n\t\t\t\t<\/div>\n\t\t<div class=\"elementor-element elementor-element-c785e64 e-con-full e-flex e-con e-child\" data-id=\"c785e64\" data-element_type=\"container\" data-e-type=\"container\">\n\t\t\t\t<div class=\"elementor-element elementor-element-f74671c elementor-widget elementor-widget-image\" data-id=\"f74671c\" data-element_type=\"widget\" data-e-type=\"widget\" data-widget_type=\"image.default\">\n\t\t\t\t<div class=\"elementor-widget-container\">\n\t\t\t\t\t\t\t\t\t\t\t\t\t\t\t\t<a href=\"https:\/\/www.unef.es\/\" target=\"_blank\">\n\t\t\t\t\t\t\t<img decoding=\"async\" width=\"700\" height=\"420\" src=\"https:\/\/samso.eco\/wp-content\/uploads\/2024\/07\/logo_unef.png\" class=\"attachment-full size-full wp-image-1021\" alt=\"\" srcset=\"https:\/\/samso.eco\/wp-content\/uploads\/2024\/07\/logo_unef.png 700w, https:\/\/samso.eco\/wp-content\/uploads\/2024\/07\/logo_unef-300x180.png 300w, https:\/\/samso.eco\/wp-content\/uploads\/2024\/07\/logo_unef-150x90.png 150w\" sizes=\"(max-width: 700px) 100vw, 700px\" \/>\t\t\t\t\t\t\t\t<\/a>\n\t\t\t\t\t\t\t\t\t\t\t\t\t\t\t<\/div>\n\t\t\t\t<\/div>\n\t\t\t\t<\/div>\n\t\t<div class=\"elementor-element elementor-element-c393915 e-con-full e-flex e-con e-child\" data-id=\"c393915\" data-element_type=\"container\" data-e-type=\"container\">\n\t\t\t\t<div class=\"elementor-element elementor-element-e9b123f elementor-widget elementor-widget-image\" data-id=\"e9b123f\" data-element_type=\"widget\" data-e-type=\"widget\" data-widget_type=\"image.default\">\n\t\t\t\t<div class=\"elementor-widget-container\">\n\t\t\t\t\t\t\t\t\t\t\t\t\t\t\t\t<a href=\"https:\/\/clusterenergia.cat\/\" target=\"_blank\">\n\t\t\t\t\t\t\t<img loading=\"lazy\" decoding=\"async\" width=\"700\" height=\"420\" src=\"https:\/\/samso.eco\/wp-content\/uploads\/2024\/07\/logo_ceec.png\" class=\"attachment-full size-full wp-image-1015\" alt=\"\" srcset=\"https:\/\/samso.eco\/wp-content\/uploads\/2024\/07\/logo_ceec.png 700w, https:\/\/samso.eco\/wp-content\/uploads\/2024\/07\/logo_ceec-300x180.png 300w, https:\/\/samso.eco\/wp-content\/uploads\/2024\/07\/logo_ceec-150x90.png 150w\" sizes=\"(max-width: 700px) 100vw, 700px\" \/>\t\t\t\t\t\t\t\t<\/a>\n\t\t\t\t\t\t\t\t\t\t\t\t\t\t\t<\/div>\n\t\t\t\t<\/div>\n\t\t\t\t<\/div>\n\t\t<div class=\"elementor-element elementor-element-7118d8d e-con-full e-flex e-con e-child\" data-id=\"7118d8d\" data-element_type=\"container\" data-e-type=\"container\">\n\t\t\t\t<\/div>\n\t\t\t\t<\/div>\n\t\t\t\t\t<\/div>\n\t\t\t\t<\/div>\n\t\t<div class=\"elementor-element elementor-element-7892105 e-flex e-con-boxed e-con e-parent\" data-id=\"7892105\" data-element_type=\"container\" data-e-type=\"container\" data-settings=\"{&quot;background_background&quot;:&quot;classic&quot;}\">\n\t\t\t\t\t<div class=\"e-con-inner\">\n\t\t<div class=\"elementor-element elementor-element-8c6f4ec e-flex e-con-boxed e-con e-child\" data-id=\"8c6f4ec\" data-element_type=\"container\" data-e-type=\"container\">\n\t\t\t\t\t<div class=\"e-con-inner\">\n\t\t<div class=\"elementor-element elementor-element-5b80ad2 e-flex e-con-boxed e-con e-child\" data-id=\"5b80ad2\" data-element_type=\"container\" data-e-type=\"container\">\n\t\t\t\t\t<div class=\"e-con-inner\">\n\t\t\t\t<div class=\"elementor-element elementor-element-80ff365 elementor-widget elementor-widget-image\" data-id=\"80ff365\" data-element_type=\"widget\" data-e-type=\"widget\" data-widget_type=\"image.default\">\n\t\t\t\t<div class=\"elementor-widget-container\">\n\t\t\t\t\t\t\t\t\t\t\t\t\t\t\t<img loading=\"lazy\" decoding=\"async\" width=\"450\" height=\"450\" src=\"https:\/\/samso.eco\/wp-content\/uploads\/2024\/03\/picto-planeta.png\" class=\"attachment-full size-full wp-image-644\" alt=\"\" srcset=\"https:\/\/samso.eco\/wp-content\/uploads\/2024\/03\/picto-planeta.png 450w, https:\/\/samso.eco\/wp-content\/uploads\/2024\/03\/picto-planeta-300x300.png 300w, https:\/\/samso.eco\/wp-content\/uploads\/2024\/03\/picto-planeta-150x150.png 150w\" sizes=\"(max-width: 450px) 100vw, 450px\" \/>\t\t\t\t\t\t\t\t\t\t\t\t\t\t\t<\/div>\n\t\t\t\t<\/div>\n\t\t\t\t<div class=\"elementor-element elementor-element-f3b8b64 elementor-widget elementor-widget-text-editor\" data-id=\"f3b8b64\" data-element_type=\"widget\" data-e-type=\"widget\" data-widget_type=\"text-editor.default\">\n\t\t\t\t<div class=\"elementor-widget-container\">\n\t\t\t\t\t\t\t\t\tPLANETA\t\t\t\t\t\t\t\t<\/div>\n\t\t\t\t<\/div>\n\t\t\t\t\t<\/div>\n\t\t\t\t<\/div>\n\t\t<div class=\"elementor-element elementor-element-2605a1e e-flex e-con-boxed e-con e-child\" data-id=\"2605a1e\" data-element_type=\"container\" data-e-type=\"container\">\n\t\t\t\t\t<div class=\"e-con-inner\">\n\t\t\t\t<div class=\"elementor-element elementor-element-c3588e8 elementor-widget elementor-widget-image\" data-id=\"c3588e8\" data-element_type=\"widget\" data-e-type=\"widget\" data-widget_type=\"image.default\">\n\t\t\t\t<div class=\"elementor-widget-container\">\n\t\t\t\t\t\t\t\t\t\t\t\t\t\t\t<img loading=\"lazy\" decoding=\"async\" width=\"450\" height=\"450\" src=\"https:\/\/samso.eco\/wp-content\/uploads\/2024\/03\/picto-energia.png\" class=\"attachment-large size-large wp-image-646\" alt=\"\" srcset=\"https:\/\/samso.eco\/wp-content\/uploads\/2024\/03\/picto-energia.png 450w, https:\/\/samso.eco\/wp-content\/uploads\/2024\/03\/picto-energia-300x300.png 300w, https:\/\/samso.eco\/wp-content\/uploads\/2024\/03\/picto-energia-150x150.png 150w\" sizes=\"(max-width: 450px) 100vw, 450px\" \/>\t\t\t\t\t\t\t\t\t\t\t\t\t\t\t<\/div>\n\t\t\t\t<\/div>\n\t\t\t\t<div class=\"elementor-element elementor-element-d0395d3 elementor-widget elementor-widget-text-editor\" data-id=\"d0395d3\" data-element_type=\"widget\" data-e-type=\"widget\" data-widget_type=\"text-editor.default\">\n\t\t\t\t<div class=\"elementor-widget-container\">\n\t\t\t\t\t\t\t\t\tENERGIA\t\t\t\t\t\t\t\t<\/div>\n\t\t\t\t<\/div>\n\t\t\t\t\t<\/div>\n\t\t\t\t<\/div>\n\t\t<div class=\"elementor-element elementor-element-77eaa02 e-flex e-con-boxed e-con e-child\" data-id=\"77eaa02\" data-element_type=\"container\" data-e-type=\"container\">\n\t\t\t\t\t<div class=\"e-con-inner\">\n\t\t\t\t<div class=\"elementor-element elementor-element-338afad elementor-widget elementor-widget-image\" data-id=\"338afad\" data-element_type=\"widget\" data-e-type=\"widget\" data-widget_type=\"image.default\">\n\t\t\t\t<div class=\"elementor-widget-container\">\n\t\t\t\t\t\t\t\t\t\t\t\t\t\t\t<img loading=\"lazy\" decoding=\"async\" width=\"450\" height=\"450\" src=\"https:\/\/samso.eco\/wp-content\/uploads\/2024\/03\/picto-derecho.png\" class=\"attachment-large size-large wp-image-650\" alt=\"\" srcset=\"https:\/\/samso.eco\/wp-content\/uploads\/2024\/03\/picto-derecho.png 450w, https:\/\/samso.eco\/wp-content\/uploads\/2024\/03\/picto-derecho-300x300.png 300w, https:\/\/samso.eco\/wp-content\/uploads\/2024\/03\/picto-derecho-150x150.png 150w\" sizes=\"(max-width: 450px) 100vw, 450px\" \/>\t\t\t\t\t\t\t\t\t\t\t\t\t\t\t<\/div>\n\t\t\t\t<\/div>\n\t\t\t\t<div class=\"elementor-element elementor-element-063cfa6 elementor-widget elementor-widget-text-editor\" data-id=\"063cfa6\" data-element_type=\"widget\" data-e-type=\"widget\" data-widget_type=\"text-editor.default\">\n\t\t\t\t<div class=\"elementor-widget-container\">\n\t\t\t\t\t\t\t\t\tDRET\t\t\t\t\t\t\t\t<\/div>\n\t\t\t\t<\/div>\n\t\t\t\t\t<\/div>\n\t\t\t\t<\/div>\n\t\t<div class=\"elementor-element elementor-element-e168f4a e-flex e-con-boxed e-con e-child\" data-id=\"e168f4a\" data-element_type=\"container\" data-e-type=\"container\">\n\t\t\t\t\t<div class=\"e-con-inner\">\n\t\t\t\t<div class=\"elementor-element elementor-element-4216a3f elementor-widget elementor-widget-image\" data-id=\"4216a3f\" data-element_type=\"widget\" data-e-type=\"widget\" data-widget_type=\"image.default\">\n\t\t\t\t<div class=\"elementor-widget-container\">\n\t\t\t\t\t\t\t\t\t\t\t\t\t\t\t<img loading=\"lazy\" decoding=\"async\" width=\"450\" height=\"450\" src=\"https:\/\/samso.eco\/wp-content\/uploads\/2024\/03\/picto-futuro.png\" class=\"attachment-large size-large wp-image-648\" alt=\"\" srcset=\"https:\/\/samso.eco\/wp-content\/uploads\/2024\/03\/picto-futuro.png 450w, https:\/\/samso.eco\/wp-content\/uploads\/2024\/03\/picto-futuro-300x300.png 300w, https:\/\/samso.eco\/wp-content\/uploads\/2024\/03\/picto-futuro-150x150.png 150w\" sizes=\"(max-width: 450px) 100vw, 450px\" \/>\t\t\t\t\t\t\t\t\t\t\t\t\t\t\t<\/div>\n\t\t\t\t<\/div>\n\t\t\t\t<div class=\"elementor-element elementor-element-f179c9e elementor-widget elementor-widget-text-editor\" data-id=\"f179c9e\" data-element_type=\"widget\" data-e-type=\"widget\" data-widget_type=\"text-editor.default\">\n\t\t\t\t<div class=\"elementor-widget-container\">\n\t\t\t\t\t\t\t\t\tFUTUR\t\t\t\t\t\t\t\t<\/div>\n\t\t\t\t<\/div>\n\t\t\t\t\t<\/div>\n\t\t\t\t<\/div>\n\t\t\t\t\t<\/div>\n\t\t\t\t<\/div>\n\t\t\t\t\t<\/div>\n\t\t\t\t<\/div>\n\t\t\t\t<\/div>\n\t\t","protected":false},"excerpt":{"rendered":"<p>Sams\u00f8 \u00e9s una illa danesa que avui dia produeix amb renovables m\u00e9s energia de la que necessiten, l&#8217;exporta a la resta de Dinamarca i gr\u00e0cies a aix\u00f2 obt\u00e9 un retorn per al territori i a la seva gent. Per a nosaltres representa un bon exemple de transici\u00f3 energ\u00e8tica justa, democr\u00e0tica i distribu\u00efda. Sams\u00f3 \u00e9s al [&hellip;]<\/p>\n","protected":false},"author":1,"featured_media":0,"parent":0,"menu_order":0,"comment_status":"closed","ping_status":"closed","template":"","meta":{"footnotes":""},"class_list":["post-762","page","type-page","status-publish","hentry"],"yoast_head":"<!-- This site is optimized with the Yoast SEO plugin v27.4 - https:\/\/yoast.com\/product\/yoast-seo-wordpress\/ -->\n<title>SAMS\u00d8 - 3 - Samso<\/title>\n<meta name=\"robots\" content=\"index, follow, max-snippet:-1, max-image-preview:large, max-video-preview:-1\" \/>\n<link rel=\"canonical\" href=\"https:\/\/samso.eco\/ca\/samso\/\" \/>\n<meta property=\"og:locale\" content=\"ca_ES\" \/>\n<meta property=\"og:type\" content=\"article\" \/>\n<meta property=\"og:title\" content=\"SAMS\u00d8 - 3 - Samso\" \/>\n<meta property=\"og:description\" content=\"Sams\u00f8 \u00e9s una illa danesa que avui dia produeix amb renovables m\u00e9s energia de la que necessiten, l&#8217;exporta a la resta de Dinamarca i gr\u00e0cies a aix\u00f2 obt\u00e9 un retorn per al territori i a la seva gent. Per a nosaltres representa un bon exemple de transici\u00f3 energ\u00e8tica justa, democr\u00e0tica i distribu\u00efda. Sams\u00f3 \u00e9s al [&hellip;]\" \/>\n<meta property=\"og:url\" content=\"https:\/\/samso.eco\/ca\/samso\/\" \/>\n<meta property=\"og:site_name\" content=\"Samso\" \/>\n<meta property=\"article:modified_time\" content=\"2025-04-21T18:39:49+00:00\" \/>\n<meta property=\"og:image\" content=\"https:\/\/samso.eco\/wp-content\/uploads\/2024\/03\/isla-samso.png\" \/>\n\t<meta property=\"og:image:width\" content=\"340\" \/>\n\t<meta property=\"og:image:height\" content=\"647\" \/>\n\t<meta property=\"og:image:type\" content=\"image\/png\" \/>\n<meta name=\"twitter:card\" content=\"summary_large_image\" \/>\n<meta name=\"twitter:label1\" content=\"Temps estimat de lectura\" \/>\n\t<meta name=\"twitter:data1\" content=\"2 minuts\" \/>\n<script type=\"application\/ld+json\" class=\"yoast-schema-graph\">{\"@context\":\"https:\\\/\\\/schema.org\",\"@graph\":[{\"@type\":\"WebPage\",\"@id\":\"https:\\\/\\\/samso.eco\\\/ca\\\/samso\\\/\",\"url\":\"https:\\\/\\\/samso.eco\\\/ca\\\/samso\\\/\",\"name\":\"SAMS\u00d8 - 3 - Samso\",\"isPartOf\":{\"@id\":\"https:\\\/\\\/samso.eco\\\/ca\\\/#website\"},\"primaryImageOfPage\":{\"@id\":\"https:\\\/\\\/samso.eco\\\/ca\\\/samso\\\/#primaryimage\"},\"image\":{\"@id\":\"https:\\\/\\\/samso.eco\\\/ca\\\/samso\\\/#primaryimage\"},\"thumbnailUrl\":\"https:\\\/\\\/samso.eco\\\/wp-content\\\/uploads\\\/2024\\\/03\\\/isla-samso.png\",\"datePublished\":\"2024-03-04T16:34:11+00:00\",\"dateModified\":\"2025-04-21T18:39:49+00:00\",\"breadcrumb\":{\"@id\":\"https:\\\/\\\/samso.eco\\\/ca\\\/samso\\\/#breadcrumb\"},\"inLanguage\":\"ca\",\"potentialAction\":[{\"@type\":\"ReadAction\",\"target\":[\"https:\\\/\\\/samso.eco\\\/ca\\\/samso\\\/\"]}]},{\"@type\":\"ImageObject\",\"inLanguage\":\"ca\",\"@id\":\"https:\\\/\\\/samso.eco\\\/ca\\\/samso\\\/#primaryimage\",\"url\":\"https:\\\/\\\/samso.eco\\\/wp-content\\\/uploads\\\/2024\\\/03\\\/isla-samso.png\",\"contentUrl\":\"https:\\\/\\\/samso.eco\\\/wp-content\\\/uploads\\\/2024\\\/03\\\/isla-samso.png\"},{\"@type\":\"BreadcrumbList\",\"@id\":\"https:\\\/\\\/samso.eco\\\/ca\\\/samso\\\/#breadcrumb\",\"itemListElement\":[{\"@type\":\"ListItem\",\"position\":1,\"name\":\"Portada\",\"item\":\"https:\\\/\\\/samso.eco\\\/ca\\\/home-2\\\/\"},{\"@type\":\"ListItem\",\"position\":2,\"name\":\"SAMS\u00d8 &#8211; 3\"}]},{\"@type\":\"WebSite\",\"@id\":\"https:\\\/\\\/samso.eco\\\/ca\\\/#website\",\"url\":\"https:\\\/\\\/samso.eco\\\/ca\\\/\",\"name\":\"Samso\",\"description\":\"Construir contigo un futuro sostenible\",\"publisher\":{\"@id\":\"https:\\\/\\\/samso.eco\\\/ca\\\/#organization\"},\"potentialAction\":[{\"@type\":\"SearchAction\",\"target\":{\"@type\":\"EntryPoint\",\"urlTemplate\":\"https:\\\/\\\/samso.eco\\\/ca\\\/?s={search_term_string}\"},\"query-input\":{\"@type\":\"PropertyValueSpecification\",\"valueRequired\":true,\"valueName\":\"search_term_string\"}}],\"inLanguage\":\"ca\"},{\"@type\":\"Organization\",\"@id\":\"https:\\\/\\\/samso.eco\\\/ca\\\/#organization\",\"name\":\"Samso\",\"url\":\"https:\\\/\\\/samso.eco\\\/ca\\\/\",\"logo\":{\"@type\":\"ImageObject\",\"inLanguage\":\"ca\",\"@id\":\"https:\\\/\\\/samso.eco\\\/ca\\\/#\\\/schema\\\/logo\\\/image\\\/\",\"url\":\"https:\\\/\\\/samso.eco\\\/wp-content\\\/uploads\\\/2024\\\/03\\\/logo-samso-blanco.png\",\"contentUrl\":\"https:\\\/\\\/samso.eco\\\/wp-content\\\/uploads\\\/2024\\\/03\\\/logo-samso-blanco.png\",\"width\":800,\"height\":234,\"caption\":\"Samso\"},\"image\":{\"@id\":\"https:\\\/\\\/samso.eco\\\/ca\\\/#\\\/schema\\\/logo\\\/image\\\/\"}}]}<\/script>\n<!-- \/ Yoast SEO plugin. -->","yoast_head_json":{"title":"SAMS\u00d8 - 3 - Samso","robots":{"index":"index","follow":"follow","max-snippet":"max-snippet:-1","max-image-preview":"max-image-preview:large","max-video-preview":"max-video-preview:-1"},"canonical":"https:\/\/samso.eco\/ca\/samso\/","og_locale":"ca_ES","og_type":"article","og_title":"SAMS\u00d8 - 3 - Samso","og_description":"Sams\u00f8 \u00e9s una illa danesa que avui dia produeix amb renovables m\u00e9s energia de la que necessiten, l&#8217;exporta a la resta de Dinamarca i gr\u00e0cies a aix\u00f2 obt\u00e9 un retorn per al territori i a la seva gent. Per a nosaltres representa un bon exemple de transici\u00f3 energ\u00e8tica justa, democr\u00e0tica i distribu\u00efda. Sams\u00f3 \u00e9s al [&hellip;]","og_url":"https:\/\/samso.eco\/ca\/samso\/","og_site_name":"Samso","article_modified_time":"2025-04-21T18:39:49+00:00","og_image":[{"width":340,"height":647,"url":"https:\/\/samso.eco\/wp-content\/uploads\/2024\/03\/isla-samso.png","type":"image\/png"}],"twitter_card":"summary_large_image","twitter_misc":{"Temps estimat de lectura":"2 minuts"},"schema":{"@context":"https:\/\/schema.org","@graph":[{"@type":"WebPage","@id":"https:\/\/samso.eco\/ca\/samso\/","url":"https:\/\/samso.eco\/ca\/samso\/","name":"SAMS\u00d8 - 3 - Samso","isPartOf":{"@id":"https:\/\/samso.eco\/ca\/#website"},"primaryImageOfPage":{"@id":"https:\/\/samso.eco\/ca\/samso\/#primaryimage"},"image":{"@id":"https:\/\/samso.eco\/ca\/samso\/#primaryimage"},"thumbnailUrl":"https:\/\/samso.eco\/wp-content\/uploads\/2024\/03\/isla-samso.png","datePublished":"2024-03-04T16:34:11+00:00","dateModified":"2025-04-21T18:39:49+00:00","breadcrumb":{"@id":"https:\/\/samso.eco\/ca\/samso\/#breadcrumb"},"inLanguage":"ca","potentialAction":[{"@type":"ReadAction","target":["https:\/\/samso.eco\/ca\/samso\/"]}]},{"@type":"ImageObject","inLanguage":"ca","@id":"https:\/\/samso.eco\/ca\/samso\/#primaryimage","url":"https:\/\/samso.eco\/wp-content\/uploads\/2024\/03\/isla-samso.png","contentUrl":"https:\/\/samso.eco\/wp-content\/uploads\/2024\/03\/isla-samso.png"},{"@type":"BreadcrumbList","@id":"https:\/\/samso.eco\/ca\/samso\/#breadcrumb","itemListElement":[{"@type":"ListItem","position":1,"name":"Portada","item":"https:\/\/samso.eco\/ca\/home-2\/"},{"@type":"ListItem","position":2,"name":"SAMS\u00d8 &#8211; 3"}]},{"@type":"WebSite","@id":"https:\/\/samso.eco\/ca\/#website","url":"https:\/\/samso.eco\/ca\/","name":"Samso","description":"Construir contigo un futuro sostenible","publisher":{"@id":"https:\/\/samso.eco\/ca\/#organization"},"potentialAction":[{"@type":"SearchAction","target":{"@type":"EntryPoint","urlTemplate":"https:\/\/samso.eco\/ca\/?s={search_term_string}"},"query-input":{"@type":"PropertyValueSpecification","valueRequired":true,"valueName":"search_term_string"}}],"inLanguage":"ca"},{"@type":"Organization","@id":"https:\/\/samso.eco\/ca\/#organization","name":"Samso","url":"https:\/\/samso.eco\/ca\/","logo":{"@type":"ImageObject","inLanguage":"ca","@id":"https:\/\/samso.eco\/ca\/#\/schema\/logo\/image\/","url":"https:\/\/samso.eco\/wp-content\/uploads\/2024\/03\/logo-samso-blanco.png","contentUrl":"https:\/\/samso.eco\/wp-content\/uploads\/2024\/03\/logo-samso-blanco.png","width":800,"height":234,"caption":"Samso"},"image":{"@id":"https:\/\/samso.eco\/ca\/#\/schema\/logo\/image\/"}}]}},"_links":{"self":[{"href":"https:\/\/samso.eco\/ca\/wp-json\/wp\/v2\/pages\/762","targetHints":{"allow":["GET"]}}],"collection":[{"href":"https:\/\/samso.eco\/ca\/wp-json\/wp\/v2\/pages"}],"about":[{"href":"https:\/\/samso.eco\/ca\/wp-json\/wp\/v2\/types\/page"}],"author":[{"embeddable":true,"href":"https:\/\/samso.eco\/ca\/wp-json\/wp\/v2\/users\/1"}],"replies":[{"embeddable":true,"href":"https:\/\/samso.eco\/ca\/wp-json\/wp\/v2\/comments?post=762"}],"version-history":[{"count":13,"href":"https:\/\/samso.eco\/ca\/wp-json\/wp\/v2\/pages\/762\/revisions"}],"predecessor-version":[{"id":2655,"href":"https:\/\/samso.eco\/ca\/wp-json\/wp\/v2\/pages\/762\/revisions\/2655"}],"wp:attachment":[{"href":"https:\/\/samso.eco\/ca\/wp-json\/wp\/v2\/media?parent=762"}],"curies":[{"name":"wp","href":"https:\/\/api.w.org\/{rel}","templated":true}]}}