{"id":728,"date":"2024-03-04T16:59:59","date_gmt":"2024-03-04T16:59:59","guid":{"rendered":"https:\/\/samso.eco\/talent\/"},"modified":"2025-04-21T18:49:20","modified_gmt":"2025-04-21T18:49:20","slug":"talent","status":"publish","type":"page","link":"https:\/\/samso.eco\/ca\/talent\/","title":{"rendered":"TALENT"},"content":{"rendered":"\t\t<div data-elementor-type=\"wp-page\" data-elementor-id=\"728\" class=\"elementor elementor-728 elementor-133\" data-elementor-post-type=\"page\">\n\t\t\t\t<div class=\"elementor-element elementor-element-72141d8 e-flex e-con-boxed e-con e-parent\" data-id=\"72141d8\" data-element_type=\"container\" data-e-type=\"container\" data-settings=\"{&quot;background_background&quot;:&quot;classic&quot;}\">\n\t\t\t\t\t<div class=\"e-con-inner\">\n\t\t<div class=\"elementor-element elementor-element-003cdf2 e-con-full e-flex e-con e-child\" data-id=\"003cdf2\" data-element_type=\"container\" data-e-type=\"container\">\n\t\t\t\t<div class=\"elementor-element elementor-element-6ac6c30 elementor-widget elementor-widget-text-editor\" data-id=\"6ac6c30\" data-element_type=\"widget\" data-e-type=\"widget\" data-widget_type=\"text-editor.default\">\n\t\t\t\t<div class=\"elementor-widget-container\">\n\t\t\t\t\t\t\t\t\tTALENT\t\t\t\t\t\t\t\t<\/div>\n\t\t\t\t<\/div>\n\t\t\t\t<div class=\"elementor-element elementor-element-4cc0367 elementor-widget elementor-widget-text-editor\" data-id=\"4cc0367\" data-element_type=\"widget\" data-e-type=\"widget\" data-widget_type=\"text-editor.default\">\n\t\t\t\t<div class=\"elementor-widget-container\">\n\t\t\t\t\t\t\t\t\t<p>Vols treballar a Sams\u00f8?<\/p>\t\t\t\t\t\t\t\t<\/div>\n\t\t\t\t<\/div>\n\t\t\t\t<div class=\"elementor-element elementor-element-74b4e07 elementor-widget elementor-widget-text-editor\" data-id=\"74b4e07\" data-element_type=\"widget\" data-e-type=\"widget\" data-widget_type=\"text-editor.default\">\n\t\t\t\t<div class=\"elementor-widget-container\">\n\t\t\t\t\t\t\t\t\t<p>Les nostres conviccions i experi\u00e8ncia venen de lluny, per\u00f2 com a organitzaci\u00f3 acabem de n\u00e9ixer i aspirem a ser un referent en conciliaci\u00f3, teletreball, i qualitat humana, aix\u00ed com en \u00e8tica del treball, vocaci\u00f3 de servei i projecci\u00f3 professional de les persones amb qui treballem.<\/p><p>A curt termini tenim obertes tres posicions per a perfils j\u00fanior: dos per a d\u2019advocats\/es i una per a enginyer\/a. Esperem la teva candidatura amb CV i carta de motivaci\u00f3, hi ha molt a construir. Tota la informaci\u00f3 aqu\u00ed:<\/p>\t\t\t\t\t\t\t\t<\/div>\n\t\t\t\t<\/div>\n\t\t\t\t<div class=\"elementor-element elementor-element-6eecd40 elementor-widget elementor-widget-button\" data-id=\"6eecd40\" data-element_type=\"widget\" data-e-type=\"widget\" data-widget_type=\"button.default\">\n\t\t\t\t<div class=\"elementor-widget-container\">\n\t\t\t\t\t\t\t\t\t<div class=\"elementor-button-wrapper\">\n\t\t\t\t\t<a class=\"elementor-button elementor-button-link elementor-size-sm\" href=\"https:\/\/samso.eco\/wp-content\/uploads\/2024\/03\/Oferta-de-treball-advocat-Junior.pdf\" target=\"_blank\">\n\t\t\t\t\t\t<span class=\"elementor-button-content-wrapper\">\n\t\t\t\t\t\t\t\t\t<span class=\"elementor-button-text\">Advocat\/a j\u00fanior<\/span>\n\t\t\t\t\t<\/span>\n\t\t\t\t\t<\/a>\n\t\t\t\t<\/div>\n\t\t\t\t\t\t\t\t<\/div>\n\t\t\t\t<\/div>\n\t\t\t\t<div class=\"elementor-element elementor-element-47529d7 elementor-widget elementor-widget-button\" data-id=\"47529d7\" data-element_type=\"widget\" data-e-type=\"widget\" data-widget_type=\"button.default\">\n\t\t\t\t<div class=\"elementor-widget-container\">\n\t\t\t\t\t\t\t\t\t<div class=\"elementor-button-wrapper\">\n\t\t\t\t\t<a class=\"elementor-button elementor-button-link elementor-size-sm\" href=\"https:\/\/samso.eco\/wp-content\/uploads\/2024\/03\/oferta-de-treball-enginyer.pdf\" target=\"_blank\">\n\t\t\t\t\t\t<span class=\"elementor-button-content-wrapper\">\n\t\t\t\t\t\t\t\t\t<span class=\"elementor-button-text\">Enginyer\/a j\u00fanior<\/span>\n\t\t\t\t\t<\/span>\n\t\t\t\t\t<\/a>\n\t\t\t\t<\/div>\n\t\t\t\t\t\t\t\t<\/div>\n\t\t\t\t<\/div>\n\t\t\t\t<\/div>\n\t\t<div class=\"elementor-element elementor-element-2be03e2 e-flex e-con-boxed e-con e-child\" data-id=\"2be03e2\" data-element_type=\"container\" data-e-type=\"container\">\n\t\t\t\t\t<div class=\"e-con-inner\">\n\t\t\t\t<div class=\"elementor-element elementor-element-0719d0b elementor-widget elementor-widget-image\" data-id=\"0719d0b\" data-element_type=\"widget\" data-e-type=\"widget\" data-widget_type=\"image.default\">\n\t\t\t\t<div class=\"elementor-widget-container\">\n\t\t\t\t\t\t\t\t\t\t\t\t\t\t\t<img fetchpriority=\"high\" decoding=\"async\" width=\"800\" height=\"927\" src=\"https:\/\/samso.eco\/wp-content\/uploads\/2024\/03\/foto-trabaja-884x1024.png\" class=\"attachment-large size-large wp-image-658\" alt=\"\" srcset=\"https:\/\/samso.eco\/wp-content\/uploads\/2024\/03\/foto-trabaja-884x1024.png 884w, https:\/\/samso.eco\/wp-content\/uploads\/2024\/03\/foto-trabaja-259x300.png 259w, https:\/\/samso.eco\/wp-content\/uploads\/2024\/03\/foto-trabaja-129x150.png 129w, https:\/\/samso.eco\/wp-content\/uploads\/2024\/03\/foto-trabaja-768x890.png 768w, https:\/\/samso.eco\/wp-content\/uploads\/2024\/03\/foto-trabaja.png 900w\" sizes=\"(max-width: 800px) 100vw, 800px\" \/>\t\t\t\t\t\t\t\t\t\t\t\t\t\t\t<\/div>\n\t\t\t\t<\/div>\n\t\t\t\t\t<\/div>\n\t\t\t\t<\/div>\n\t\t\t\t\t<\/div>\n\t\t\t\t<\/div>\n\t\t<div class=\"elementor-element elementor-element-2ca374c e-flex e-con-boxed e-con e-parent\" data-id=\"2ca374c\" data-element_type=\"container\" data-e-type=\"container\" data-settings=\"{&quot;background_background&quot;:&quot;classic&quot;}\">\n\t\t\t\t\t<div class=\"e-con-inner\">\n\t\t<div class=\"elementor-element elementor-element-158ec03 e-flex e-con-boxed e-con e-child\" data-id=\"158ec03\" data-element_type=\"container\" data-e-type=\"container\">\n\t\t\t\t\t<div class=\"e-con-inner\">\n\t\t\t\t<div class=\"elementor-element elementor-element-f00115f elementor-widget elementor-widget-image\" data-id=\"f00115f\" data-element_type=\"widget\" data-e-type=\"widget\" data-widget_type=\"image.default\">\n\t\t\t\t<div class=\"elementor-widget-container\">\n\t\t\t\t\t\t\t\t\t\t\t\t\t\t\t<img decoding=\"async\" width=\"1080\" height=\"1080\" src=\"https:\/\/samso.eco\/wp-content\/uploads\/2024\/03\/Logo-Samso_Verde-2.gif\" class=\"attachment-full size-full wp-image-710\" alt=\"\" \/>\t\t\t\t\t\t\t\t\t\t\t\t\t\t\t<\/div>\n\t\t\t\t<\/div>\n\t\t\t\t\t<\/div>\n\t\t\t\t<\/div>\n\t\t<div class=\"elementor-element elementor-element-6bf4d0d e-con-full e-flex e-con e-child\" data-id=\"6bf4d0d\" data-element_type=\"container\" data-e-type=\"container\">\n\t\t\t\t<div class=\"elementor-element elementor-element-0b39fec elementor-widget elementor-widget-text-editor\" data-id=\"0b39fec\" data-element_type=\"widget\" data-e-type=\"widget\" data-widget_type=\"text-editor.default\">\n\t\t\t\t<div class=\"elementor-widget-container\">\n\t\t\t\t\t\t\t\t\t<p>Com et podr\u00e0s imaginar, esperem que aquest projecte creixi i es faci gran. Estem segurs que aix\u00ed ser\u00e0. Si creus que pots aportar al projecte, ets un apassionat\/a de la sostenibilitat i vols que et tinguem en el radar o valorem un encaix, ara o m\u00e9s endavant, no dubtis a contactar amb nosaltres, explicant com te l&#8217;imagines i aportant el teu CV.<\/p>\t\t\t\t\t\t\t\t<\/div>\n\t\t\t\t<\/div>\n\t\t<div class=\"elementor-element elementor-element-c1145ee e-flex e-con-boxed e-con e-child\" data-id=\"c1145ee\" data-element_type=\"container\" data-e-type=\"container\">\n\t\t\t\t\t<div class=\"e-con-inner\">\n\t\t\t\t<div class=\"elementor-element elementor-element-bc90716 elementor-align-left elementor-widget elementor-widget-button\" data-id=\"bc90716\" data-element_type=\"widget\" data-e-type=\"widget\" data-widget_type=\"button.default\">\n\t\t\t\t<div class=\"elementor-widget-container\">\n\t\t\t\t\t\t\t\t\t<div class=\"elementor-button-wrapper\">\n\t\t\t\t\t<a class=\"elementor-button elementor-button-link elementor-size-sm\" href=\"mailto:info@samso.eco\">\n\t\t\t\t\t\t<span class=\"elementor-button-content-wrapper\">\n\t\t\t\t\t\t\t\t\t<span class=\"elementor-button-text\">ENVIAR CV<\/span>\n\t\t\t\t\t<\/span>\n\t\t\t\t\t<\/a>\n\t\t\t\t<\/div>\n\t\t\t\t\t\t\t\t<\/div>\n\t\t\t\t<\/div>\n\t\t\t\t\t<\/div>\n\t\t\t\t<\/div>\n\t\t\t\t<\/div>\n\t\t\t\t\t<\/div>\n\t\t\t\t<\/div>\n\t\t\t\t<\/div>\n\t\t","protected":false},"excerpt":{"rendered":"<p>TALENT Vols treballar a Sams\u00f8? Les nostres conviccions i experi\u00e8ncia venen de lluny, per\u00f2 com a organitzaci\u00f3 acabem de n\u00e9ixer i aspirem a ser un referent en conciliaci\u00f3, teletreball, i qualitat humana, aix\u00ed com en \u00e8tica del treball, vocaci\u00f3 de servei i projecci\u00f3 professional de les persones amb qui treballem. A curt termini tenim obertes [&hellip;]<\/p>\n","protected":false},"author":1,"featured_media":0,"parent":0,"menu_order":0,"comment_status":"closed","ping_status":"closed","template":"","meta":{"footnotes":""},"class_list":["post-728","page","type-page","status-publish","hentry"],"yoast_head":"<!-- This site is optimized with the Yoast SEO plugin v27.1.1 - https:\/\/yoast.com\/product\/yoast-seo-wordpress\/ -->\n<title>TALENT - Samso<\/title>\n<meta name=\"robots\" content=\"index, follow, max-snippet:-1, max-image-preview:large, max-video-preview:-1\" \/>\n<link rel=\"canonical\" href=\"https:\/\/samso.eco\/ca\/talent\/\" \/>\n<meta property=\"og:locale\" content=\"ca_ES\" \/>\n<meta property=\"og:type\" content=\"article\" \/>\n<meta property=\"og:title\" content=\"TALENT - Samso\" \/>\n<meta property=\"og:description\" content=\"TALENT Vols treballar a Sams\u00f8? Les nostres conviccions i experi\u00e8ncia venen de lluny, per\u00f2 com a organitzaci\u00f3 acabem de n\u00e9ixer i aspirem a ser un referent en conciliaci\u00f3, teletreball, i qualitat humana, aix\u00ed com en \u00e8tica del treball, vocaci\u00f3 de servei i projecci\u00f3 professional de les persones amb qui treballem. A curt termini tenim obertes [&hellip;]\" \/>\n<meta property=\"og:url\" content=\"https:\/\/samso.eco\/ca\/talent\/\" \/>\n<meta property=\"og:site_name\" content=\"Samso\" \/>\n<meta property=\"article:modified_time\" content=\"2025-04-21T18:49:20+00:00\" \/>\n<meta property=\"og:image\" content=\"https:\/\/samso.eco\/wp-content\/uploads\/2024\/03\/foto-trabaja.png\" \/>\n\t<meta property=\"og:image:width\" content=\"900\" \/>\n\t<meta property=\"og:image:height\" content=\"1043\" \/>\n\t<meta property=\"og:image:type\" content=\"image\/png\" \/>\n<meta name=\"twitter:card\" content=\"summary_large_image\" \/>\n<meta name=\"twitter:label1\" content=\"Temps estimat de lectura\" \/>\n\t<meta name=\"twitter:data1\" content=\"2 minuts\" \/>\n<script type=\"application\/ld+json\" class=\"yoast-schema-graph\">{\"@context\":\"https:\/\/schema.org\",\"@graph\":[{\"@type\":\"WebPage\",\"@id\":\"https:\/\/samso.eco\/ca\/talent\/\",\"url\":\"https:\/\/samso.eco\/ca\/talent\/\",\"name\":\"TALENT - Samso\",\"isPartOf\":{\"@id\":\"https:\/\/samso.eco\/ca\/#website\"},\"primaryImageOfPage\":{\"@id\":\"https:\/\/samso.eco\/ca\/talent\/#primaryimage\"},\"image\":{\"@id\":\"https:\/\/samso.eco\/ca\/talent\/#primaryimage\"},\"thumbnailUrl\":\"https:\/\/samso.eco\/wp-content\/uploads\/2024\/03\/foto-trabaja-884x1024.png\",\"datePublished\":\"2024-03-04T16:59:59+00:00\",\"dateModified\":\"2025-04-21T18:49:20+00:00\",\"breadcrumb\":{\"@id\":\"https:\/\/samso.eco\/ca\/talent\/#breadcrumb\"},\"inLanguage\":\"ca\",\"potentialAction\":[{\"@type\":\"ReadAction\",\"target\":[\"https:\/\/samso.eco\/ca\/talent\/\"]}]},{\"@type\":\"ImageObject\",\"inLanguage\":\"ca\",\"@id\":\"https:\/\/samso.eco\/ca\/talent\/#primaryimage\",\"url\":\"https:\/\/samso.eco\/wp-content\/uploads\/2024\/03\/foto-trabaja-884x1024.png\",\"contentUrl\":\"https:\/\/samso.eco\/wp-content\/uploads\/2024\/03\/foto-trabaja-884x1024.png\"},{\"@type\":\"BreadcrumbList\",\"@id\":\"https:\/\/samso.eco\/ca\/talent\/#breadcrumb\",\"itemListElement\":[{\"@type\":\"ListItem\",\"position\":1,\"name\":\"Portada\",\"item\":\"https:\/\/samso.eco\/ca\/home-2\/\"},{\"@type\":\"ListItem\",\"position\":2,\"name\":\"TALENT\"}]},{\"@type\":\"WebSite\",\"@id\":\"https:\/\/samso.eco\/ca\/#website\",\"url\":\"https:\/\/samso.eco\/ca\/\",\"name\":\"Samso\",\"description\":\"Construir contigo un futuro sostenible\",\"publisher\":{\"@id\":\"https:\/\/samso.eco\/ca\/#organization\"},\"potentialAction\":[{\"@type\":\"SearchAction\",\"target\":{\"@type\":\"EntryPoint\",\"urlTemplate\":\"https:\/\/samso.eco\/ca\/?s={search_term_string}\"},\"query-input\":{\"@type\":\"PropertyValueSpecification\",\"valueRequired\":true,\"valueName\":\"search_term_string\"}}],\"inLanguage\":\"ca\"},{\"@type\":\"Organization\",\"@id\":\"https:\/\/samso.eco\/ca\/#organization\",\"name\":\"Samso\",\"url\":\"https:\/\/samso.eco\/ca\/\",\"logo\":{\"@type\":\"ImageObject\",\"inLanguage\":\"ca\",\"@id\":\"https:\/\/samso.eco\/ca\/#\/schema\/logo\/image\/\",\"url\":\"https:\/\/samso.eco\/wp-content\/uploads\/2024\/03\/logo-samso-blanco.png\",\"contentUrl\":\"https:\/\/samso.eco\/wp-content\/uploads\/2024\/03\/logo-samso-blanco.png\",\"width\":800,\"height\":234,\"caption\":\"Samso\"},\"image\":{\"@id\":\"https:\/\/samso.eco\/ca\/#\/schema\/logo\/image\/\"}}]}<\/script>\n<!-- \/ Yoast SEO plugin. -->","yoast_head_json":{"title":"TALENT - Samso","robots":{"index":"index","follow":"follow","max-snippet":"max-snippet:-1","max-image-preview":"max-image-preview:large","max-video-preview":"max-video-preview:-1"},"canonical":"https:\/\/samso.eco\/ca\/talent\/","og_locale":"ca_ES","og_type":"article","og_title":"TALENT - Samso","og_description":"TALENT Vols treballar a Sams\u00f8? Les nostres conviccions i experi\u00e8ncia venen de lluny, per\u00f2 com a organitzaci\u00f3 acabem de n\u00e9ixer i aspirem a ser un referent en conciliaci\u00f3, teletreball, i qualitat humana, aix\u00ed com en \u00e8tica del treball, vocaci\u00f3 de servei i projecci\u00f3 professional de les persones amb qui treballem. A curt termini tenim obertes [&hellip;]","og_url":"https:\/\/samso.eco\/ca\/talent\/","og_site_name":"Samso","article_modified_time":"2025-04-21T18:49:20+00:00","og_image":[{"width":900,"height":1043,"url":"https:\/\/samso.eco\/wp-content\/uploads\/2024\/03\/foto-trabaja.png","type":"image\/png"}],"twitter_card":"summary_large_image","twitter_misc":{"Temps estimat de lectura":"2 minuts"},"schema":{"@context":"https:\/\/schema.org","@graph":[{"@type":"WebPage","@id":"https:\/\/samso.eco\/ca\/talent\/","url":"https:\/\/samso.eco\/ca\/talent\/","name":"TALENT - Samso","isPartOf":{"@id":"https:\/\/samso.eco\/ca\/#website"},"primaryImageOfPage":{"@id":"https:\/\/samso.eco\/ca\/talent\/#primaryimage"},"image":{"@id":"https:\/\/samso.eco\/ca\/talent\/#primaryimage"},"thumbnailUrl":"https:\/\/samso.eco\/wp-content\/uploads\/2024\/03\/foto-trabaja-884x1024.png","datePublished":"2024-03-04T16:59:59+00:00","dateModified":"2025-04-21T18:49:20+00:00","breadcrumb":{"@id":"https:\/\/samso.eco\/ca\/talent\/#breadcrumb"},"inLanguage":"ca","potentialAction":[{"@type":"ReadAction","target":["https:\/\/samso.eco\/ca\/talent\/"]}]},{"@type":"ImageObject","inLanguage":"ca","@id":"https:\/\/samso.eco\/ca\/talent\/#primaryimage","url":"https:\/\/samso.eco\/wp-content\/uploads\/2024\/03\/foto-trabaja-884x1024.png","contentUrl":"https:\/\/samso.eco\/wp-content\/uploads\/2024\/03\/foto-trabaja-884x1024.png"},{"@type":"BreadcrumbList","@id":"https:\/\/samso.eco\/ca\/talent\/#breadcrumb","itemListElement":[{"@type":"ListItem","position":1,"name":"Portada","item":"https:\/\/samso.eco\/ca\/home-2\/"},{"@type":"ListItem","position":2,"name":"TALENT"}]},{"@type":"WebSite","@id":"https:\/\/samso.eco\/ca\/#website","url":"https:\/\/samso.eco\/ca\/","name":"Samso","description":"Construir contigo un futuro sostenible","publisher":{"@id":"https:\/\/samso.eco\/ca\/#organization"},"potentialAction":[{"@type":"SearchAction","target":{"@type":"EntryPoint","urlTemplate":"https:\/\/samso.eco\/ca\/?s={search_term_string}"},"query-input":{"@type":"PropertyValueSpecification","valueRequired":true,"valueName":"search_term_string"}}],"inLanguage":"ca"},{"@type":"Organization","@id":"https:\/\/samso.eco\/ca\/#organization","name":"Samso","url":"https:\/\/samso.eco\/ca\/","logo":{"@type":"ImageObject","inLanguage":"ca","@id":"https:\/\/samso.eco\/ca\/#\/schema\/logo\/image\/","url":"https:\/\/samso.eco\/wp-content\/uploads\/2024\/03\/logo-samso-blanco.png","contentUrl":"https:\/\/samso.eco\/wp-content\/uploads\/2024\/03\/logo-samso-blanco.png","width":800,"height":234,"caption":"Samso"},"image":{"@id":"https:\/\/samso.eco\/ca\/#\/schema\/logo\/image\/"}}]}},"_links":{"self":[{"href":"https:\/\/samso.eco\/ca\/wp-json\/wp\/v2\/pages\/728","targetHints":{"allow":["GET"]}}],"collection":[{"href":"https:\/\/samso.eco\/ca\/wp-json\/wp\/v2\/pages"}],"about":[{"href":"https:\/\/samso.eco\/ca\/wp-json\/wp\/v2\/types\/page"}],"author":[{"embeddable":true,"href":"https:\/\/samso.eco\/ca\/wp-json\/wp\/v2\/users\/1"}],"replies":[{"embeddable":true,"href":"https:\/\/samso.eco\/ca\/wp-json\/wp\/v2\/comments?post=728"}],"version-history":[{"count":10,"href":"https:\/\/samso.eco\/ca\/wp-json\/wp\/v2\/pages\/728\/revisions"}],"predecessor-version":[{"id":2664,"href":"https:\/\/samso.eco\/ca\/wp-json\/wp\/v2\/pages\/728\/revisions\/2664"}],"wp:attachment":[{"href":"https:\/\/samso.eco\/ca\/wp-json\/wp\/v2\/media?parent=728"}],"curies":[{"name":"wp","href":"https:\/\/api.w.org\/{rel}","templated":true}]}}