{"id":2666,"date":"2025-04-02T20:07:59","date_gmt":"2025-04-02T20:07:59","guid":{"rendered":"https:\/\/samso.eco\/som-impuls\/"},"modified":"2025-05-13T08:56:27","modified_gmt":"2025-05-13T08:56:27","slug":"som-impuls","status":"publish","type":"page","link":"https:\/\/samso.eco\/ca\/som-impuls\/","title":{"rendered":"S\u00d8M IMPULS"},"content":{"rendered":"\t\t<div data-elementor-type=\"wp-page\" data-elementor-id=\"2666\" class=\"elementor elementor-2666 elementor-2208\" data-elementor-post-type=\"page\">\n\t\t\t\t<div class=\"elementor-element elementor-element-7ff09a4 e-con-full e-flex e-con e-parent\" data-id=\"7ff09a4\" data-element_type=\"container\" data-e-type=\"container\" data-settings=\"{&quot;background_background&quot;:&quot;classic&quot;}\">\n\t\t<div class=\"elementor-element elementor-element-60b5be6 e-con-full e-flex e-con e-child\" data-id=\"60b5be6\" data-element_type=\"container\" data-e-type=\"container\">\n\t\t<div class=\"elementor-element elementor-element-f9d9ac1 e-flex e-con-boxed e-con e-child\" data-id=\"f9d9ac1\" data-element_type=\"container\" data-e-type=\"container\">\n\t\t\t\t\t<div class=\"e-con-inner\">\n\t\t\t\t<div class=\"elementor-element elementor-element-13c0266 elementor-widget elementor-widget-text-editor\" data-id=\"13c0266\" data-element_type=\"widget\" data-e-type=\"widget\" data-widget_type=\"text-editor.default\">\n\t\t\t\t<div class=\"elementor-widget-container\">\n\t\t\t\t\t\t\t\t\t<p>S\u00f8m impuls<\/p>\t\t\t\t\t\t\t\t<\/div>\n\t\t\t\t<\/div>\n\t\t\t\t<div class=\"elementor-element elementor-element-e1fca8a elementor-widget elementor-widget-text-editor\" data-id=\"e1fca8a\" data-element_type=\"widget\" data-e-type=\"widget\" data-widget_type=\"text-editor.default\">\n\t\t\t\t<div class=\"elementor-widget-container\">\n\t\t\t\t\t\t\t\t\t<p>Creiem en un m\u00f3n on la transici\u00f3 energ\u00e8tica no \u00e9s nom\u00e9s una necessitat,<br>sin\u00f3 una oportunitat.<br>Una oportunitat per transformar el marc actual: fer-ho m\u00e9s just, m\u00e9s democr\u00e0tic, m\u00e9s participat.<\/p>\n<p>A SAMS\u00d8 no observem el canvi des de la dist\u00e0ncia;<\/p>\n<p>Vam n\u00e9ixer amb vocaci\u00f3 transformadora, i ara, despr\u00e9s de la nostra fusi\u00f3 amb Quelea, fem un pas decisiu:<\/p>\n<p>Som una proposta integral que combina el coneixement jur\u00eddic, l&#8217;enginyeria t\u00e8cnica i la capacitat d&#8217;incidir a les pol\u00edtiques p\u00fabliques.<\/p>\n<p>Som core legal, oficina t\u00e8cnica, estrat\u00e8gia i, sobretot, som impuls.<br>Transformem normes en oportunitats, projectes en realitat, utopies en acci\u00f3.<br>I ho fem amb rigor, des de la proximitat i el comprom\u00eds, perqu\u00e8 cada idea trobi la forma i el moment.<\/p>\n<p>Amb experi\u00e8ncia i coneixement profund del marc normatiu, les tecnologies, els impactes i les possibilitats reals,<br>activem la transici\u00f3 energ\u00e8tica.<\/p>\n<p data-start=\"1201\" data-end=\"1468\"><b>SAMS\u00d8 NO \u00c9S NOM\u00c9S UNA CONSULTORA,<br>\u00c9S EL LLOC ON LA TRANSICI\u00d3 ENERG\u00c8TICA ES FA REALITAT<\/b><\/p>\t\t\t\t\t\t\t\t<\/div>\n\t\t\t\t<\/div>\n\t\t\t\t\t<\/div>\n\t\t\t\t<\/div>\n\t\t\t\t<\/div>\n\t\t\t\t<\/div>\n\t\t<div class=\"elementor-element elementor-element-70d1694 e-flex e-con-boxed e-con e-parent\" data-id=\"70d1694\" data-element_type=\"container\" data-e-type=\"container\" data-settings=\"{&quot;background_background&quot;:&quot;classic&quot;}\">\n\t\t\t\t\t<div class=\"e-con-inner\">\n\t\t\t\t<div class=\"elementor-element elementor-element-a8f5c46 elementor-widget elementor-widget-menu-anchor\" data-id=\"a8f5c46\" data-element_type=\"widget\" data-e-type=\"widget\" data-widget_type=\"menu-anchor.default\">\n\t\t\t\t<div class=\"elementor-widget-container\">\n\t\t\t\t\t\t\t<div class=\"elementor-menu-anchor\" id=\"formulario\"><\/div>\n\t\t\t\t\t\t<\/div>\n\t\t\t\t<\/div>\n\t\t\t\t<div class=\"elementor-element elementor-element-cf7992f elementor-widget elementor-widget-text-editor\" data-id=\"cf7992f\" data-element_type=\"widget\" data-e-type=\"widget\" data-widget_type=\"text-editor.default\">\n\t\t\t\t<div class=\"elementor-widget-container\">\n\t\t\t\t\t\t\t\t\t<p style=\"text-align: center;\">T&#8217;ho expliquem<\/p>\t\t\t\t\t\t\t\t<\/div>\n\t\t\t\t<\/div>\n\t\t\t\t<div class=\"elementor-element elementor-element-cbe5c46 elementor-widget elementor-widget-video\" data-id=\"cbe5c46\" data-element_type=\"widget\" data-e-type=\"widget\" data-settings=\"{&quot;video_type&quot;:&quot;vimeo&quot;}\" data-widget_type=\"video.default\">\n\t\t\t\t<div class=\"elementor-widget-container\">\n\t\t\t\t\t\t\t<div class=\"elementor-wrapper elementor-open-inline\">\n\t\t\t<iframe class=\"elementor-video-iframe\" allowfullscreen allow=\"clipboard-write\" title=\"Reproductor de v\u00eddeo vimeo\" src=\"https:\/\/player.vimeo.com\/video\/1083803871?color&amp;autopause=0&amp;loop=0&amp;muted=0&amp;title=1&amp;portrait=1&amp;byline=1#t=\"><\/iframe>\t\t<\/div>\n\t\t\t\t\t\t<\/div>\n\t\t\t\t<\/div>\n\t\t\t\t\t<\/div>\n\t\t\t\t<\/div>\n\t\t\t\t<\/div>\n\t\t","protected":false},"excerpt":{"rendered":"<p>S\u00f8m impuls Creiem en un m\u00f3n on la transici\u00f3 energ\u00e8tica no \u00e9s nom\u00e9s una necessitat,sin\u00f3 una oportunitat.Una oportunitat per transformar el marc actual: fer-ho m\u00e9s just, m\u00e9s democr\u00e0tic, m\u00e9s participat. A SAMS\u00d8 no observem el canvi des de la dist\u00e0ncia; Vam n\u00e9ixer amb vocaci\u00f3 transformadora, i ara, despr\u00e9s de la nostra fusi\u00f3 amb Quelea, fem [&hellip;]<\/p>\n","protected":false},"author":2,"featured_media":0,"parent":0,"menu_order":0,"comment_status":"closed","ping_status":"closed","template":"","meta":{"footnotes":""},"class_list":["post-2666","page","type-page","status-publish","hentry"],"yoast_head":"<!-- This site is optimized with the Yoast SEO plugin v27.5 - https:\/\/yoast.com\/product\/yoast-seo-wordpress\/ -->\n<title>S\u00d8M IMPULS - Samso<\/title>\n<meta name=\"robots\" content=\"index, follow, max-snippet:-1, max-image-preview:large, max-video-preview:-1\" \/>\n<link rel=\"canonical\" href=\"https:\/\/samso.eco\/ca\/som-impuls\/\" \/>\n<meta property=\"og:locale\" content=\"ca_ES\" \/>\n<meta property=\"og:type\" content=\"article\" \/>\n<meta property=\"og:title\" content=\"S\u00d8M IMPULS - Samso\" \/>\n<meta property=\"og:description\" content=\"S\u00f8m impuls Creiem en un m\u00f3n on la transici\u00f3 energ\u00e8tica no \u00e9s nom\u00e9s una necessitat,sin\u00f3 una oportunitat.Una oportunitat per transformar el marc actual: fer-ho m\u00e9s just, m\u00e9s democr\u00e0tic, m\u00e9s participat. A SAMS\u00d8 no observem el canvi des de la dist\u00e0ncia; Vam n\u00e9ixer amb vocaci\u00f3 transformadora, i ara, despr\u00e9s de la nostra fusi\u00f3 amb Quelea, fem [&hellip;]\" \/>\n<meta property=\"og:url\" content=\"https:\/\/samso.eco\/ca\/som-impuls\/\" \/>\n<meta property=\"og:site_name\" content=\"Samso\" \/>\n<meta property=\"article:modified_time\" content=\"2025-05-13T08:56:27+00:00\" \/>\n<meta name=\"twitter:card\" content=\"summary_large_image\" \/>\n<meta name=\"twitter:label1\" content=\"Temps estimat de lectura\" \/>\n\t<meta name=\"twitter:data1\" content=\"1 minut\" \/>\n<script type=\"application\/ld+json\" class=\"yoast-schema-graph\">{\"@context\":\"https:\\\/\\\/schema.org\",\"@graph\":[{\"@type\":\"WebPage\",\"@id\":\"https:\\\/\\\/samso.eco\\\/ca\\\/som-impuls\\\/\",\"url\":\"https:\\\/\\\/samso.eco\\\/ca\\\/som-impuls\\\/\",\"name\":\"S\u00d8M IMPULS - Samso\",\"isPartOf\":{\"@id\":\"https:\\\/\\\/samso.eco\\\/ca\\\/#website\"},\"datePublished\":\"2025-04-02T20:07:59+00:00\",\"dateModified\":\"2025-05-13T08:56:27+00:00\",\"breadcrumb\":{\"@id\":\"https:\\\/\\\/samso.eco\\\/ca\\\/som-impuls\\\/#breadcrumb\"},\"inLanguage\":\"ca\",\"potentialAction\":[{\"@type\":\"ReadAction\",\"target\":[\"https:\\\/\\\/samso.eco\\\/ca\\\/som-impuls\\\/\"]}]},{\"@type\":\"BreadcrumbList\",\"@id\":\"https:\\\/\\\/samso.eco\\\/ca\\\/som-impuls\\\/#breadcrumb\",\"itemListElement\":[{\"@type\":\"ListItem\",\"position\":1,\"name\":\"Portada\",\"item\":\"https:\\\/\\\/samso.eco\\\/ca\\\/home-2\\\/\"},{\"@type\":\"ListItem\",\"position\":2,\"name\":\"S\u00d8M IMPULS\"}]},{\"@type\":\"WebSite\",\"@id\":\"https:\\\/\\\/samso.eco\\\/ca\\\/#website\",\"url\":\"https:\\\/\\\/samso.eco\\\/ca\\\/\",\"name\":\"Samso\",\"description\":\"Construir contigo un futuro sostenible\",\"publisher\":{\"@id\":\"https:\\\/\\\/samso.eco\\\/ca\\\/#organization\"},\"potentialAction\":[{\"@type\":\"SearchAction\",\"target\":{\"@type\":\"EntryPoint\",\"urlTemplate\":\"https:\\\/\\\/samso.eco\\\/ca\\\/?s={search_term_string}\"},\"query-input\":{\"@type\":\"PropertyValueSpecification\",\"valueRequired\":true,\"valueName\":\"search_term_string\"}}],\"inLanguage\":\"ca\"},{\"@type\":\"Organization\",\"@id\":\"https:\\\/\\\/samso.eco\\\/ca\\\/#organization\",\"name\":\"Samso\",\"url\":\"https:\\\/\\\/samso.eco\\\/ca\\\/\",\"logo\":{\"@type\":\"ImageObject\",\"inLanguage\":\"ca\",\"@id\":\"https:\\\/\\\/samso.eco\\\/ca\\\/#\\\/schema\\\/logo\\\/image\\\/\",\"url\":\"https:\\\/\\\/samso.eco\\\/wp-content\\\/uploads\\\/2024\\\/03\\\/logo-samso-blanco.png\",\"contentUrl\":\"https:\\\/\\\/samso.eco\\\/wp-content\\\/uploads\\\/2024\\\/03\\\/logo-samso-blanco.png\",\"width\":800,\"height\":234,\"caption\":\"Samso\"},\"image\":{\"@id\":\"https:\\\/\\\/samso.eco\\\/ca\\\/#\\\/schema\\\/logo\\\/image\\\/\"}}]}<\/script>\n<!-- \/ Yoast SEO plugin. -->","yoast_head_json":{"title":"S\u00d8M IMPULS - Samso","robots":{"index":"index","follow":"follow","max-snippet":"max-snippet:-1","max-image-preview":"max-image-preview:large","max-video-preview":"max-video-preview:-1"},"canonical":"https:\/\/samso.eco\/ca\/som-impuls\/","og_locale":"ca_ES","og_type":"article","og_title":"S\u00d8M IMPULS - Samso","og_description":"S\u00f8m impuls Creiem en un m\u00f3n on la transici\u00f3 energ\u00e8tica no \u00e9s nom\u00e9s una necessitat,sin\u00f3 una oportunitat.Una oportunitat per transformar el marc actual: fer-ho m\u00e9s just, m\u00e9s democr\u00e0tic, m\u00e9s participat. A SAMS\u00d8 no observem el canvi des de la dist\u00e0ncia; Vam n\u00e9ixer amb vocaci\u00f3 transformadora, i ara, despr\u00e9s de la nostra fusi\u00f3 amb Quelea, fem [&hellip;]","og_url":"https:\/\/samso.eco\/ca\/som-impuls\/","og_site_name":"Samso","article_modified_time":"2025-05-13T08:56:27+00:00","twitter_card":"summary_large_image","twitter_misc":{"Temps estimat de lectura":"1 minut"},"schema":{"@context":"https:\/\/schema.org","@graph":[{"@type":"WebPage","@id":"https:\/\/samso.eco\/ca\/som-impuls\/","url":"https:\/\/samso.eco\/ca\/som-impuls\/","name":"S\u00d8M IMPULS - Samso","isPartOf":{"@id":"https:\/\/samso.eco\/ca\/#website"},"datePublished":"2025-04-02T20:07:59+00:00","dateModified":"2025-05-13T08:56:27+00:00","breadcrumb":{"@id":"https:\/\/samso.eco\/ca\/som-impuls\/#breadcrumb"},"inLanguage":"ca","potentialAction":[{"@type":"ReadAction","target":["https:\/\/samso.eco\/ca\/som-impuls\/"]}]},{"@type":"BreadcrumbList","@id":"https:\/\/samso.eco\/ca\/som-impuls\/#breadcrumb","itemListElement":[{"@type":"ListItem","position":1,"name":"Portada","item":"https:\/\/samso.eco\/ca\/home-2\/"},{"@type":"ListItem","position":2,"name":"S\u00d8M IMPULS"}]},{"@type":"WebSite","@id":"https:\/\/samso.eco\/ca\/#website","url":"https:\/\/samso.eco\/ca\/","name":"Samso","description":"Construir contigo un futuro sostenible","publisher":{"@id":"https:\/\/samso.eco\/ca\/#organization"},"potentialAction":[{"@type":"SearchAction","target":{"@type":"EntryPoint","urlTemplate":"https:\/\/samso.eco\/ca\/?s={search_term_string}"},"query-input":{"@type":"PropertyValueSpecification","valueRequired":true,"valueName":"search_term_string"}}],"inLanguage":"ca"},{"@type":"Organization","@id":"https:\/\/samso.eco\/ca\/#organization","name":"Samso","url":"https:\/\/samso.eco\/ca\/","logo":{"@type":"ImageObject","inLanguage":"ca","@id":"https:\/\/samso.eco\/ca\/#\/schema\/logo\/image\/","url":"https:\/\/samso.eco\/wp-content\/uploads\/2024\/03\/logo-samso-blanco.png","contentUrl":"https:\/\/samso.eco\/wp-content\/uploads\/2024\/03\/logo-samso-blanco.png","width":800,"height":234,"caption":"Samso"},"image":{"@id":"https:\/\/samso.eco\/ca\/#\/schema\/logo\/image\/"}}]}},"_links":{"self":[{"href":"https:\/\/samso.eco\/ca\/wp-json\/wp\/v2\/pages\/2666","targetHints":{"allow":["GET"]}}],"collection":[{"href":"https:\/\/samso.eco\/ca\/wp-json\/wp\/v2\/pages"}],"about":[{"href":"https:\/\/samso.eco\/ca\/wp-json\/wp\/v2\/types\/page"}],"author":[{"embeddable":true,"href":"https:\/\/samso.eco\/ca\/wp-json\/wp\/v2\/users\/2"}],"replies":[{"embeddable":true,"href":"https:\/\/samso.eco\/ca\/wp-json\/wp\/v2\/comments?post=2666"}],"version-history":[{"count":6,"href":"https:\/\/samso.eco\/ca\/wp-json\/wp\/v2\/pages\/2666\/revisions"}],"predecessor-version":[{"id":2855,"href":"https:\/\/samso.eco\/ca\/wp-json\/wp\/v2\/pages\/2666\/revisions\/2855"}],"wp:attachment":[{"href":"https:\/\/samso.eco\/ca\/wp-json\/wp\/v2\/media?parent=2666"}],"curies":[{"name":"wp","href":"https:\/\/api.w.org\/{rel}","templated":true}]}}