{"id":2656,"date":"2025-04-16T15:25:35","date_gmt":"2025-04-16T15:25:35","guid":{"rendered":"https:\/\/samso.eco\/samso-2\/"},"modified":"2025-04-21T18:44:41","modified_gmt":"2025-04-21T18:44:41","slug":"samso-2","status":"publish","type":"page","link":"https:\/\/samso.eco\/ca\/samso-2\/","title":{"rendered":"SAMS\u00d8"},"content":{"rendered":"\t\t<div data-elementor-type=\"wp-page\" data-elementor-id=\"2656\" class=\"elementor elementor-2656 elementor-2436\" data-elementor-post-type=\"page\">\n\t\t\t\t<div class=\"elementor-element elementor-element-7ff09a4 e-con-full e-flex e-con e-parent\" data-id=\"7ff09a4\" data-element_type=\"container\" data-e-type=\"container\" data-settings=\"{&quot;background_background&quot;:&quot;classic&quot;}\">\n\t\t<div class=\"elementor-element elementor-element-60b5be6 e-con-full e-flex e-con e-child\" data-id=\"60b5be6\" data-element_type=\"container\" data-e-type=\"container\">\n\t\t<div class=\"elementor-element elementor-element-1378ef9 e-con-full e-flex e-con e-child\" data-id=\"1378ef9\" data-element_type=\"container\" data-e-type=\"container\">\n\t\t\t\t<div class=\"elementor-element elementor-element-3697760 elementor-widget elementor-widget-image\" data-id=\"3697760\" data-element_type=\"widget\" data-e-type=\"widget\" data-widget_type=\"image.default\">\n\t\t\t\t<div class=\"elementor-widget-container\">\n\t\t\t\t\t\t\t\t\t\t\t\t\t\t\t<img fetchpriority=\"high\" decoding=\"async\" width=\"340\" height=\"647\" src=\"https:\/\/samso.eco\/wp-content\/uploads\/2024\/03\/isla-samso.png\" class=\"attachment-full size-full wp-image-638\" alt=\"\" srcset=\"https:\/\/samso.eco\/wp-content\/uploads\/2024\/03\/isla-samso.png 340w, https:\/\/samso.eco\/wp-content\/uploads\/2024\/03\/isla-samso-158x300.png 158w, https:\/\/samso.eco\/wp-content\/uploads\/2024\/03\/isla-samso-79x150.png 79w\" sizes=\"(max-width: 340px) 100vw, 340px\" \/>\t\t\t\t\t\t\t\t\t\t\t\t\t\t\t<\/div>\n\t\t\t\t<\/div>\n\t\t\t\t<\/div>\n\t\t<div class=\"elementor-element elementor-element-f9d9ac1 e-flex e-con-boxed e-con e-child\" data-id=\"f9d9ac1\" data-element_type=\"container\" data-e-type=\"container\">\n\t\t\t\t\t<div class=\"e-con-inner\">\n\t\t\t\t<div class=\"elementor-element elementor-element-13c0266 elementor-widget elementor-widget-text-editor\" data-id=\"13c0266\" data-element_type=\"widget\" data-e-type=\"widget\" data-widget_type=\"text-editor.default\">\n\t\t\t\t<div class=\"elementor-widget-container\">\n\t\t\t\t\t\t\t\t\t<p>Sams\u00f8 \u00e9s una illa danesa que avui dia produeix amb renovables m\u00e9s energia de la que necessiten, l&#8217;exporta a la resta de Dinamarca i gr\u00e0cies a aix\u00f2 obt\u00e9 un retorn per al territori i a la seva gent.<\/p>\t\t\t\t\t\t\t\t<\/div>\n\t\t\t\t<\/div>\n\t\t\t\t<div class=\"elementor-element elementor-element-e1fca8a elementor-widget elementor-widget-text-editor\" data-id=\"e1fca8a\" data-element_type=\"widget\" data-e-type=\"widget\" data-widget_type=\"text-editor.default\">\n\t\t\t\t<div class=\"elementor-widget-container\">\n\t\t\t\t\t\t\t\t\t<p>Per a nosaltres representa un bon exemple de transici\u00f3 energ\u00e8tica justa, democr\u00e0tica i distribu\u00efda. Sams\u00f3 \u00e9s al seu torn la denominaci\u00f3 d&#8217;una varietat de ra\u00efm mediterrani molt com\u00fa i resistent. Representa el nostre comprom\u00eds amb el territori, el local i el concret. Tot aix\u00f2 reflecteix la nostra vocaci\u00f3 d&#8217;equilibri: entre idealisme i pragmatisme, entre utopia i realitat, entre renovables i territori.<\/p>\t\t\t\t\t\t\t\t<\/div>\n\t\t\t\t<\/div>\n\t\t\t\t\t<\/div>\n\t\t\t\t<\/div>\n\t\t\t\t<\/div>\n\t\t\t\t<\/div>\n\t\t<div class=\"elementor-element elementor-element-7a7c5b0 e-flex e-con-boxed e-con e-parent\" data-id=\"7a7c5b0\" data-element_type=\"container\" data-e-type=\"container\" data-settings=\"{&quot;background_background&quot;:&quot;classic&quot;}\">\n\t\t\t\t\t<div class=\"e-con-inner\">\n\t\t<div class=\"elementor-element elementor-element-eaa38d1 e-con-full e-flex e-con e-child\" data-id=\"eaa38d1\" data-element_type=\"container\" data-e-type=\"container\">\n\t\t\t\t<div class=\"elementor-element elementor-element-2ddfff0 elementor-widget elementor-widget-text-editor\" data-id=\"2ddfff0\" data-element_type=\"widget\" data-e-type=\"widget\" data-widget_type=\"text-editor.default\">\n\t\t\t\t<div class=\"elementor-widget-container\">\n\t\t\t\t\t\t\t\t\t<p>Som una consultora energ\u00e8tica de core legal integral, amb oficina t\u00e8cnica pr\u00f2pia i capacitat d\u201fincid\u00e8ncia estrat\u00e8gica, que converteix la transici\u00f3 energ\u00e8tica en una realitat justa, participada i transformadora.<\/p>\t\t\t\t\t\t\t\t<\/div>\n\t\t\t\t<\/div>\n\t\t\t\t<div class=\"elementor-element elementor-element-f9512f1 elementor-widget elementor-widget-text-editor\" data-id=\"f9512f1\" data-element_type=\"widget\" data-e-type=\"widget\" data-widget_type=\"text-editor.default\">\n\t\t\t\t<div class=\"elementor-widget-container\">\n\t\t\t\t\t\t\t\t\t<p class=\"\" data-start=\"225\" data-end=\"562\">SAMS\u00d8 \u00e9s una consultora especialitzada en el sector energ\u00e8tic que ofereix una proposta integral \u00fanica: <strong>equip legal, oficina t\u00e8cnica pr\u00f2pia i incid\u00e8ncia en mat\u00e8ria normativa i de pol\u00edtiques p\u00fabliques<\/strong>. Acompanyem la transici\u00f3 energ\u00e8tica amb garanties jur\u00eddiques, solv\u00e8ncia t\u00e8cnica i capacitat real de transformaci\u00f3 a les pol\u00edtiques p\u00fabliques. <\/p><p class=\"\" data-start=\"564\" data-end=\"886\">Creiem en una transici\u00f3 <strong data-start=\"590\" data-end=\"626\">justa, distribu\u00efda i participada<\/strong>, fidel als valors originals de les energies renovables, per\u00f2 amb l&#8217;ambici\u00f3 i la coher\u00e8ncia que exigeix \u200b\u200bl&#8217;actual crisi clim\u00e0tica. Apostem per una descarbonitzaci\u00f3 valenta i transformadora al servei d&#8217;un futur m\u00e9s sostenible, democr\u00e0tic i compartit. <\/p><p class=\"\" data-start=\"888\" data-end=\"1196\">Treballem amb actors p\u00fablics i privats per impulsar projectes amb visi\u00f3 global i aplicaci\u00f3 local. Coneixem a fons la normativa, les tecnologies, els models de negoci i els seus impactes. Per\u00f2, sobretot, <strong data-start=\"1099\" data-end=\"1119\">sabem escoltar<\/strong> i aplicar aquest coneixement a cada cas concret, amb proximitat i comprom\u00eds.  <\/p><p class=\"\" data-start=\"1198\" data-end=\"1343\">A SAMS\u00d8, <strong>convertim la visi\u00f3 en acci\u00f3 i el comprom\u00eds en solucions<\/strong>, entenent que la transici\u00f3 energ\u00e8tica \u00e9s una oportunitat col\u00b7lectiva per avan\u00e7ar.<\/p>\t\t\t\t\t\t\t\t<\/div>\n\t\t\t\t<\/div>\n\t\t\t\t<\/div>\n\t\t<div class=\"elementor-element elementor-element-ad99530 e-flex e-con-boxed e-con e-child\" data-id=\"ad99530\" data-element_type=\"container\" data-e-type=\"container\">\n\t\t\t\t\t<div class=\"e-con-inner\">\n\t\t\t\t<div class=\"elementor-element elementor-element-88daaf9 elementor-widget elementor-widget-image\" data-id=\"88daaf9\" data-element_type=\"widget\" data-e-type=\"widget\" data-widget_type=\"image.default\">\n\t\t\t\t<div class=\"elementor-widget-container\">\n\t\t\t\t\t\t\t\t\t\t\t\t\t\t\t<img decoding=\"async\" width=\"1080\" height=\"1080\" src=\"https:\/\/samso.eco\/wp-content\/uploads\/2024\/03\/simbol.gif\" class=\"attachment-full size-full wp-image-616\" alt=\"\" \/>\t\t\t\t\t\t\t\t\t\t\t\t\t\t\t<\/div>\n\t\t\t\t<\/div>\n\t\t\t\t\t<\/div>\n\t\t\t\t<\/div>\n\t\t\t\t\t<\/div>\n\t\t\t\t<\/div>\n\t\t<div class=\"elementor-element elementor-element-38770e8 e-flex e-con-boxed e-con e-parent\" data-id=\"38770e8\" data-element_type=\"container\" data-e-type=\"container\" data-settings=\"{&quot;background_background&quot;:&quot;classic&quot;}\">\n\t\t\t\t\t<div class=\"e-con-inner\">\n\t\t\t\t<div class=\"elementor-element elementor-element-26ed520 elementor-widget elementor-widget-heading\" data-id=\"26ed520\" data-element_type=\"widget\" data-e-type=\"widget\" data-widget_type=\"heading.default\">\n\t\t\t\t<div class=\"elementor-widget-container\">\n\t\t\t\t\t<h2 class=\"elementor-heading-title elementor-size-default\">C\u00d8NECTATS<\/h2>\t\t\t\t<\/div>\n\t\t\t\t<\/div>\n\t\t\t\t<div class=\"elementor-element elementor-element-4f1c74a elementor-widget elementor-widget-text-editor\" data-id=\"4f1c74a\" data-element_type=\"widget\" data-e-type=\"widget\" data-widget_type=\"text-editor.default\">\n\t\t\t\t<div class=\"elementor-widget-container\">\n\t\t\t\t\t\t\t\t\t<div><div class=\"elementToProof\" style=\"text-align: center;\">Sams\u00f8 forma part del sector energ\u00e8tic, de les associacions i actors que aposten per la transici\u00f3 energ\u00e8tica. \u00c9s per aix\u00f2 que formem part de: \u00c9s per aix\u00f2 que formem part de:<\/div><\/div>\t\t\t\t\t\t\t\t<\/div>\n\t\t\t\t<\/div>\n\t\t<div class=\"elementor-element elementor-element-d8a7616 e-con-full e-flex e-con e-child\" data-id=\"d8a7616\" data-element_type=\"container\" data-e-type=\"container\">\n\t\t<div class=\"elementor-element elementor-element-f15d2cc e-con-full e-flex e-con e-child\" data-id=\"f15d2cc\" data-element_type=\"container\" data-e-type=\"container\">\n\t\t\t\t<\/div>\n\t\t<div class=\"elementor-element elementor-element-75bbe6b e-con-full e-flex e-con e-child\" data-id=\"75bbe6b\" data-element_type=\"container\" data-e-type=\"container\">\n\t\t\t\t<div class=\"elementor-element elementor-element-16c8ff2 elementor-widget elementor-widget-image\" data-id=\"16c8ff2\" data-element_type=\"widget\" data-e-type=\"widget\" data-widget_type=\"image.default\">\n\t\t\t\t<div class=\"elementor-widget-container\">\n\t\t\t\t\t\t\t\t\t\t\t\t\t\t\t\t<a href=\"https:\/\/www.unef.es\/\" target=\"_blank\">\n\t\t\t\t\t\t\t<img decoding=\"async\" width=\"700\" height=\"420\" src=\"https:\/\/samso.eco\/wp-content\/uploads\/2024\/07\/logo_unef.png\" class=\"attachment-full size-full wp-image-1021\" alt=\"\" srcset=\"https:\/\/samso.eco\/wp-content\/uploads\/2024\/07\/logo_unef.png 700w, https:\/\/samso.eco\/wp-content\/uploads\/2024\/07\/logo_unef-300x180.png 300w, https:\/\/samso.eco\/wp-content\/uploads\/2024\/07\/logo_unef-150x90.png 150w\" sizes=\"(max-width: 700px) 100vw, 700px\" \/>\t\t\t\t\t\t\t\t<\/a>\n\t\t\t\t\t\t\t\t\t\t\t\t\t\t\t<\/div>\n\t\t\t\t<\/div>\n\t\t\t\t<\/div>\n\t\t<div class=\"elementor-element elementor-element-eaad771 e-con-full e-flex e-con e-child\" data-id=\"eaad771\" data-element_type=\"container\" data-e-type=\"container\">\n\t\t\t\t<div class=\"elementor-element elementor-element-62ba3f3 elementor-widget elementor-widget-image\" data-id=\"62ba3f3\" data-element_type=\"widget\" data-e-type=\"widget\" data-widget_type=\"image.default\">\n\t\t\t\t<div class=\"elementor-widget-container\">\n\t\t\t\t\t\t\t\t\t\t\t\t\t\t\t\t<a href=\"https:\/\/clusterenergia.cat\/\" target=\"_blank\">\n\t\t\t\t\t\t\t<img loading=\"lazy\" decoding=\"async\" width=\"700\" height=\"420\" src=\"https:\/\/samso.eco\/wp-content\/uploads\/2024\/07\/logo_ceec.png\" class=\"attachment-full size-full wp-image-1015\" alt=\"\" srcset=\"https:\/\/samso.eco\/wp-content\/uploads\/2024\/07\/logo_ceec.png 700w, https:\/\/samso.eco\/wp-content\/uploads\/2024\/07\/logo_ceec-300x180.png 300w, https:\/\/samso.eco\/wp-content\/uploads\/2024\/07\/logo_ceec-150x90.png 150w\" sizes=\"(max-width: 700px) 100vw, 700px\" \/>\t\t\t\t\t\t\t\t<\/a>\n\t\t\t\t\t\t\t\t\t\t\t\t\t\t\t<\/div>\n\t\t\t\t<\/div>\n\t\t\t\t<\/div>\n\t\t<div class=\"elementor-element elementor-element-d88bd2a e-con-full e-flex e-con e-child\" data-id=\"d88bd2a\" data-element_type=\"container\" data-e-type=\"container\">\n\t\t\t\t<\/div>\n\t\t\t\t<\/div>\n\t\t\t\t\t<\/div>\n\t\t\t\t<\/div>\n\t\t<div class=\"elementor-element elementor-element-7892105 e-flex e-con-boxed e-con e-parent\" data-id=\"7892105\" data-element_type=\"container\" data-e-type=\"container\" data-settings=\"{&quot;background_background&quot;:&quot;classic&quot;}\">\n\t\t\t\t\t<div class=\"e-con-inner\">\n\t\t<div class=\"elementor-element elementor-element-8c6f4ec e-flex e-con-boxed e-con e-child\" data-id=\"8c6f4ec\" data-element_type=\"container\" data-e-type=\"container\">\n\t\t\t\t\t<div class=\"e-con-inner\">\n\t\t<div class=\"elementor-element elementor-element-5b80ad2 e-flex e-con-boxed e-con e-child\" data-id=\"5b80ad2\" data-element_type=\"container\" data-e-type=\"container\">\n\t\t\t\t\t<div class=\"e-con-inner\">\n\t\t\t\t<div class=\"elementor-element elementor-element-80ff365 elementor-widget elementor-widget-image\" data-id=\"80ff365\" data-element_type=\"widget\" data-e-type=\"widget\" data-widget_type=\"image.default\">\n\t\t\t\t<div class=\"elementor-widget-container\">\n\t\t\t\t\t\t\t\t\t\t\t\t\t\t\t<img loading=\"lazy\" decoding=\"async\" width=\"450\" height=\"450\" src=\"https:\/\/samso.eco\/wp-content\/uploads\/2024\/03\/picto-planeta.png\" class=\"attachment-full size-full wp-image-644\" alt=\"\" srcset=\"https:\/\/samso.eco\/wp-content\/uploads\/2024\/03\/picto-planeta.png 450w, https:\/\/samso.eco\/wp-content\/uploads\/2024\/03\/picto-planeta-300x300.png 300w, https:\/\/samso.eco\/wp-content\/uploads\/2024\/03\/picto-planeta-150x150.png 150w\" sizes=\"(max-width: 450px) 100vw, 450px\" \/>\t\t\t\t\t\t\t\t\t\t\t\t\t\t\t<\/div>\n\t\t\t\t<\/div>\n\t\t\t\t<div class=\"elementor-element elementor-element-f3b8b64 elementor-widget elementor-widget-text-editor\" data-id=\"f3b8b64\" data-element_type=\"widget\" data-e-type=\"widget\" data-widget_type=\"text-editor.default\">\n\t\t\t\t<div class=\"elementor-widget-container\">\n\t\t\t\t\t\t\t\t\tPLANETA\t\t\t\t\t\t\t\t<\/div>\n\t\t\t\t<\/div>\n\t\t\t\t\t<\/div>\n\t\t\t\t<\/div>\n\t\t<div class=\"elementor-element elementor-element-2605a1e e-flex e-con-boxed e-con e-child\" data-id=\"2605a1e\" data-element_type=\"container\" data-e-type=\"container\">\n\t\t\t\t\t<div class=\"e-con-inner\">\n\t\t\t\t<div class=\"elementor-element elementor-element-c3588e8 elementor-widget elementor-widget-image\" data-id=\"c3588e8\" data-element_type=\"widget\" data-e-type=\"widget\" data-widget_type=\"image.default\">\n\t\t\t\t<div class=\"elementor-widget-container\">\n\t\t\t\t\t\t\t\t\t\t\t\t\t\t\t<img loading=\"lazy\" decoding=\"async\" width=\"450\" height=\"450\" src=\"https:\/\/samso.eco\/wp-content\/uploads\/2024\/03\/picto-energia.png\" class=\"attachment-large size-large wp-image-646\" alt=\"\" srcset=\"https:\/\/samso.eco\/wp-content\/uploads\/2024\/03\/picto-energia.png 450w, https:\/\/samso.eco\/wp-content\/uploads\/2024\/03\/picto-energia-300x300.png 300w, https:\/\/samso.eco\/wp-content\/uploads\/2024\/03\/picto-energia-150x150.png 150w\" sizes=\"(max-width: 450px) 100vw, 450px\" \/>\t\t\t\t\t\t\t\t\t\t\t\t\t\t\t<\/div>\n\t\t\t\t<\/div>\n\t\t\t\t<div class=\"elementor-element elementor-element-d0395d3 elementor-widget elementor-widget-text-editor\" data-id=\"d0395d3\" data-element_type=\"widget\" data-e-type=\"widget\" data-widget_type=\"text-editor.default\">\n\t\t\t\t<div class=\"elementor-widget-container\">\n\t\t\t\t\t\t\t\t\tENERGIA\t\t\t\t\t\t\t\t<\/div>\n\t\t\t\t<\/div>\n\t\t\t\t\t<\/div>\n\t\t\t\t<\/div>\n\t\t<div class=\"elementor-element elementor-element-77eaa02 e-flex e-con-boxed e-con e-child\" data-id=\"77eaa02\" data-element_type=\"container\" data-e-type=\"container\">\n\t\t\t\t\t<div class=\"e-con-inner\">\n\t\t\t\t<div class=\"elementor-element elementor-element-338afad elementor-widget elementor-widget-image\" data-id=\"338afad\" data-element_type=\"widget\" data-e-type=\"widget\" data-widget_type=\"image.default\">\n\t\t\t\t<div class=\"elementor-widget-container\">\n\t\t\t\t\t\t\t\t\t\t\t\t\t\t\t<img loading=\"lazy\" decoding=\"async\" width=\"450\" height=\"450\" src=\"https:\/\/samso.eco\/wp-content\/uploads\/2024\/03\/picto-derecho.png\" class=\"attachment-large size-large wp-image-650\" alt=\"\" srcset=\"https:\/\/samso.eco\/wp-content\/uploads\/2024\/03\/picto-derecho.png 450w, https:\/\/samso.eco\/wp-content\/uploads\/2024\/03\/picto-derecho-300x300.png 300w, https:\/\/samso.eco\/wp-content\/uploads\/2024\/03\/picto-derecho-150x150.png 150w\" sizes=\"(max-width: 450px) 100vw, 450px\" \/>\t\t\t\t\t\t\t\t\t\t\t\t\t\t\t<\/div>\n\t\t\t\t<\/div>\n\t\t\t\t<div class=\"elementor-element elementor-element-063cfa6 elementor-widget elementor-widget-text-editor\" data-id=\"063cfa6\" data-element_type=\"widget\" data-e-type=\"widget\" data-widget_type=\"text-editor.default\">\n\t\t\t\t<div class=\"elementor-widget-container\">\n\t\t\t\t\t\t\t\t\tDRET\t\t\t\t\t\t\t\t<\/div>\n\t\t\t\t<\/div>\n\t\t\t\t\t<\/div>\n\t\t\t\t<\/div>\n\t\t<div class=\"elementor-element elementor-element-e168f4a e-flex e-con-boxed e-con e-child\" data-id=\"e168f4a\" data-element_type=\"container\" data-e-type=\"container\">\n\t\t\t\t\t<div class=\"e-con-inner\">\n\t\t\t\t<div class=\"elementor-element elementor-element-4216a3f elementor-widget elementor-widget-image\" data-id=\"4216a3f\" data-element_type=\"widget\" data-e-type=\"widget\" data-widget_type=\"image.default\">\n\t\t\t\t<div class=\"elementor-widget-container\">\n\t\t\t\t\t\t\t\t\t\t\t\t\t\t\t<img loading=\"lazy\" decoding=\"async\" width=\"450\" height=\"450\" src=\"https:\/\/samso.eco\/wp-content\/uploads\/2024\/03\/picto-futuro.png\" class=\"attachment-large size-large wp-image-648\" alt=\"\" srcset=\"https:\/\/samso.eco\/wp-content\/uploads\/2024\/03\/picto-futuro.png 450w, https:\/\/samso.eco\/wp-content\/uploads\/2024\/03\/picto-futuro-300x300.png 300w, https:\/\/samso.eco\/wp-content\/uploads\/2024\/03\/picto-futuro-150x150.png 150w\" sizes=\"(max-width: 450px) 100vw, 450px\" \/>\t\t\t\t\t\t\t\t\t\t\t\t\t\t\t<\/div>\n\t\t\t\t<\/div>\n\t\t\t\t<div class=\"elementor-element elementor-element-f179c9e elementor-widget elementor-widget-text-editor\" data-id=\"f179c9e\" data-element_type=\"widget\" data-e-type=\"widget\" data-widget_type=\"text-editor.default\">\n\t\t\t\t<div class=\"elementor-widget-container\">\n\t\t\t\t\t\t\t\t\tFUTUR\t\t\t\t\t\t\t\t<\/div>\n\t\t\t\t<\/div>\n\t\t\t\t\t<\/div>\n\t\t\t\t<\/div>\n\t\t\t\t\t<\/div>\n\t\t\t\t<\/div>\n\t\t\t\t\t<\/div>\n\t\t\t\t<\/div>\n\t\t\t\t<\/div>\n\t\t","protected":false},"excerpt":{"rendered":"<p>Sams\u00f8 \u00e9s una illa danesa que avui dia produeix amb renovables m\u00e9s energia de la que necessiten, l&#8217;exporta a la resta de Dinamarca i gr\u00e0cies a aix\u00f2 obt\u00e9 un retorn per al territori i a la seva gent. Per a nosaltres representa un bon exemple de transici\u00f3 energ\u00e8tica justa, democr\u00e0tica i distribu\u00efda. Sams\u00f3 \u00e9s al [&hellip;]<\/p>\n","protected":false},"author":2,"featured_media":0,"parent":0,"menu_order":0,"comment_status":"closed","ping_status":"closed","template":"","meta":{"footnotes":""},"class_list":["post-2656","page","type-page","status-publish","hentry"],"yoast_head":"<!-- This site is optimized with the Yoast SEO plugin v27.1.1 - https:\/\/yoast.com\/product\/yoast-seo-wordpress\/ -->\n<title>SAMS\u00d8 - Samso<\/title>\n<meta name=\"robots\" content=\"index, follow, max-snippet:-1, max-image-preview:large, max-video-preview:-1\" \/>\n<link rel=\"canonical\" href=\"https:\/\/samso.eco\/ca\/samso-2\/\" \/>\n<meta property=\"og:locale\" content=\"ca_ES\" \/>\n<meta property=\"og:type\" content=\"article\" \/>\n<meta property=\"og:title\" content=\"SAMS\u00d8 - Samso\" \/>\n<meta property=\"og:description\" content=\"Sams\u00f8 \u00e9s una illa danesa que avui dia produeix amb renovables m\u00e9s energia de la que necessiten, l&#8217;exporta a la resta de Dinamarca i gr\u00e0cies a aix\u00f2 obt\u00e9 un retorn per al territori i a la seva gent. Per a nosaltres representa un bon exemple de transici\u00f3 energ\u00e8tica justa, democr\u00e0tica i distribu\u00efda. Sams\u00f3 \u00e9s al [&hellip;]\" \/>\n<meta property=\"og:url\" content=\"https:\/\/samso.eco\/ca\/samso-2\/\" \/>\n<meta property=\"og:site_name\" content=\"Samso\" \/>\n<meta property=\"article:modified_time\" content=\"2025-04-21T18:44:41+00:00\" \/>\n<meta property=\"og:image\" content=\"https:\/\/samso.eco\/wp-content\/uploads\/2024\/03\/isla-samso.png\" \/>\n\t<meta property=\"og:image:width\" content=\"340\" \/>\n\t<meta property=\"og:image:height\" content=\"647\" \/>\n\t<meta property=\"og:image:type\" content=\"image\/png\" \/>\n<meta name=\"twitter:card\" content=\"summary_large_image\" \/>\n<meta name=\"twitter:label1\" content=\"Temps estimat de lectura\" \/>\n\t<meta name=\"twitter:data1\" content=\"2 minuts\" \/>\n<script type=\"application\/ld+json\" class=\"yoast-schema-graph\">{\"@context\":\"https:\/\/schema.org\",\"@graph\":[{\"@type\":\"WebPage\",\"@id\":\"https:\/\/samso.eco\/ca\/samso-2\/\",\"url\":\"https:\/\/samso.eco\/ca\/samso-2\/\",\"name\":\"SAMS\u00d8 - Samso\",\"isPartOf\":{\"@id\":\"https:\/\/samso.eco\/ca\/#website\"},\"primaryImageOfPage\":{\"@id\":\"https:\/\/samso.eco\/ca\/samso-2\/#primaryimage\"},\"image\":{\"@id\":\"https:\/\/samso.eco\/ca\/samso-2\/#primaryimage\"},\"thumbnailUrl\":\"https:\/\/samso.eco\/wp-content\/uploads\/2024\/03\/isla-samso.png\",\"datePublished\":\"2025-04-16T15:25:35+00:00\",\"dateModified\":\"2025-04-21T18:44:41+00:00\",\"breadcrumb\":{\"@id\":\"https:\/\/samso.eco\/ca\/samso-2\/#breadcrumb\"},\"inLanguage\":\"ca\",\"potentialAction\":[{\"@type\":\"ReadAction\",\"target\":[\"https:\/\/samso.eco\/ca\/samso-2\/\"]}]},{\"@type\":\"ImageObject\",\"inLanguage\":\"ca\",\"@id\":\"https:\/\/samso.eco\/ca\/samso-2\/#primaryimage\",\"url\":\"https:\/\/samso.eco\/wp-content\/uploads\/2024\/03\/isla-samso.png\",\"contentUrl\":\"https:\/\/samso.eco\/wp-content\/uploads\/2024\/03\/isla-samso.png\"},{\"@type\":\"BreadcrumbList\",\"@id\":\"https:\/\/samso.eco\/ca\/samso-2\/#breadcrumb\",\"itemListElement\":[{\"@type\":\"ListItem\",\"position\":1,\"name\":\"Portada\",\"item\":\"https:\/\/samso.eco\/ca\/home-2\/\"},{\"@type\":\"ListItem\",\"position\":2,\"name\":\"SAMS\u00d8\"}]},{\"@type\":\"WebSite\",\"@id\":\"https:\/\/samso.eco\/ca\/#website\",\"url\":\"https:\/\/samso.eco\/ca\/\",\"name\":\"Samso\",\"description\":\"Construir contigo un futuro sostenible\",\"publisher\":{\"@id\":\"https:\/\/samso.eco\/ca\/#organization\"},\"potentialAction\":[{\"@type\":\"SearchAction\",\"target\":{\"@type\":\"EntryPoint\",\"urlTemplate\":\"https:\/\/samso.eco\/ca\/?s={search_term_string}\"},\"query-input\":{\"@type\":\"PropertyValueSpecification\",\"valueRequired\":true,\"valueName\":\"search_term_string\"}}],\"inLanguage\":\"ca\"},{\"@type\":\"Organization\",\"@id\":\"https:\/\/samso.eco\/ca\/#organization\",\"name\":\"Samso\",\"url\":\"https:\/\/samso.eco\/ca\/\",\"logo\":{\"@type\":\"ImageObject\",\"inLanguage\":\"ca\",\"@id\":\"https:\/\/samso.eco\/ca\/#\/schema\/logo\/image\/\",\"url\":\"https:\/\/samso.eco\/wp-content\/uploads\/2024\/03\/logo-samso-blanco.png\",\"contentUrl\":\"https:\/\/samso.eco\/wp-content\/uploads\/2024\/03\/logo-samso-blanco.png\",\"width\":800,\"height\":234,\"caption\":\"Samso\"},\"image\":{\"@id\":\"https:\/\/samso.eco\/ca\/#\/schema\/logo\/image\/\"}}]}<\/script>\n<!-- \/ Yoast SEO plugin. -->","yoast_head_json":{"title":"SAMS\u00d8 - Samso","robots":{"index":"index","follow":"follow","max-snippet":"max-snippet:-1","max-image-preview":"max-image-preview:large","max-video-preview":"max-video-preview:-1"},"canonical":"https:\/\/samso.eco\/ca\/samso-2\/","og_locale":"ca_ES","og_type":"article","og_title":"SAMS\u00d8 - Samso","og_description":"Sams\u00f8 \u00e9s una illa danesa que avui dia produeix amb renovables m\u00e9s energia de la que necessiten, l&#8217;exporta a la resta de Dinamarca i gr\u00e0cies a aix\u00f2 obt\u00e9 un retorn per al territori i a la seva gent. Per a nosaltres representa un bon exemple de transici\u00f3 energ\u00e8tica justa, democr\u00e0tica i distribu\u00efda. Sams\u00f3 \u00e9s al [&hellip;]","og_url":"https:\/\/samso.eco\/ca\/samso-2\/","og_site_name":"Samso","article_modified_time":"2025-04-21T18:44:41+00:00","og_image":[{"width":340,"height":647,"url":"https:\/\/samso.eco\/wp-content\/uploads\/2024\/03\/isla-samso.png","type":"image\/png"}],"twitter_card":"summary_large_image","twitter_misc":{"Temps estimat de lectura":"2 minuts"},"schema":{"@context":"https:\/\/schema.org","@graph":[{"@type":"WebPage","@id":"https:\/\/samso.eco\/ca\/samso-2\/","url":"https:\/\/samso.eco\/ca\/samso-2\/","name":"SAMS\u00d8 - Samso","isPartOf":{"@id":"https:\/\/samso.eco\/ca\/#website"},"primaryImageOfPage":{"@id":"https:\/\/samso.eco\/ca\/samso-2\/#primaryimage"},"image":{"@id":"https:\/\/samso.eco\/ca\/samso-2\/#primaryimage"},"thumbnailUrl":"https:\/\/samso.eco\/wp-content\/uploads\/2024\/03\/isla-samso.png","datePublished":"2025-04-16T15:25:35+00:00","dateModified":"2025-04-21T18:44:41+00:00","breadcrumb":{"@id":"https:\/\/samso.eco\/ca\/samso-2\/#breadcrumb"},"inLanguage":"ca","potentialAction":[{"@type":"ReadAction","target":["https:\/\/samso.eco\/ca\/samso-2\/"]}]},{"@type":"ImageObject","inLanguage":"ca","@id":"https:\/\/samso.eco\/ca\/samso-2\/#primaryimage","url":"https:\/\/samso.eco\/wp-content\/uploads\/2024\/03\/isla-samso.png","contentUrl":"https:\/\/samso.eco\/wp-content\/uploads\/2024\/03\/isla-samso.png"},{"@type":"BreadcrumbList","@id":"https:\/\/samso.eco\/ca\/samso-2\/#breadcrumb","itemListElement":[{"@type":"ListItem","position":1,"name":"Portada","item":"https:\/\/samso.eco\/ca\/home-2\/"},{"@type":"ListItem","position":2,"name":"SAMS\u00d8"}]},{"@type":"WebSite","@id":"https:\/\/samso.eco\/ca\/#website","url":"https:\/\/samso.eco\/ca\/","name":"Samso","description":"Construir contigo un futuro sostenible","publisher":{"@id":"https:\/\/samso.eco\/ca\/#organization"},"potentialAction":[{"@type":"SearchAction","target":{"@type":"EntryPoint","urlTemplate":"https:\/\/samso.eco\/ca\/?s={search_term_string}"},"query-input":{"@type":"PropertyValueSpecification","valueRequired":true,"valueName":"search_term_string"}}],"inLanguage":"ca"},{"@type":"Organization","@id":"https:\/\/samso.eco\/ca\/#organization","name":"Samso","url":"https:\/\/samso.eco\/ca\/","logo":{"@type":"ImageObject","inLanguage":"ca","@id":"https:\/\/samso.eco\/ca\/#\/schema\/logo\/image\/","url":"https:\/\/samso.eco\/wp-content\/uploads\/2024\/03\/logo-samso-blanco.png","contentUrl":"https:\/\/samso.eco\/wp-content\/uploads\/2024\/03\/logo-samso-blanco.png","width":800,"height":234,"caption":"Samso"},"image":{"@id":"https:\/\/samso.eco\/ca\/#\/schema\/logo\/image\/"}}]}},"_links":{"self":[{"href":"https:\/\/samso.eco\/ca\/wp-json\/wp\/v2\/pages\/2656","targetHints":{"allow":["GET"]}}],"collection":[{"href":"https:\/\/samso.eco\/ca\/wp-json\/wp\/v2\/pages"}],"about":[{"href":"https:\/\/samso.eco\/ca\/wp-json\/wp\/v2\/types\/page"}],"author":[{"embeddable":true,"href":"https:\/\/samso.eco\/ca\/wp-json\/wp\/v2\/users\/2"}],"replies":[{"embeddable":true,"href":"https:\/\/samso.eco\/ca\/wp-json\/wp\/v2\/comments?post=2656"}],"version-history":[{"count":1,"href":"https:\/\/samso.eco\/ca\/wp-json\/wp\/v2\/pages\/2656\/revisions"}],"predecessor-version":[{"id":2657,"href":"https:\/\/samso.eco\/ca\/wp-json\/wp\/v2\/pages\/2656\/revisions\/2657"}],"wp:attachment":[{"href":"https:\/\/samso.eco\/ca\/wp-json\/wp\/v2\/media?parent=2656"}],"curies":[{"name":"wp","href":"https:\/\/api.w.org\/{rel}","templated":true}]}}